{"id":18636,"date":"2025-07-16T10:59:43","date_gmt":"2025-07-16T08:59:43","guid":{"rendered":"https:\/\/uj.adatbank.ro\/lexikon\/termek\/popovici-sandu-popa-sandu-popp-alexandru-sandu-popa-din-iernuteni\/"},"modified":"2025-07-16T10:59:43","modified_gmt":"2025-07-16T08:59:43","slug":"popovici-sandu-popa-sandu-popp-alexandru-sandu-popa-din-iernuteni","status":"publish","type":"product","link":"https:\/\/uj.adatbank.ro\/lexikon\/termek\/popovici-sandu-popa-sandu-popp-alexandru-sandu-popa-din-iernuteni\/","title":{"rendered":"POPOVICI Sandu; Popa Sandu; Popp Alexandru; Sandu Popa din Iernu\u0163eni"},"content":{"rendered":"<p>18. sz. v\u00e9ge \u2020 19. sz. eleje: fest\u0151., pl\u00e9b\u00e1nos \u2013 Ioan Bob p\u00fcsp\u00f6k Radn\u00f3tf\u00e1j\u00e1ra helyezte szolg\u00e1lni (1810. j\u00fan. 25.- 35. m\u00e9g szolg\u00e1lt, de 1842-ben m\u00e1r nem). \u00c1ll\u00edt\u00f3lag abban az id\u0151ben volt egy \u00fcvegfest\u0151 iskola R\u00e9genben. Neve egy ratosnyai faikon al\u00e1\u00edr\u00e1s\u00e1b\u00f3l ismert, a k\u00e9p Szent Mikl\u00f3st \u00e1br\u00e1zolja (1808) \u00dcvegre festette ikonjai: g\u00f6rg\u00e9nyn\u00e1dasi Szt. Mikl\u00f3s fatemplomban (1806), a ratosnyai Szt. Mikl\u00f3s fatemplom falain (1808. febr. 14.), a petelei tatemplomban maradtak fenn (1833).Ismeretesek m\u00e9g ikonjai \u00e9s falfestm\u00e9nyei az eg\u00e9sz Maros v\u00f6lgy\u00e9ben, f\u00f6leg Marosligeten \u00e9s D\u00e9dabisztratelepen.(1850. k\u00f6r\u00fcl), a gyergy\u00f3alfalui \u00fcvegikont is neki tulajdon\u00edtj\u00e1k. <br \/><strong>Irod.:<\/strong> Dobozi; Man; Man Eugen: Un vechi de arhitectur\u0103 rom\u00e2neasc\u0103 din zona Reghinului: Biserica de lemn din Petelea\u201d (Reghinul cultural, 7, 2004); Mihu, Elena: Popa Sandu din Iernu\u0163eni, iconar, copist \u015fi compactor (Gazeta Reghinului, nr. 1., ian. 1996); Todea 2013<\/br><\/p>\n","protected":false},"excerpt":{"rendered":"<p>18. sz. v\u00e9ge \u2020 19. sz. eleje: fest\u0151., pl\u00e9b\u00e1nos \u2013 Ioan Bob p\u00fcsp\u00f6k Radn\u00f3tf\u00e1j\u00e1ra helyezte szolg\u00e1lni (1810. j\u00fan. 25.- 35. m\u00e9g szolg\u00e1lt, de 1842-ben m\u00e1r nem). \u00c1ll\u00edt\u00f3lag abban az id\u0151ben volt egy \u00fcvegfest\u0151 iskola R\u00e9genben. Neve egy ratosnyai faikon al\u00e1\u00edr\u00e1s\u00e1b\u00f3l ismert, a k\u00e9p Szent Mikl\u00f3st \u00e1br\u00e1zolja (1808) \u00dcvegre festette ikonjai: g\u00f6rg\u00e9nyn\u00e1dasi Szt. Mikl\u00f3s fatemplomban (1806), [&hellip;]<\/p>\n","protected":false},"featured_media":0,"comment_status":"open","ping_status":"closed","template":"","meta":[],"product_brand":[],"product_cat":[137],"product_tag":[],"class_list":{"0":"post-18636","1":"product","2":"type-product","3":"status-publish","5":"product_cat-maros-megyei-eletrajzi-lexikon","7":"first","8":"instock","9":"shipping-taxable","10":"product-type-simple"},"_links":{"self":[{"href":"https:\/\/uj.adatbank.ro\/lexikon\/wp-json\/wp\/v2\/product\/18636","targetHints":{"allow":["GET"]}}],"collection":[{"href":"https:\/\/uj.adatbank.ro\/lexikon\/wp-json\/wp\/v2\/product"}],"about":[{"href":"https:\/\/uj.adatbank.ro\/lexikon\/wp-json\/wp\/v2\/types\/product"}],"replies":[{"embeddable":true,"href":"https:\/\/uj.adatbank.ro\/lexikon\/wp-json\/wp\/v2\/comments?post=18636"}],"wp:attachment":[{"href":"https:\/\/uj.adatbank.ro\/lexikon\/wp-json\/wp\/v2\/media?parent=18636"}],"wp:term":[{"taxonomy":"product_brand","embeddable":true,"href":"https:\/\/uj.adatbank.ro\/lexikon\/wp-json\/wp\/v2\/product_brand?post=18636"},{"taxonomy":"product_cat","embeddable":true,"href":"https:\/\/uj.adatbank.ro\/lexikon\/wp-json\/wp\/v2\/product_cat?post=18636"},{"taxonomy":"product_tag","embeddable":true,"href":"https:\/\/uj.adatbank.ro\/lexikon\/wp-json\/wp\/v2\/product_tag?post=18636"}],"curies":[{"name":"wp","href":"https:\/\/api.w.org\/{rel}","templated":true}]}}