{"id":18646,"date":"2025-07-16T11:00:08","date_gmt":"2025-07-16T09:00:08","guid":{"rendered":"https:\/\/uj.adatbank.ro\/lexikon\/termek\/popoviciu-jozsef\/"},"modified":"2025-07-16T11:00:08","modified_gmt":"2025-07-16T09:00:08","slug":"popoviciu-jozsef","status":"publish","type":"product","link":"https:\/\/uj.adatbank.ro\/lexikon\/termek\/popoviciu-jozsef\/","title":{"rendered":"POPOVICIU J\u00f3zsef"},"content":{"rendered":"<p>K\u00f3rodszentm\u00e1rton, 1894. nov. 7., \u2020\u00a0?: erd\u00e9szm\u00e9rn\u00f6k. \u2013 Erzs\u00e9betv\u00e1rosban tanult az \u00c1llami F\u0151gimn.-ban. Erd\u00e9szeti Akad.-t v\u00e9gzett Selmecb\u00e1ny\u00e1n (1913\u201315). <br \/><strong>Irod.:<\/strong> Sigmirean<\/br><\/p>\n","protected":false},"excerpt":{"rendered":"<p>K\u00f3rodszentm\u00e1rton, 1894. nov. 7., \u2020\u00a0?: erd\u00e9szm\u00e9rn\u00f6k. \u2013 Erzs\u00e9betv\u00e1rosban tanult az \u00c1llami F\u0151gimn.-ban. Erd\u00e9szeti Akad.-t v\u00e9gzett Selmecb\u00e1ny\u00e1n (1913\u201315). Irod.: Sigmirean<\/p>\n","protected":false},"featured_media":0,"comment_status":"open","ping_status":"closed","template":"","meta":[],"product_brand":[],"product_cat":[137],"product_tag":[],"class_list":{"0":"post-18646","1":"product","2":"type-product","3":"status-publish","5":"product_cat-maros-megyei-eletrajzi-lexikon","7":"first","8":"instock","9":"shipping-taxable","10":"product-type-simple"},"_links":{"self":[{"href":"https:\/\/uj.adatbank.ro\/lexikon\/wp-json\/wp\/v2\/product\/18646","targetHints":{"allow":["GET"]}}],"collection":[{"href":"https:\/\/uj.adatbank.ro\/lexikon\/wp-json\/wp\/v2\/product"}],"about":[{"href":"https:\/\/uj.adatbank.ro\/lexikon\/wp-json\/wp\/v2\/types\/product"}],"replies":[{"embeddable":true,"href":"https:\/\/uj.adatbank.ro\/lexikon\/wp-json\/wp\/v2\/comments?post=18646"}],"wp:attachment":[{"href":"https:\/\/uj.adatbank.ro\/lexikon\/wp-json\/wp\/v2\/media?parent=18646"}],"wp:term":[{"taxonomy":"product_brand","embeddable":true,"href":"https:\/\/uj.adatbank.ro\/lexikon\/wp-json\/wp\/v2\/product_brand?post=18646"},{"taxonomy":"product_cat","embeddable":true,"href":"https:\/\/uj.adatbank.ro\/lexikon\/wp-json\/wp\/v2\/product_cat?post=18646"},{"taxonomy":"product_tag","embeddable":true,"href":"https:\/\/uj.adatbank.ro\/lexikon\/wp-json\/wp\/v2\/product_tag?post=18646"}],"curies":[{"name":"wp","href":"https:\/\/api.w.org\/{rel}","templated":true}]}}