{"id":18650,"date":"2025-07-16T11:00:20","date_gmt":"2025-07-16T09:00:20","guid":{"rendered":"https:\/\/uj.adatbank.ro\/lexikon\/termek\/popoviciu-mihai-rakoczi-mihai\/"},"modified":"2025-07-16T11:00:20","modified_gmt":"2025-07-16T09:00:20","slug":"popoviciu-mihai-rakoczi-mihai","status":"publish","type":"product","link":"https:\/\/uj.adatbank.ro\/lexikon\/termek\/popoviciu-mihai-rakoczi-mihai\/","title":{"rendered":"POPOVICIU, Mihai; R\u00e1k\u00f3czi Mihai"},"content":{"rendered":"<p>? \u2020 ?: ort. pap. \u2013 Lib\u00e1nfalv\u00e1n szolg\u00e1lt (1812\u201320). \u00c1tt\u00e9rt g. kat. vall\u00e1sra \u00e9s megv\u00e1ltoztatta a nev\u00e9tR\u00e1k\u00f3czira (1821\u2013). <br \/><strong>Irod.:<\/strong> Dobozi<\/br><\/p>\n","protected":false},"excerpt":{"rendered":"<p>? \u2020 ?: ort. pap. \u2013 Lib\u00e1nfalv\u00e1n szolg\u00e1lt (1812\u201320). \u00c1tt\u00e9rt g. kat. vall\u00e1sra \u00e9s megv\u00e1ltoztatta a nev\u00e9tR\u00e1k\u00f3czira (1821\u2013). Irod.: Dobozi<\/p>\n","protected":false},"featured_media":0,"comment_status":"open","ping_status":"closed","template":"","meta":[],"product_brand":[],"product_cat":[137],"product_tag":[],"class_list":{"0":"post-18650","1":"product","2":"type-product","3":"status-publish","5":"product_cat-maros-megyei-eletrajzi-lexikon","7":"first","8":"instock","9":"shipping-taxable","10":"product-type-simple"},"_links":{"self":[{"href":"https:\/\/uj.adatbank.ro\/lexikon\/wp-json\/wp\/v2\/product\/18650","targetHints":{"allow":["GET"]}}],"collection":[{"href":"https:\/\/uj.adatbank.ro\/lexikon\/wp-json\/wp\/v2\/product"}],"about":[{"href":"https:\/\/uj.adatbank.ro\/lexikon\/wp-json\/wp\/v2\/types\/product"}],"replies":[{"embeddable":true,"href":"https:\/\/uj.adatbank.ro\/lexikon\/wp-json\/wp\/v2\/comments?post=18650"}],"wp:attachment":[{"href":"https:\/\/uj.adatbank.ro\/lexikon\/wp-json\/wp\/v2\/media?parent=18650"}],"wp:term":[{"taxonomy":"product_brand","embeddable":true,"href":"https:\/\/uj.adatbank.ro\/lexikon\/wp-json\/wp\/v2\/product_brand?post=18650"},{"taxonomy":"product_cat","embeddable":true,"href":"https:\/\/uj.adatbank.ro\/lexikon\/wp-json\/wp\/v2\/product_cat?post=18650"},{"taxonomy":"product_tag","embeddable":true,"href":"https:\/\/uj.adatbank.ro\/lexikon\/wp-json\/wp\/v2\/product_tag?post=18650"}],"curies":[{"name":"wp","href":"https:\/\/api.w.org\/{rel}","templated":true}]}}