{"id":18651,"date":"2025-07-16T11:00:22","date_gmt":"2025-07-16T09:00:22","guid":{"rendered":"https:\/\/uj.adatbank.ro\/lexikon\/termek\/popoviciu-nicolae-nicu-i\/"},"modified":"2025-07-16T11:00:22","modified_gmt":"2025-07-16T09:00:22","slug":"popoviciu-nicolae-nicu-i","status":"publish","type":"product","link":"https:\/\/uj.adatbank.ro\/lexikon\/termek\/popoviciu-nicolae-nicu-i\/","title":{"rendered":"POPOVICIU, Nicolae \/ Nicu I."},"content":{"rendered":"<p>Marosh\u00e9v\u00edz, ? \u2020\u00a0?: katonatiszt, prefektus. \u2013 Ezredes. V\u00e1rmegyei \u00e9s v\u00e1rosi prefektus (1922. aug. 10.\u201323. \u00e1pr. 3.). <br \/><strong>Irod.:<\/strong> Id\u0151t\u00e1r 3; MO (nr. 105, 1922. aug. 13.)<\/br><\/p>\n","protected":false},"excerpt":{"rendered":"<p>Marosh\u00e9v\u00edz, ? \u2020\u00a0?: katonatiszt, prefektus. \u2013 Ezredes. V\u00e1rmegyei \u00e9s v\u00e1rosi prefektus (1922. aug. 10.\u201323. \u00e1pr. 3.). Irod.: Id\u0151t\u00e1r 3; MO (nr. 105, 1922. aug. 13.)<\/p>\n","protected":false},"featured_media":0,"comment_status":"open","ping_status":"closed","template":"","meta":[],"product_brand":[],"product_cat":[137],"product_tag":[],"class_list":{"0":"post-18651","1":"product","2":"type-product","3":"status-publish","5":"product_cat-maros-megyei-eletrajzi-lexikon","7":"first","8":"instock","9":"shipping-taxable","10":"product-type-simple"},"_links":{"self":[{"href":"https:\/\/uj.adatbank.ro\/lexikon\/wp-json\/wp\/v2\/product\/18651","targetHints":{"allow":["GET"]}}],"collection":[{"href":"https:\/\/uj.adatbank.ro\/lexikon\/wp-json\/wp\/v2\/product"}],"about":[{"href":"https:\/\/uj.adatbank.ro\/lexikon\/wp-json\/wp\/v2\/types\/product"}],"replies":[{"embeddable":true,"href":"https:\/\/uj.adatbank.ro\/lexikon\/wp-json\/wp\/v2\/comments?post=18651"}],"wp:attachment":[{"href":"https:\/\/uj.adatbank.ro\/lexikon\/wp-json\/wp\/v2\/media?parent=18651"}],"wp:term":[{"taxonomy":"product_brand","embeddable":true,"href":"https:\/\/uj.adatbank.ro\/lexikon\/wp-json\/wp\/v2\/product_brand?post=18651"},{"taxonomy":"product_cat","embeddable":true,"href":"https:\/\/uj.adatbank.ro\/lexikon\/wp-json\/wp\/v2\/product_cat?post=18651"},{"taxonomy":"product_tag","embeddable":true,"href":"https:\/\/uj.adatbank.ro\/lexikon\/wp-json\/wp\/v2\/product_tag?post=18651"}],"curies":[{"name":"wp","href":"https:\/\/api.w.org\/{rel}","templated":true}]}}