{"id":18653,"date":"2025-07-16T11:00:27","date_gmt":"2025-07-16T09:00:27","guid":{"rendered":"https:\/\/uj.adatbank.ro\/lexikon\/termek\/popoviciu-simion\/"},"modified":"2025-07-16T11:00:27","modified_gmt":"2025-07-16T09:00:27","slug":"popoviciu-simion","status":"publish","type":"product","link":"https:\/\/uj.adatbank.ro\/lexikon\/termek\/popoviciu-simion\/","title":{"rendered":"POPOVICIU, Simion"},"content":{"rendered":"<p>? \u2020\u00a0?: g.kat. pap. \u2013 Idecspatakon szolg\u00e1lt (1815\u201324), \u00e9s \u00f6nk\u00e9nt vette fel a helyettes esperesi funkci\u00f3t, (esperes Petru Maior volt) ez\u00e1ltal meghonos\u00edtotta ezt az egyh\u00e1zi szervez\u00e9si form\u00e1t R\u00e9gen vid\u00e9k\u00e9n. <br \/><strong>Irod.:<\/strong> Reghin, Protopopiat<\/br><\/p>\n","protected":false},"excerpt":{"rendered":"<p>? \u2020\u00a0?: g.kat. pap. \u2013 Idecspatakon szolg\u00e1lt (1815\u201324), \u00e9s \u00f6nk\u00e9nt vette fel a helyettes esperesi funkci\u00f3t, (esperes Petru Maior volt) ez\u00e1ltal meghonos\u00edtotta ezt az egyh\u00e1zi szervez\u00e9si form\u00e1t R\u00e9gen vid\u00e9k\u00e9n. Irod.: Reghin, Protopopiat<\/p>\n","protected":false},"featured_media":0,"comment_status":"open","ping_status":"closed","template":"","meta":[],"product_brand":[],"product_cat":[137],"product_tag":[],"class_list":{"0":"post-18653","1":"product","2":"type-product","3":"status-publish","5":"product_cat-maros-megyei-eletrajzi-lexikon","7":"first","8":"instock","9":"shipping-taxable","10":"product-type-simple"},"_links":{"self":[{"href":"https:\/\/uj.adatbank.ro\/lexikon\/wp-json\/wp\/v2\/product\/18653","targetHints":{"allow":["GET"]}}],"collection":[{"href":"https:\/\/uj.adatbank.ro\/lexikon\/wp-json\/wp\/v2\/product"}],"about":[{"href":"https:\/\/uj.adatbank.ro\/lexikon\/wp-json\/wp\/v2\/types\/product"}],"replies":[{"embeddable":true,"href":"https:\/\/uj.adatbank.ro\/lexikon\/wp-json\/wp\/v2\/comments?post=18653"}],"wp:attachment":[{"href":"https:\/\/uj.adatbank.ro\/lexikon\/wp-json\/wp\/v2\/media?parent=18653"}],"wp:term":[{"taxonomy":"product_brand","embeddable":true,"href":"https:\/\/uj.adatbank.ro\/lexikon\/wp-json\/wp\/v2\/product_brand?post=18653"},{"taxonomy":"product_cat","embeddable":true,"href":"https:\/\/uj.adatbank.ro\/lexikon\/wp-json\/wp\/v2\/product_cat?post=18653"},{"taxonomy":"product_tag","embeddable":true,"href":"https:\/\/uj.adatbank.ro\/lexikon\/wp-json\/wp\/v2\/product_tag?post=18653"}],"curies":[{"name":"wp","href":"https:\/\/api.w.org\/{rel}","templated":true}]}}