{"id":18655,"date":"2025-07-16T11:00:32","date_gmt":"2025-07-16T09:00:32","guid":{"rendered":"https:\/\/uj.adatbank.ro\/lexikon\/termek\/popoviciu-vasile-popoviciu-vasiliu\/"},"modified":"2025-07-16T11:00:32","modified_gmt":"2025-07-16T09:00:32","slug":"popoviciu-vasile-popoviciu-vasiliu","status":"publish","type":"product","link":"https:\/\/uj.adatbank.ro\/lexikon\/termek\/popoviciu-vasile-popoviciu-vasiliu\/","title":{"rendered":"POPOVICIU, Vasile; Popoviciu Vasiliu"},"content":{"rendered":"<p>1825., \u2020\u00a0Als\u00f3r\u00e9pa, 1876. \u00e1pr. 6.: ort. pap. \u2013 Als\u00f3r\u00e9p\u00e1ban szolg\u00e1lt (1845\u201376), \u0151t v\u00e1lasztott\u00e1k meg a h\u00edvek, pedig csak I.\u00e9ves teol\u00f3gus volt, k\u00e9s\u0151bb beiratkozott a lp.-i vizsg\u00e1ra. Vasile Moga p\u00fcsp\u00f6k szentelte papp\u00e1 (1945. okt. 10.). Sz\u00e1szr\u00e9gen kinevezett esperese (1872\u201378). <br \/><strong>Irod.:<\/strong> Dobozi; Reghin, Protopopiat<\/br><\/p>\n","protected":false},"excerpt":{"rendered":"<p>1825., \u2020\u00a0Als\u00f3r\u00e9pa, 1876. \u00e1pr. 6.: ort. pap. \u2013 Als\u00f3r\u00e9p\u00e1ban szolg\u00e1lt (1845\u201376), \u0151t v\u00e1lasztott\u00e1k meg a h\u00edvek, pedig csak I.\u00e9ves teol\u00f3gus volt, k\u00e9s\u0151bb beiratkozott a lp.-i vizsg\u00e1ra. Vasile Moga p\u00fcsp\u00f6k szentelte papp\u00e1 (1945. okt. 10.). Sz\u00e1szr\u00e9gen kinevezett esperese (1872\u201378). Irod.: Dobozi; Reghin, Protopopiat<\/p>\n","protected":false},"featured_media":0,"comment_status":"open","ping_status":"closed","template":"","meta":[],"product_brand":[],"product_cat":[137],"product_tag":[],"class_list":{"0":"post-18655","1":"product","2":"type-product","3":"status-publish","5":"product_cat-maros-megyei-eletrajzi-lexikon","7":"first","8":"instock","9":"shipping-taxable","10":"product-type-simple"},"_links":{"self":[{"href":"https:\/\/uj.adatbank.ro\/lexikon\/wp-json\/wp\/v2\/product\/18655","targetHints":{"allow":["GET"]}}],"collection":[{"href":"https:\/\/uj.adatbank.ro\/lexikon\/wp-json\/wp\/v2\/product"}],"about":[{"href":"https:\/\/uj.adatbank.ro\/lexikon\/wp-json\/wp\/v2\/types\/product"}],"replies":[{"embeddable":true,"href":"https:\/\/uj.adatbank.ro\/lexikon\/wp-json\/wp\/v2\/comments?post=18655"}],"wp:attachment":[{"href":"https:\/\/uj.adatbank.ro\/lexikon\/wp-json\/wp\/v2\/media?parent=18655"}],"wp:term":[{"taxonomy":"product_brand","embeddable":true,"href":"https:\/\/uj.adatbank.ro\/lexikon\/wp-json\/wp\/v2\/product_brand?post=18655"},{"taxonomy":"product_cat","embeddable":true,"href":"https:\/\/uj.adatbank.ro\/lexikon\/wp-json\/wp\/v2\/product_cat?post=18655"},{"taxonomy":"product_tag","embeddable":true,"href":"https:\/\/uj.adatbank.ro\/lexikon\/wp-json\/wp\/v2\/product_tag?post=18655"}],"curies":[{"name":"wp","href":"https:\/\/api.w.org\/{rel}","templated":true}]}}