{"id":18656,"date":"2025-07-16T11:00:33","date_gmt":"2025-07-16T09:00:33","guid":{"rendered":"https:\/\/uj.adatbank.ro\/lexikon\/termek\/popoviciu-vasiliu-vasile\/"},"modified":"2025-07-16T11:00:33","modified_gmt":"2025-07-16T09:00:33","slug":"popoviciu-vasiliu-vasile","status":"publish","type":"product","link":"https:\/\/uj.adatbank.ro\/lexikon\/termek\/popoviciu-vasiliu-vasile\/","title":{"rendered":"POPOVICIU, Vasiliu\/Vasile"},"content":{"rendered":"<p>1825 \u2020 Als\u00f3r\u00e9p\u00e1n 1876. \u00e1pr. 6 : ort.. pap Als\u00f3r\u00e9p\u00e1n szolg\u00e1lt (1845\u20131876), mert \u0151t v\u00e1lasztott\u00e1k meg a h\u00edvek, pedig csak I. \u00e9ves teol\u00f3gus volt, k\u00e9s\u0151bb beiratkozott a lp.-i vizsg\u00e1ra, majd helyezt\u00e9k Brancovan esperes hely\u00e9re (1872\u20131876). <br \/><strong>Irod.:<\/strong>Dobozi Hirotonit ca preot \u00een 10 oct. 1945 de episcopul Vasile Moga<\/br><\/p>\n","protected":false},"excerpt":{"rendered":"<p>1825 \u2020 Als\u00f3r\u00e9p\u00e1n 1876. \u00e1pr. 6 : ort.. pap Als\u00f3r\u00e9p\u00e1n szolg\u00e1lt (1845\u20131876), mert \u0151t v\u00e1lasztott\u00e1k meg a h\u00edvek, pedig csak I. \u00e9ves teol\u00f3gus volt, k\u00e9s\u0151bb beiratkozott a lp.-i vizsg\u00e1ra, majd helyezt\u00e9k Brancovan esperes hely\u00e9re (1872\u20131876). Irod.:Dobozi Hirotonit ca preot \u00een 10 oct. 1945 de episcopul Vasile Moga<\/p>\n","protected":false},"featured_media":0,"comment_status":"open","ping_status":"closed","template":"","meta":[],"product_brand":[],"product_cat":[137],"product_tag":[],"class_list":{"0":"post-18656","1":"product","2":"type-product","3":"status-publish","5":"product_cat-maros-megyei-eletrajzi-lexikon","7":"first","8":"instock","9":"shipping-taxable","10":"product-type-simple"},"_links":{"self":[{"href":"https:\/\/uj.adatbank.ro\/lexikon\/wp-json\/wp\/v2\/product\/18656","targetHints":{"allow":["GET"]}}],"collection":[{"href":"https:\/\/uj.adatbank.ro\/lexikon\/wp-json\/wp\/v2\/product"}],"about":[{"href":"https:\/\/uj.adatbank.ro\/lexikon\/wp-json\/wp\/v2\/types\/product"}],"replies":[{"embeddable":true,"href":"https:\/\/uj.adatbank.ro\/lexikon\/wp-json\/wp\/v2\/comments?post=18656"}],"wp:attachment":[{"href":"https:\/\/uj.adatbank.ro\/lexikon\/wp-json\/wp\/v2\/media?parent=18656"}],"wp:term":[{"taxonomy":"product_brand","embeddable":true,"href":"https:\/\/uj.adatbank.ro\/lexikon\/wp-json\/wp\/v2\/product_brand?post=18656"},{"taxonomy":"product_cat","embeddable":true,"href":"https:\/\/uj.adatbank.ro\/lexikon\/wp-json\/wp\/v2\/product_cat?post=18656"},{"taxonomy":"product_tag","embeddable":true,"href":"https:\/\/uj.adatbank.ro\/lexikon\/wp-json\/wp\/v2\/product_tag?post=18656"}],"curies":[{"name":"wp","href":"https:\/\/api.w.org\/{rel}","templated":true}]}}