{"id":1866,"date":"2025-06-28T11:55:47","date_gmt":"2025-06-28T09:55:47","guid":{"rendered":"https:\/\/uj.adatbank.ro\/lexikon\/termek\/bakcsi-laszlo\/"},"modified":"2025-06-28T11:55:47","modified_gmt":"2025-06-28T09:55:47","slug":"bakcsi-laszlo","status":"publish","type":"product","link":"https:\/\/uj.adatbank.ro\/lexikon\/termek\/bakcsi-laszlo\/","title":{"rendered":"BAKCSI L\u00e1szl\u00f3"},"content":{"rendered":"<p>? \u2020\u00a0? : tan\u00edt\u00f3. \u2013 Sz\u0151kefalv\u00e1n tan\u00edtott a ref. iskol\u00e1ban (1925\u201326). <br \/><strong>Irod.:<\/strong> Nagy L\u00e1szl\u00f3<\/br><\/p>\n","protected":false},"excerpt":{"rendered":"<p>? \u2020\u00a0? : tan\u00edt\u00f3. \u2013 Sz\u0151kefalv\u00e1n tan\u00edtott a ref. iskol\u00e1ban (1925\u201326). Irod.: Nagy L\u00e1szl\u00f3<\/p>\n","protected":false},"featured_media":0,"comment_status":"open","ping_status":"closed","template":"","meta":[],"product_brand":[],"product_cat":[137],"product_tag":[],"class_list":{"0":"post-1866","1":"product","2":"type-product","3":"status-publish","5":"product_cat-maros-megyei-eletrajzi-lexikon","7":"first","8":"instock","9":"shipping-taxable","10":"product-type-simple"},"_links":{"self":[{"href":"https:\/\/uj.adatbank.ro\/lexikon\/wp-json\/wp\/v2\/product\/1866","targetHints":{"allow":["GET"]}}],"collection":[{"href":"https:\/\/uj.adatbank.ro\/lexikon\/wp-json\/wp\/v2\/product"}],"about":[{"href":"https:\/\/uj.adatbank.ro\/lexikon\/wp-json\/wp\/v2\/types\/product"}],"replies":[{"embeddable":true,"href":"https:\/\/uj.adatbank.ro\/lexikon\/wp-json\/wp\/v2\/comments?post=1866"}],"wp:attachment":[{"href":"https:\/\/uj.adatbank.ro\/lexikon\/wp-json\/wp\/v2\/media?parent=1866"}],"wp:term":[{"taxonomy":"product_brand","embeddable":true,"href":"https:\/\/uj.adatbank.ro\/lexikon\/wp-json\/wp\/v2\/product_brand?post=1866"},{"taxonomy":"product_cat","embeddable":true,"href":"https:\/\/uj.adatbank.ro\/lexikon\/wp-json\/wp\/v2\/product_cat?post=1866"},{"taxonomy":"product_tag","embeddable":true,"href":"https:\/\/uj.adatbank.ro\/lexikon\/wp-json\/wp\/v2\/product_tag?post=1866"}],"curies":[{"name":"wp","href":"https:\/\/api.w.org\/{rel}","templated":true}]}}