{"id":18663,"date":"2025-07-16T11:00:49","date_gmt":"2025-07-16T09:00:49","guid":{"rendered":"https:\/\/uj.adatbank.ro\/lexikon\/termek\/popp-m-iosif-%c2%a7\/"},"modified":"2025-07-16T11:00:49","modified_gmt":"2025-07-16T09:00:49","slug":"popp-m-iosif-%c2%a7","status":"publish","type":"product","link":"https:\/\/uj.adatbank.ro\/lexikon\/termek\/popp-m-iosif-%c2%a7\/","title":{"rendered":"POPP, M. Iosif, \u00a7"},"content":{"rendered":"<p>D\u00e9sakna, 1897., \u2020 Mv., 1986. okt. 19.: tan\u00e1r, ort. pap. \u2013 Elemi iskol\u00e1t a sz\u00fcl\u0151hely\u00e9n, lic.-ot D\u00e9sen, Bp.-en teol\u00f3gi\u00e1t v\u00e9gzett, Kv.-on fizika-k\u00e9mia szakos tan\u00e1ri okl.-t szerzett. G. kat. esperes Mv.-en \u00e9s a G. kat. \u00c9rseks\u00e9g \u00c9szak Erd\u00e9lyi vik\u00e1riusa (1940\u201344). Jelent\u0151s er\u0151fesz\u00edt\u00e9st fejtett ki a mv.-i rom\u00e1n nyelv\u0171 oktat\u00e1s vissza\u00e1ll\u00edt\u00e1s\u00e1\u00e9rt (1944. szept.\u2013), amelyet a m. hat\u00f3s\u00e1gok megsz\u00fcntettek. A v\u00e1rosb\u00f3l \u00e9s a k\u00f6rnyez\u0151 falvakb\u00f3l \u00f6sszegy\u0171jt\u00f6tte a visszat\u00e9rt rom\u00e1n menek\u00fclt tanul\u00f3kat \u00e9s taner\u0151ket, \u00e9s az Unirea L\u00edc. \u00e9p\u00fclet\u00e9ben \u00fajraind\u00edtotta a rom\u00e1n nyelv\u0171 oktat\u00e1st (1944. nov.\u2013). \u00c9tkezd\u00e9t \u00e9s bentlak\u00e1st b\u00edztos\u00edtott a m\u00e1shonnan \u00e9rkezetteknek. A Rom\u00e1n \u00c1llami Lic. igazgat\u00f3ja volt (1944. okt. 1.\u20131945. m\u00e1rc. 2.), amikor \u00f6nk\u00e9nt lemondott a tiszts\u00e9gr\u0151l. Tan\u00e1rk\u00e9nt, papk\u00e9nt, \u00e9rseki vik\u00e1riusk\u00e9nt m\u0171k\u0151d\u00f6tt tov\u00e1bb. \u2013 Irod: Bui-Borda-Opri\u015f; Dasc\u0103li mure\u015feni, 5.; Dasc\u0103lii Papiului<\/br><\/p>\n","protected":false},"excerpt":{"rendered":"<p>D\u00e9sakna, 1897., \u2020 Mv., 1986. okt. 19.: tan\u00e1r, ort. pap. \u2013 Elemi iskol\u00e1t a sz\u00fcl\u0151hely\u00e9n, lic.-ot D\u00e9sen, Bp.-en teol\u00f3gi\u00e1t v\u00e9gzett, Kv.-on fizika-k\u00e9mia szakos tan\u00e1ri okl.-t szerzett. G. kat. esperes Mv.-en \u00e9s a G. kat. \u00c9rseks\u00e9g \u00c9szak Erd\u00e9lyi vik\u00e1riusa (1940\u201344). Jelent\u0151s er\u0151fesz\u00edt\u00e9st fejtett ki a mv.-i rom\u00e1n nyelv\u0171 oktat\u00e1s vissza\u00e1ll\u00edt\u00e1s\u00e1\u00e9rt (1944. szept.\u2013), amelyet a m. hat\u00f3s\u00e1gok [&hellip;]<\/p>\n","protected":false},"featured_media":0,"comment_status":"open","ping_status":"closed","template":"","meta":[],"product_brand":[],"product_cat":[137],"product_tag":[],"class_list":{"0":"post-18663","1":"product","2":"type-product","3":"status-publish","5":"product_cat-maros-megyei-eletrajzi-lexikon","7":"first","8":"instock","9":"shipping-taxable","10":"product-type-simple"},"_links":{"self":[{"href":"https:\/\/uj.adatbank.ro\/lexikon\/wp-json\/wp\/v2\/product\/18663","targetHints":{"allow":["GET"]}}],"collection":[{"href":"https:\/\/uj.adatbank.ro\/lexikon\/wp-json\/wp\/v2\/product"}],"about":[{"href":"https:\/\/uj.adatbank.ro\/lexikon\/wp-json\/wp\/v2\/types\/product"}],"replies":[{"embeddable":true,"href":"https:\/\/uj.adatbank.ro\/lexikon\/wp-json\/wp\/v2\/comments?post=18663"}],"wp:attachment":[{"href":"https:\/\/uj.adatbank.ro\/lexikon\/wp-json\/wp\/v2\/media?parent=18663"}],"wp:term":[{"taxonomy":"product_brand","embeddable":true,"href":"https:\/\/uj.adatbank.ro\/lexikon\/wp-json\/wp\/v2\/product_brand?post=18663"},{"taxonomy":"product_cat","embeddable":true,"href":"https:\/\/uj.adatbank.ro\/lexikon\/wp-json\/wp\/v2\/product_cat?post=18663"},{"taxonomy":"product_tag","embeddable":true,"href":"https:\/\/uj.adatbank.ro\/lexikon\/wp-json\/wp\/v2\/product_tag?post=18663"}],"curies":[{"name":"wp","href":"https:\/\/api.w.org\/{rel}","templated":true}]}}