{"id":18664,"date":"2025-07-16T11:00:51","date_gmt":"2025-07-16T09:00:51","guid":{"rendered":"https:\/\/uj.adatbank.ro\/lexikon\/termek\/popp-nicolae\/"},"modified":"2025-07-16T11:00:51","modified_gmt":"2025-07-16T09:00:51","slug":"popp-nicolae","status":"publish","type":"product","link":"https:\/\/uj.adatbank.ro\/lexikon\/termek\/popp-nicolae\/","title":{"rendered":"POPP, Nicolae"},"content":{"rendered":"<p>Tan\u00edtott Marosi T\u00edm\u00e1r J\u00e1nos fest\u0151iskol\u00e1j\u00e1ban. <br \/><strong>Irod.:<\/strong> Moln\u00e1r<\/br><\/p>\n","protected":false},"excerpt":{"rendered":"<p>Tan\u00edtott Marosi T\u00edm\u00e1r J\u00e1nos fest\u0151iskol\u00e1j\u00e1ban. Irod.: Moln\u00e1r<\/p>\n","protected":false},"featured_media":0,"comment_status":"open","ping_status":"closed","template":"","meta":[],"product_brand":[],"product_cat":[137],"product_tag":[],"class_list":{"0":"post-18664","1":"product","2":"type-product","3":"status-publish","5":"product_cat-maros-megyei-eletrajzi-lexikon","7":"first","8":"instock","9":"shipping-taxable","10":"product-type-simple"},"_links":{"self":[{"href":"https:\/\/uj.adatbank.ro\/lexikon\/wp-json\/wp\/v2\/product\/18664","targetHints":{"allow":["GET"]}}],"collection":[{"href":"https:\/\/uj.adatbank.ro\/lexikon\/wp-json\/wp\/v2\/product"}],"about":[{"href":"https:\/\/uj.adatbank.ro\/lexikon\/wp-json\/wp\/v2\/types\/product"}],"replies":[{"embeddable":true,"href":"https:\/\/uj.adatbank.ro\/lexikon\/wp-json\/wp\/v2\/comments?post=18664"}],"wp:attachment":[{"href":"https:\/\/uj.adatbank.ro\/lexikon\/wp-json\/wp\/v2\/media?parent=18664"}],"wp:term":[{"taxonomy":"product_brand","embeddable":true,"href":"https:\/\/uj.adatbank.ro\/lexikon\/wp-json\/wp\/v2\/product_brand?post=18664"},{"taxonomy":"product_cat","embeddable":true,"href":"https:\/\/uj.adatbank.ro\/lexikon\/wp-json\/wp\/v2\/product_cat?post=18664"},{"taxonomy":"product_tag","embeddable":true,"href":"https:\/\/uj.adatbank.ro\/lexikon\/wp-json\/wp\/v2\/product_tag?post=18664"}],"curies":[{"name":"wp","href":"https:\/\/api.w.org\/{rel}","templated":true}]}}