{"id":18668,"date":"2025-07-16T11:00:58","date_gmt":"2025-07-16T09:00:58","guid":{"rendered":"https:\/\/uj.adatbank.ro\/lexikon\/termek\/popp-vasile\/"},"modified":"2025-07-16T11:00:58","modified_gmt":"2025-07-16T09:00:58","slug":"popp-vasile","status":"publish","type":"product","link":"https:\/\/uj.adatbank.ro\/lexikon\/termek\/popp-vasile\/","title":{"rendered":"POPP Vasile"},"content":{"rendered":"<p>? \u2020\u00a0Meggyesfalva, 1848. okt. 12: tribunus. \u2013 N\u00e1zn\u00e1nfalv\u00e1n elfogt\u00e1k kilenc t\u00e1rs\u00e1val egy\u00fctt a paniti sz\u00e9kelyek feljelent\u00e9se nyom\u00e1n (1848. okt. 10.). A v\u00e1d szerint a korm\u00e1ny \u00e9s a magyarok ellen izgatott \u00e9s parasztokat mozg\u00f3s\u00edtott. Stat\u00e1ri\u00e1lis b\u00edr\u00f3s\u00e1g el\u00e9 \u00e1ll\u00edtott\u00e1k \u00e9s Meggyesfalv\u00e1n felakasztott\u00e1k. Eml\u00e9km\u0171vet kapott Meggyesfalv\u00e1n Cornel Bogdan \u015eildan \u00e9p\u00edt\u00e9sz terve alapj\u00e1n (1935). <br \/><strong>Irod.:<\/strong> Id\u0151t\u00e1r 2, Id\u0151t\u00e1r 3<\/br><\/p>\n","protected":false},"excerpt":{"rendered":"<p>? \u2020\u00a0Meggyesfalva, 1848. okt. 12: tribunus. \u2013 N\u00e1zn\u00e1nfalv\u00e1n elfogt\u00e1k kilenc t\u00e1rs\u00e1val egy\u00fctt a paniti sz\u00e9kelyek feljelent\u00e9se nyom\u00e1n (1848. okt. 10.). A v\u00e1d szerint a korm\u00e1ny \u00e9s a magyarok ellen izgatott \u00e9s parasztokat mozg\u00f3s\u00edtott. Stat\u00e1ri\u00e1lis b\u00edr\u00f3s\u00e1g el\u00e9 \u00e1ll\u00edtott\u00e1k \u00e9s Meggyesfalv\u00e1n felakasztott\u00e1k. Eml\u00e9km\u0171vet kapott Meggyesfalv\u00e1n Cornel Bogdan \u015eildan \u00e9p\u00edt\u00e9sz terve alapj\u00e1n (1935). Irod.: Id\u0151t\u00e1r 2, Id\u0151t\u00e1r 3<\/p>\n","protected":false},"featured_media":0,"comment_status":"open","ping_status":"closed","template":"","meta":[],"product_brand":[],"product_cat":[137],"product_tag":[],"class_list":{"0":"post-18668","1":"product","2":"type-product","3":"status-publish","5":"product_cat-maros-megyei-eletrajzi-lexikon","7":"first","8":"instock","9":"shipping-taxable","10":"product-type-simple"},"_links":{"self":[{"href":"https:\/\/uj.adatbank.ro\/lexikon\/wp-json\/wp\/v2\/product\/18668","targetHints":{"allow":["GET"]}}],"collection":[{"href":"https:\/\/uj.adatbank.ro\/lexikon\/wp-json\/wp\/v2\/product"}],"about":[{"href":"https:\/\/uj.adatbank.ro\/lexikon\/wp-json\/wp\/v2\/types\/product"}],"replies":[{"embeddable":true,"href":"https:\/\/uj.adatbank.ro\/lexikon\/wp-json\/wp\/v2\/comments?post=18668"}],"wp:attachment":[{"href":"https:\/\/uj.adatbank.ro\/lexikon\/wp-json\/wp\/v2\/media?parent=18668"}],"wp:term":[{"taxonomy":"product_brand","embeddable":true,"href":"https:\/\/uj.adatbank.ro\/lexikon\/wp-json\/wp\/v2\/product_brand?post=18668"},{"taxonomy":"product_cat","embeddable":true,"href":"https:\/\/uj.adatbank.ro\/lexikon\/wp-json\/wp\/v2\/product_cat?post=18668"},{"taxonomy":"product_tag","embeddable":true,"href":"https:\/\/uj.adatbank.ro\/lexikon\/wp-json\/wp\/v2\/product_tag?post=18668"}],"curies":[{"name":"wp","href":"https:\/\/api.w.org\/{rel}","templated":true}]}}