{"id":18669,"date":"2025-07-16T11:01:02","date_gmt":"2025-07-16T09:01:02","guid":{"rendered":"https:\/\/uj.adatbank.ro\/lexikon\/termek\/popp-vasile-basilius-papp-molnar-ladislaus-basilius-papp-l-vasile-pop\/"},"modified":"2025-07-16T11:01:02","modified_gmt":"2025-07-16T09:01:02","slug":"popp-vasile-basilius-papp-molnar-ladislaus-basilius-papp-l-vasile-pop","status":"publish","type":"product","link":"https:\/\/uj.adatbank.ro\/lexikon\/termek\/popp-vasile-basilius-papp-molnar-ladislaus-basilius-papp-l-vasile-pop\/","title":{"rendered":"POPP, Vasile; Basilius Papp, Moln\u00e1r; Ladislaus Basilius Papp; L. Vasile Pop"},"content":{"rendered":"<p>Mez\u0151kem\u00e9nytelke, 1789., \u2020 Zalatna, 1842. m\u00e1rc. 6 : orvos, n\u00e9prajzkutat\u00f3, irodalomt\u00f6rt\u00e9n\u00e9sz, bibliogr\u00e1fus. \u2013 A m\u00e1sodik c\u00edmzetes rom\u00e1n orvos Erd\u00e9lyben. A mv.-i r. k. gimn\u00e1ziumban (1801\u201307), Kv.-on a piarist\u00e1kn\u00e1l (1808\u201310), \u00e9s a filoz\u00f3fia \u00e9s jogi karon tanult majd a b\u00e9csi egyetemen (1811\u201314) folytatta tanulm\u00e1nyait, ahol a filoz\u00f3fiai doktor\u00e1tus ut\u00e1n (1814), orvosi doktor\u00e1tust is szerzett Disssertatio inauguralis historico medica de funeribus plebejis Daco-Romanorum sive hodiernorum Valachorum c. \u00e9rtekez\u00e9s\u00e9vel (1817. j\u00fal. 14.). Ezzel a m\u0171v\u00e9vel megteremtette a rom\u00e1n n\u00e9prajzi irodalmat. A cs\u00e1sz\u00e1ri udvarba beker\u00fclve, Maximilian herceget tan\u00edtotta rom\u00e1n nyelvre. Egy ideig Brass\u00f3ban tev\u00e9kenykedett orvosk\u00e9nt (1817\u2013), tan\u00e1r volt Ia\u015fi-ban (1820), Visszat\u00e9rt Brass\u00f3ba, ahol orvosk\u00e9nt m\u0171k\u00f6d\u00f6tt (1821\u201328), orvos Fogarason (1829\u2013), majd a b\u00e1ny\u00e1szok \u00e9let\u00e9t \u00e9s munkak\u00f6r\u00fclm\u00e9nyeit tanulm\u00e1nyozta Radn\u00e1n, hal\u00e1l\u00e1ig orvos Zalatn\u00e1n. Meg\u00edrta tudom\u00e1nyos dolgozat\u00e1t a sz\u00e9kelyf\u00f6ldi \u00e1sv\u00e1nyvizekr\u0151l (1821). T\u00f6rt\u00e9nelemmel kezdett foglalkozni, elrendezte a Scheiben lev\u0151 Szt. Mikl\u00f3s templom iratt\u00e1r\u00e1t \u00e9s \u00edrt egy latin nyelv\u0171 kr\u00f3nik\u00e1t, Brevis Notitia Ecclesiae Bolg\u00e1rszegensis ad Sanctum Nicoalum (1825) err\u0151l a templomr\u00f3l, meg\u00f6r\u00f6k\u00edtve t\u00f6rt\u00e9net\u00e9t \u00e9s papjainak n\u00e9vsor\u00e1t (1484\u20131825-ig). Ezt a k\u00e9ziratban maradt m\u0171v\u00e9t N.Sulic\u0103 fedezte fel Brass\u00f3ban, \u00e9s \u0151 is kezdte nyomtat\u00e1sban k\u00f6z\u00f6lni a \u015eoimii c. foly\u00f3iratban (1929\u2013). Moldv\u00e1ban \u00e9s Munt\u00e9ni\u00e1ban utazgatott, felkutatva a templomok, kolostorok \u00e9s mag\u00e1n k\u00f6nyvt\u00e1rak gy\u0171jtem\u00e9nyeit a k\u00e9sz\u00fcl\u0151 nyomdat\u00f6rt\u00e9neti munk\u00e1j\u00e1hoz. T\u00f6bb mint 20 \u00e9vi munk\u00e1val sz\u00e1mba vette a k\u00f6nyvnyomtat\u00e1s elterjed\u00e9s\u00e9t, a nyomtatott m\u0171veket, a fejedelems\u00e9gek ter\u00fclet\u00e9n, Oroszo., Magyaro., Ausztria, Bukovina ter\u00fclet\u00e9n is, a r\u00e9gi rom\u00e1n bibliogr\u00e1fia felbecs\u00fclhetetlen \u00e9rt\u00e9k\u0171 el\u0151fut\u00e1ra ez a munka. Jelent\u0151s n\u00e9pgy\u00f3gy\u00e1szati tev\u00e9kenys\u00e9get fejtett ki a b\u00e1ny\u00e1szok \u00e9s a n\u00e9p k\u00f6r\u00e9ben. Elk\u00e9sz\u00edtette a vid\u00e9k orvosi topogr\u00e1fi\u00e1j\u00e1t, amely els\u0151 volt rom\u00e1n nyelven Erd\u00e9lyben. Szerkesztette az Analectorum Historicum c. k\u00fczlem\u00e9nyt, amelyben jelent\u0151s sz\u00e1m\u00fa t\u00f6rt\u00e9nelmi okiratot tett k\u00f6zz\u00e9. Orvosi munk\u00e1j\u00e1val p\u00e1rhuzamosan k\u00f6z\u00f6lt a brass\u00f3i lapokban: Foaie pentru minte, inim\u0103 \u015fi literatur\u0103; Foile duminecii; Foaie literar\u0103; Gazeta de Transilvania. G. Bari\u0163-cal \u00e9s Timotei Cipariuval levelezett. Mez\u0151kem\u00e9nytelk\u00e9n az \u0151 nev\u00e9t viseli az iskola (1995. nov. 16.\u2013). \u2013 <strong>F. m.:<\/strong> Elegia qua spectabili ac clarissimo Viro Carolo Michaeli Moger in Lyceo Regio Claudiopolitano Chymiae, Metallurgiae, Historiae Naturalis et Technologiae&#8230;(Claudiopoli, 1808); Elegia&#8230;(Claudiopoli, 1808); Elegia&#8230; (Claudiopoli, 1809); Elegia ad Inclytos Status et Ordines Trium Nationum Magni Principatus Transilvaniae&#8230; (Claudiopoli, 1810); Elegia de laudibus Medicinae&#8230; (Viena, 1814); Diseratatio inauguralis historico-medica de funeribus plebeus Daco-Romanorum sive hodiernorum Valachorum et quisbusdam circa ea abusibus, perpetuo respectu habito ad veterum Romanorum funera (Viena, 1817); Despre apele minerale dela Arp\u0103tac, Bodoc \u015fi Covasna \u015fi despre \u00eentrebuin\u0163area acelora\u015fi \u00een deschilinite patimi (Sibiu, 1821; Cluj, 1935); Diserta\u0163ie despre tipografiile rom\u00e2ne\u015fti \u00een Transilvania \u015fi \u00eenvecinate \u0163\u0103ri de la \u00eenceputul lor p\u00e2n\u0103 \u00een vremurile noastre (Sibiu, 1838; Cluj, 1995); Despre \u00eenmorm\u00e2nt\u0103rile comune la daco-rom\u00e2ni (Alba Iulia, 2004). <br \/><strong>Irod.:<\/strong> Bianu; Cosma; Cr\u0103inicianu, Gheorghe: Literatura medical\u0103 rom\u00e2neasc\u0103 (Buc., 1907); Cristescu, Mariana: Chimitelnic \u2013 \u015ecoala general\u0103 \u00bbVasile Popp\u00ab (C. l., 1995. nov. 16.); Dic\u0163ionarul lit. rom.; George Bari\u0163 \u015fi contemporanii s\u0103i. Vol. 5. Coresponden\u0163a primit\u0103 de la Vasile Pop, Iosif Hodo\u015f, \u2026 (Buc., 1981); M\u00e1ln\u00e1si; L. Moldovan: Un martir mure\u015fan Vasile Pop (Marisia, 1980); Mu\u015flea, I : Via\u0163a \u015fi opera doctorului Vasile Pop; Popt\u0103ma\u015f; Predescu; Profiluri mure\u015fene. 1.; Spielmann: A hazai orvostud; Szab\u00f3-Sz\u00f6gi; \u015eerban 2006; Todea\u2013F\u00fcl\u00f6p\u2013Avram; Transilvania (1968\/7\u20138)<\/br><\/p>\n","protected":false},"excerpt":{"rendered":"<p>Mez\u0151kem\u00e9nytelke, 1789., \u2020 Zalatna, 1842. m\u00e1rc. 6 : orvos, n\u00e9prajzkutat\u00f3, irodalomt\u00f6rt\u00e9n\u00e9sz, bibliogr\u00e1fus. \u2013 A m\u00e1sodik c\u00edmzetes rom\u00e1n orvos Erd\u00e9lyben. A mv.-i r. k. gimn\u00e1ziumban (1801\u201307), Kv.-on a piarist\u00e1kn\u00e1l (1808\u201310), \u00e9s a filoz\u00f3fia \u00e9s jogi karon tanult majd a b\u00e9csi egyetemen (1811\u201314) folytatta tanulm\u00e1nyait, ahol a filoz\u00f3fiai doktor\u00e1tus ut\u00e1n (1814), orvosi doktor\u00e1tust is szerzett Disssertatio inauguralis [&hellip;]<\/p>\n","protected":false},"featured_media":0,"comment_status":"open","ping_status":"closed","template":"","meta":[],"product_brand":[],"product_cat":[137],"product_tag":[],"class_list":{"0":"post-18669","1":"product","2":"type-product","3":"status-publish","5":"product_cat-maros-megyei-eletrajzi-lexikon","7":"first","8":"instock","9":"shipping-taxable","10":"product-type-simple"},"_links":{"self":[{"href":"https:\/\/uj.adatbank.ro\/lexikon\/wp-json\/wp\/v2\/product\/18669","targetHints":{"allow":["GET"]}}],"collection":[{"href":"https:\/\/uj.adatbank.ro\/lexikon\/wp-json\/wp\/v2\/product"}],"about":[{"href":"https:\/\/uj.adatbank.ro\/lexikon\/wp-json\/wp\/v2\/types\/product"}],"replies":[{"embeddable":true,"href":"https:\/\/uj.adatbank.ro\/lexikon\/wp-json\/wp\/v2\/comments?post=18669"}],"wp:attachment":[{"href":"https:\/\/uj.adatbank.ro\/lexikon\/wp-json\/wp\/v2\/media?parent=18669"}],"wp:term":[{"taxonomy":"product_brand","embeddable":true,"href":"https:\/\/uj.adatbank.ro\/lexikon\/wp-json\/wp\/v2\/product_brand?post=18669"},{"taxonomy":"product_cat","embeddable":true,"href":"https:\/\/uj.adatbank.ro\/lexikon\/wp-json\/wp\/v2\/product_cat?post=18669"},{"taxonomy":"product_tag","embeddable":true,"href":"https:\/\/uj.adatbank.ro\/lexikon\/wp-json\/wp\/v2\/product_tag?post=18669"}],"curies":[{"name":"wp","href":"https:\/\/api.w.org\/{rel}","templated":true}]}}