{"id":1867,"date":"2025-06-28T11:55:49","date_gmt":"2025-06-28T09:55:49","guid":{"rendered":"https:\/\/uj.adatbank.ro\/lexikon\/termek\/baki-albert\/"},"modified":"2025-06-28T11:55:49","modified_gmt":"2025-06-28T09:55:49","slug":"baki-albert","status":"publish","type":"product","link":"https:\/\/uj.adatbank.ro\/lexikon\/termek\/baki-albert\/","title":{"rendered":"B\u00c1KI Albert"},"content":{"rendered":"<p>G\u00f6rg\u00e9nyszentimre, 1897., \u2020 ? : fodr\u00e1szmester, keresked\u0151, kocsm\u00e1ros. \u2013 A fodr\u00e1szmesters\u00e9get Sz\u00e1szr\u00e9genben tanulta, felszabadult (1911). Debrecenben, Mv., Gyulafeh\u00e9rv\u00e1ron, Nagyenyeden seg\u00e9d; \u00f6n\u00e1ll\u00f3 lett G\u00f6rg\u00e9nyszentimr\u00e9n (1920), ott kocsm\u00e1ros \u00e9s vegyeskeresked\u0151 is (1930 \u2013). A Hitelsz\u00f6vetkezet fel\u00fcgyel\u0151 bizotts\u00e1g\u00e1nak tagja, az Iparosk\u00f6r p\u00e9nzt\u00e1rosa, a r. k. egyh\u00e1ztan\u00e1cs tagja volt. <br \/><strong>Irod.:<\/strong> Sz\u00e9kelyf\u00f6ld \u00ed. k.<\/br><\/p>\n","protected":false},"excerpt":{"rendered":"<p>G\u00f6rg\u00e9nyszentimre, 1897., \u2020 ? : fodr\u00e1szmester, keresked\u0151, kocsm\u00e1ros. \u2013 A fodr\u00e1szmesters\u00e9get Sz\u00e1szr\u00e9genben tanulta, felszabadult (1911). Debrecenben, Mv., Gyulafeh\u00e9rv\u00e1ron, Nagyenyeden seg\u00e9d; \u00f6n\u00e1ll\u00f3 lett G\u00f6rg\u00e9nyszentimr\u00e9n (1920), ott kocsm\u00e1ros \u00e9s vegyeskeresked\u0151 is (1930 \u2013). A Hitelsz\u00f6vetkezet fel\u00fcgyel\u0151 bizotts\u00e1g\u00e1nak tagja, az Iparosk\u00f6r p\u00e9nzt\u00e1rosa, a r. k. egyh\u00e1ztan\u00e1cs tagja volt. Irod.: Sz\u00e9kelyf\u00f6ld \u00ed. k.<\/p>\n","protected":false},"featured_media":0,"comment_status":"open","ping_status":"closed","template":"","meta":[],"product_brand":[],"product_cat":[137],"product_tag":[],"class_list":{"0":"post-1867","1":"product","2":"type-product","3":"status-publish","5":"product_cat-maros-megyei-eletrajzi-lexikon","7":"first","8":"instock","9":"shipping-taxable","10":"product-type-simple"},"_links":{"self":[{"href":"https:\/\/uj.adatbank.ro\/lexikon\/wp-json\/wp\/v2\/product\/1867","targetHints":{"allow":["GET"]}}],"collection":[{"href":"https:\/\/uj.adatbank.ro\/lexikon\/wp-json\/wp\/v2\/product"}],"about":[{"href":"https:\/\/uj.adatbank.ro\/lexikon\/wp-json\/wp\/v2\/types\/product"}],"replies":[{"embeddable":true,"href":"https:\/\/uj.adatbank.ro\/lexikon\/wp-json\/wp\/v2\/comments?post=1867"}],"wp:attachment":[{"href":"https:\/\/uj.adatbank.ro\/lexikon\/wp-json\/wp\/v2\/media?parent=1867"}],"wp:term":[{"taxonomy":"product_brand","embeddable":true,"href":"https:\/\/uj.adatbank.ro\/lexikon\/wp-json\/wp\/v2\/product_brand?post=1867"},{"taxonomy":"product_cat","embeddable":true,"href":"https:\/\/uj.adatbank.ro\/lexikon\/wp-json\/wp\/v2\/product_cat?post=1867"},{"taxonomy":"product_tag","embeddable":true,"href":"https:\/\/uj.adatbank.ro\/lexikon\/wp-json\/wp\/v2\/product_tag?post=1867"}],"curies":[{"name":"wp","href":"https:\/\/api.w.org\/{rel}","templated":true}]}}