{"id":18670,"date":"2025-07-16T11:01:05","date_gmt":"2025-07-16T09:01:05","guid":{"rendered":"https:\/\/uj.adatbank.ro\/lexikon\/termek\/popper-david\/"},"modified":"2025-07-16T11:01:05","modified_gmt":"2025-07-16T09:01:05","slug":"popper-david","status":"publish","type":"product","link":"https:\/\/uj.adatbank.ro\/lexikon\/termek\/popper-david\/","title":{"rendered":"POPPER, David"},"content":{"rendered":"<p>1843, \u2020 ? 1913: heged\u0171m\u0171v\u00e9sz, feles\u00e9ge Menter Sophie zongoram\u0171v\u00e9sz (1846, \u2020 1918) : Liszt Ferenc tan\u00edtv\u00e1nya, koncertezett Mv.-en (1877. febr. 18.). \u2013 Irod: Kim<\/br><\/p>\n","protected":false},"excerpt":{"rendered":"<p>1843, \u2020 ? 1913: heged\u0171m\u0171v\u00e9sz, feles\u00e9ge Menter Sophie zongoram\u0171v\u00e9sz (1846, \u2020 1918) : Liszt Ferenc tan\u00edtv\u00e1nya, koncertezett Mv.-en (1877. febr. 18.). \u2013 Irod: Kim<\/p>\n","protected":false},"featured_media":0,"comment_status":"open","ping_status":"closed","template":"","meta":[],"product_brand":[],"product_cat":[137],"product_tag":[],"class_list":{"0":"post-18670","1":"product","2":"type-product","3":"status-publish","5":"product_cat-maros-megyei-eletrajzi-lexikon","7":"first","8":"instock","9":"shipping-taxable","10":"product-type-simple"},"_links":{"self":[{"href":"https:\/\/uj.adatbank.ro\/lexikon\/wp-json\/wp\/v2\/product\/18670","targetHints":{"allow":["GET"]}}],"collection":[{"href":"https:\/\/uj.adatbank.ro\/lexikon\/wp-json\/wp\/v2\/product"}],"about":[{"href":"https:\/\/uj.adatbank.ro\/lexikon\/wp-json\/wp\/v2\/types\/product"}],"replies":[{"embeddable":true,"href":"https:\/\/uj.adatbank.ro\/lexikon\/wp-json\/wp\/v2\/comments?post=18670"}],"wp:attachment":[{"href":"https:\/\/uj.adatbank.ro\/lexikon\/wp-json\/wp\/v2\/media?parent=18670"}],"wp:term":[{"taxonomy":"product_brand","embeddable":true,"href":"https:\/\/uj.adatbank.ro\/lexikon\/wp-json\/wp\/v2\/product_brand?post=18670"},{"taxonomy":"product_cat","embeddable":true,"href":"https:\/\/uj.adatbank.ro\/lexikon\/wp-json\/wp\/v2\/product_cat?post=18670"},{"taxonomy":"product_tag","embeddable":true,"href":"https:\/\/uj.adatbank.ro\/lexikon\/wp-json\/wp\/v2\/product_tag?post=18670"}],"curies":[{"name":"wp","href":"https:\/\/api.w.org\/{rel}","templated":true}]}}