{"id":18671,"date":"2025-07-16T11:01:11","date_gmt":"2025-07-16T09:01:11","guid":{"rendered":"https:\/\/uj.adatbank.ro\/lexikon\/termek\/popper-hugo\/"},"modified":"2025-07-16T11:01:11","modified_gmt":"2025-07-16T09:01:11","slug":"popper-hugo","status":"publish","type":"product","link":"https:\/\/uj.adatbank.ro\/lexikon\/termek\/popper-hugo\/","title":{"rendered":"POPPER Hug\u00f3"},"content":{"rendered":"<p>Fels\u0151stubnya, 1892, \u2020\u00a01945: orvos. \u2013 Mv.-en k\u00f6rorvos. Bevonult az 1. h. gy. e. honv\u00e9dhely\u0151rs\u00e9gi k\u00f3rh\u00e1z\u00e1ban (1913). R\u00e9szt vett az I. vh.-ban (1914\u201318), az orosz frontra vitt\u00e9k. Kit\u00fcntett\u00e9k a K\u00e1roly Csapatkereszttel. Ny\u00e1r\u00e1dszentannai \u00e9s a ny\u00e1r\u00e1dszeredai ref. templom faragott sz\u00f3sz\u00e9k\u00e9nek a k\u00e9sz\u00edttet\u0151je (1930.\u201338-as \u00e9vekben). Val\u00f3sz\u00edn\u0171 Ny\u00e1r\u00e1dszered\u00e1ban k\u00f6rzeti orvos (1941). <br \/><strong>Irod.:<\/strong> B\u00e1lint Zsigmond 2010; Erd\u00e9lyi ezredek; Kiss Cs.M.3. Kiss\u2013P\u00e9terffy\u2013P\u00e9terffy<\/br><\/p>\n","protected":false},"excerpt":{"rendered":"<p>Fels\u0151stubnya, 1892, \u2020\u00a01945: orvos. \u2013 Mv.-en k\u00f6rorvos. Bevonult az 1. h. gy. e. honv\u00e9dhely\u0151rs\u00e9gi k\u00f3rh\u00e1z\u00e1ban (1913). R\u00e9szt vett az I. vh.-ban (1914\u201318), az orosz frontra vitt\u00e9k. Kit\u00fcntett\u00e9k a K\u00e1roly Csapatkereszttel. Ny\u00e1r\u00e1dszentannai \u00e9s a ny\u00e1r\u00e1dszeredai ref. templom faragott sz\u00f3sz\u00e9k\u00e9nek a k\u00e9sz\u00edttet\u0151je (1930.\u201338-as \u00e9vekben). Val\u00f3sz\u00edn\u0171 Ny\u00e1r\u00e1dszered\u00e1ban k\u00f6rzeti orvos (1941). Irod.: B\u00e1lint Zsigmond 2010; Erd\u00e9lyi ezredek; Kiss Cs.M.3. [&hellip;]<\/p>\n","protected":false},"featured_media":0,"comment_status":"open","ping_status":"closed","template":"","meta":[],"product_brand":[],"product_cat":[137],"product_tag":[],"class_list":{"0":"post-18671","1":"product","2":"type-product","3":"status-publish","5":"product_cat-maros-megyei-eletrajzi-lexikon","7":"first","8":"instock","9":"shipping-taxable","10":"product-type-simple"},"_links":{"self":[{"href":"https:\/\/uj.adatbank.ro\/lexikon\/wp-json\/wp\/v2\/product\/18671","targetHints":{"allow":["GET"]}}],"collection":[{"href":"https:\/\/uj.adatbank.ro\/lexikon\/wp-json\/wp\/v2\/product"}],"about":[{"href":"https:\/\/uj.adatbank.ro\/lexikon\/wp-json\/wp\/v2\/types\/product"}],"replies":[{"embeddable":true,"href":"https:\/\/uj.adatbank.ro\/lexikon\/wp-json\/wp\/v2\/comments?post=18671"}],"wp:attachment":[{"href":"https:\/\/uj.adatbank.ro\/lexikon\/wp-json\/wp\/v2\/media?parent=18671"}],"wp:term":[{"taxonomy":"product_brand","embeddable":true,"href":"https:\/\/uj.adatbank.ro\/lexikon\/wp-json\/wp\/v2\/product_brand?post=18671"},{"taxonomy":"product_cat","embeddable":true,"href":"https:\/\/uj.adatbank.ro\/lexikon\/wp-json\/wp\/v2\/product_cat?post=18671"},{"taxonomy":"product_tag","embeddable":true,"href":"https:\/\/uj.adatbank.ro\/lexikon\/wp-json\/wp\/v2\/product_tag?post=18671"}],"curies":[{"name":"wp","href":"https:\/\/api.w.org\/{rel}","templated":true}]}}