{"id":18673,"date":"2025-07-16T11:01:16","date_gmt":"2025-07-16T09:01:16","guid":{"rendered":"https:\/\/uj.adatbank.ro\/lexikon\/termek\/poptamas-dumitru-%c2%a7-poptamas-dimitrie\/"},"modified":"2025-07-16T11:01:16","modified_gmt":"2025-07-16T09:01:16","slug":"poptamas-dumitru-%c2%a7-poptamas-dimitrie","status":"publish","type":"product","link":"https:\/\/uj.adatbank.ro\/lexikon\/termek\/poptamas-dumitru-%c2%a7-poptamas-dimitrie\/","title":{"rendered":"POPT\u0102MA\u015e, Dumitru, \u00a7 Popt\u0103ma\u015f, Dimitrie"},"content":{"rendered":"<p>N\u00e9ma, 1908. febr. 1., \u2020\u00a0Mv., 2003. okt. 31.: g. kat. pap. \u2013 Sz\u00fcl\u0151faluj\u00e1ban tanult, Mv.-en az Al. Papiu Ilarian L\u00edc.-ban \u00e9retts\u00e9gizett (1930), majd a bal\u00e1zsfalvi g. kat. Teol\u00f3gi\u00e1n v\u00e9gzett (1935). Feles\u00e9ge Comes M\u00e1ria tan\u00edt\u00f3n\u0151 (1935\u2013), t\u00edz gyermek anyja, k\u00f6z\u00fcl\u00fck Dimitrie (Mez\u0151r\u00fccs, 1938. \u00e1pr. 25. \u2013), k\u00f6nyvt\u00e1ros, majd igazgat\u00f3 a Maros Megyei K\u00f6nyvt\u00e1rban. Felszentelt\u00e9k \u00e9s pap volt N\u00e9m\u00e1n (1935\u201338), Mez\u0151majoson, ameddig a g. kat. egyh\u00e1zat felsz\u00e1molt\u00e1k (1938\u201348) \u00e9s a csal\u00e1dnak 24 \u00f3r\u00e1n bel\u00fcl el kellett hagynia a par\u00f3ki\u00e1t. Mez\u0151majoson szolg\u00e1lt \u00f6nk\u00e9ntesen, k\u00e9t papt\u00e1rs\u00e1val, Grigore Dogaru \u00e9s Ioan Con\u0163-cal egy\u00fctt, de a hat\u00f3s\u00e1gok k\u00e9nyszer\u00edtett\u00e9k a falu elhagy\u00e1s\u00e1ra. Mv.-en neh\u00e9z, megal\u00e1z\u00f3 \u00e9vek k\u00f6vetkeztek, dolgozott az \u00c9p\u00edtkez\u00e9si tr\u00f6sztn\u00e9l, Centrofarmn\u00e1l, az Eg\u00e9szs\u00e9g\u00fcgyi Igazgat\u00f3s\u00e1gn\u00e1l nyugd\u00edjaz\u00e1s\u00e1ig (1970). Sz\u00e1mtalanszor kihallgatt\u00e1k, letart\u00f3ztatt\u00e1k a titokban folytatott vall\u00e1si tev\u00e9kenys\u00e9g v\u00e1dj\u00e1val. A feles\u00e9g\u00e9t elbocs\u00e1jtott\u00e1k a tan\u00fcgyb\u0151l, a gyermekei el\u0151l elz\u00e1rt\u00e1k a tanul\u00e1si lehet\u0151s\u00e9get. Visszahelyezt\u00e9k jogaiba a g. kat. egyh\u00e1zat (1989 ut\u00e1n), Mv \u2013 en, Mez\u0151majoson, Nima R\u00e2ciului, \u015e\u0103ulia, Marosszentkir\u00e1ly, Marosszentgy\u00f6rgy\u00f6n 68 \u00e9vet szolg\u00e1lta a g. kat. egyh\u00e1zat. <br \/><strong>Irod.:<\/strong> csal\u00e1di inf.; \u015etirban, Codru\u0163a Maria, \u015etirban, Marcel: Din istoria Bisericii Rom\u00e2ne Unite, 1945\u20131989 (Satu Mare, 2000); Palcu, Ovidiu: Biserica durerii (Blaj, 2002); \u015eincan 2006; Todea 2013<\/br><\/p>\n","protected":false},"excerpt":{"rendered":"<p>N\u00e9ma, 1908. febr. 1., \u2020\u00a0Mv., 2003. okt. 31.: g. kat. pap. \u2013 Sz\u00fcl\u0151faluj\u00e1ban tanult, Mv.-en az Al. Papiu Ilarian L\u00edc.-ban \u00e9retts\u00e9gizett (1930), majd a bal\u00e1zsfalvi g. kat. Teol\u00f3gi\u00e1n v\u00e9gzett (1935). Feles\u00e9ge Comes M\u00e1ria tan\u00edt\u00f3n\u0151 (1935\u2013), t\u00edz gyermek anyja, k\u00f6z\u00fcl\u00fck Dimitrie (Mez\u0151r\u00fccs, 1938. \u00e1pr. 25. \u2013), k\u00f6nyvt\u00e1ros, majd igazgat\u00f3 a Maros Megyei K\u00f6nyvt\u00e1rban. Felszentelt\u00e9k \u00e9s pap [&hellip;]<\/p>\n","protected":false},"featured_media":0,"comment_status":"open","ping_status":"closed","template":"","meta":[],"product_brand":[],"product_cat":[137],"product_tag":[],"class_list":{"0":"post-18673","1":"product","2":"type-product","3":"status-publish","5":"product_cat-maros-megyei-eletrajzi-lexikon","7":"first","8":"instock","9":"shipping-taxable","10":"product-type-simple"},"_links":{"self":[{"href":"https:\/\/uj.adatbank.ro\/lexikon\/wp-json\/wp\/v2\/product\/18673","targetHints":{"allow":["GET"]}}],"collection":[{"href":"https:\/\/uj.adatbank.ro\/lexikon\/wp-json\/wp\/v2\/product"}],"about":[{"href":"https:\/\/uj.adatbank.ro\/lexikon\/wp-json\/wp\/v2\/types\/product"}],"replies":[{"embeddable":true,"href":"https:\/\/uj.adatbank.ro\/lexikon\/wp-json\/wp\/v2\/comments?post=18673"}],"wp:attachment":[{"href":"https:\/\/uj.adatbank.ro\/lexikon\/wp-json\/wp\/v2\/media?parent=18673"}],"wp:term":[{"taxonomy":"product_brand","embeddable":true,"href":"https:\/\/uj.adatbank.ro\/lexikon\/wp-json\/wp\/v2\/product_brand?post=18673"},{"taxonomy":"product_cat","embeddable":true,"href":"https:\/\/uj.adatbank.ro\/lexikon\/wp-json\/wp\/v2\/product_cat?post=18673"},{"taxonomy":"product_tag","embeddable":true,"href":"https:\/\/uj.adatbank.ro\/lexikon\/wp-json\/wp\/v2\/product_tag?post=18673"}],"curies":[{"name":"wp","href":"https:\/\/api.w.org\/{rel}","templated":true}]}}