{"id":18674,"date":"2025-07-16T11:01:18","date_gmt":"2025-07-16T09:01:18","guid":{"rendered":"https:\/\/uj.adatbank.ro\/lexikon\/termek\/poptamas-maria-paulina-%c2%a7-sz-comes\/"},"modified":"2025-07-16T11:01:18","modified_gmt":"2025-07-16T09:01:18","slug":"poptamas-maria-paulina-%c2%a7-sz-comes","status":"publish","type":"product","link":"https:\/\/uj.adatbank.ro\/lexikon\/termek\/poptamas-maria-paulina-%c2%a7-sz-comes\/","title":{"rendered":"POPT\u0102MA\u015e, Maria Paulina, \u00a7 sz. Comes"},"content":{"rendered":"<p>1913. dec. 3, \u2020\u00a0Mv., 2004. j\u00fal. 19.:\u00a0tan\u00edt\u00f3n\u0151. \u2013 Mv.-en az Unirea L\u00edc.-ban (1927\u201330), Bal\u00e1zsfalv\u00e1n a tan\u00edt\u00f3k\u00e9pz\u0151ben tanult (1930\u201333), majd Kv.-on tan\u00edt\u00f3i okl.-t szerzett (1934).Tan\u00edtott : Disznaj\u00f3n, N\u00e9m\u00e1n, B\u00f6l\u00f6nben, Nagyercs\u00e9ben \u00e9s Mez\u0151majoson. Minden tan\u00fcgyi fokozatot megszerzett: v\u00e9gleges\u00edt\u0151, II.-es \u00e9s I.fokozat. A B\u00e9csi Dikt\u00e1tum ut\u00e1n Mez\u0151majoson elt\u00e1vol\u00edtott\u00e1k a tan\u00fcgyb\u0151l (1940). A rendszerv\u00e1ltoz\u00e1s ut\u00e1n g\u00f6r.-kat. lelk\u00e9sz f\u00e9rj\u00e9t vall\u00e1sa miatt megfosztott\u00e1k \u00e1ll\u00e1s\u00e1t\u00f3l (1948), a t\u00edzgyermekes any\u00e1t, Pusztaalm\u00e1sra helyezt\u00e9k \u00e1t, majd v\u00e9gleg menesztett\u00e9k tan\u00edt\u00f3i \u00e1ll\u00e1s\u00e1b\u00f3l, gyermekeiket kitett\u00e9k a mv.-i iskol\u00e1kb\u00f3l (1952). Mv.-re k\u00f6lt\u00f6ztek, ahol a Megyei K\u00f6nyveloszt\u00f3 V\u00e1llalatn\u00e1l dolgozott, majd onnan nyugd\u00edjazt\u00e1k. <br \/><strong>Irod.:<\/strong> Dasc\u0103li mure\u015feni 3.<\/br><\/p>\n","protected":false},"excerpt":{"rendered":"<p>1913. dec. 3, \u2020\u00a0Mv., 2004. j\u00fal. 19.:\u00a0tan\u00edt\u00f3n\u0151. \u2013 Mv.-en az Unirea L\u00edc.-ban (1927\u201330), Bal\u00e1zsfalv\u00e1n a tan\u00edt\u00f3k\u00e9pz\u0151ben tanult (1930\u201333), majd Kv.-on tan\u00edt\u00f3i okl.-t szerzett (1934).Tan\u00edtott : Disznaj\u00f3n, N\u00e9m\u00e1n, B\u00f6l\u00f6nben, Nagyercs\u00e9ben \u00e9s Mez\u0151majoson. Minden tan\u00fcgyi fokozatot megszerzett: v\u00e9gleges\u00edt\u0151, II.-es \u00e9s I.fokozat. A B\u00e9csi Dikt\u00e1tum ut\u00e1n Mez\u0151majoson elt\u00e1vol\u00edtott\u00e1k a tan\u00fcgyb\u0151l (1940). A rendszerv\u00e1ltoz\u00e1s ut\u00e1n g\u00f6r.-kat. lelk\u00e9sz f\u00e9rj\u00e9t vall\u00e1sa [&hellip;]<\/p>\n","protected":false},"featured_media":0,"comment_status":"open","ping_status":"closed","template":"","meta":[],"product_brand":[],"product_cat":[137],"product_tag":[],"class_list":{"0":"post-18674","1":"product","2":"type-product","3":"status-publish","5":"product_cat-maros-megyei-eletrajzi-lexikon","7":"first","8":"instock","9":"shipping-taxable","10":"product-type-simple"},"_links":{"self":[{"href":"https:\/\/uj.adatbank.ro\/lexikon\/wp-json\/wp\/v2\/product\/18674","targetHints":{"allow":["GET"]}}],"collection":[{"href":"https:\/\/uj.adatbank.ro\/lexikon\/wp-json\/wp\/v2\/product"}],"about":[{"href":"https:\/\/uj.adatbank.ro\/lexikon\/wp-json\/wp\/v2\/types\/product"}],"replies":[{"embeddable":true,"href":"https:\/\/uj.adatbank.ro\/lexikon\/wp-json\/wp\/v2\/comments?post=18674"}],"wp:attachment":[{"href":"https:\/\/uj.adatbank.ro\/lexikon\/wp-json\/wp\/v2\/media?parent=18674"}],"wp:term":[{"taxonomy":"product_brand","embeddable":true,"href":"https:\/\/uj.adatbank.ro\/lexikon\/wp-json\/wp\/v2\/product_brand?post=18674"},{"taxonomy":"product_cat","embeddable":true,"href":"https:\/\/uj.adatbank.ro\/lexikon\/wp-json\/wp\/v2\/product_cat?post=18674"},{"taxonomy":"product_tag","embeddable":true,"href":"https:\/\/uj.adatbank.ro\/lexikon\/wp-json\/wp\/v2\/product_tag?post=18674"}],"curies":[{"name":"wp","href":"https:\/\/api.w.org\/{rel}","templated":true}]}}