{"id":18675,"date":"2025-07-16T11:01:20","date_gmt":"2025-07-16T09:01:20","guid":{"rendered":"https:\/\/uj.adatbank.ro\/lexikon\/termek\/pop-tofolean-livia-%c2%a7\/"},"modified":"2025-07-16T11:01:20","modified_gmt":"2025-07-16T09:01:20","slug":"pop-tofolean-livia-%c2%a7","status":"publish","type":"product","link":"https:\/\/uj.adatbank.ro\/lexikon\/termek\/pop-tofolean-livia-%c2%a7\/","title":{"rendered":"POP-TOFOLEAN Livia, \u00a7"},"content":{"rendered":"<p>1922. m\u00e1rc. 25. \u2020 ? : tan\u00e1r, k\u00f6nyvt\u00e1ros. \u2013 F\u00e9rje: 1. Duncan, ?; 2. Sab\u0103u, Alexandru tan\u00e1r. \u2013 Hossz\u00fa \u00e9vekig rom\u00e1n irodalmat tan\u00edtott mv.-i iskol\u00e1kban. A MMK bibliogr\u00e1fusa nyugd\u00edjaz\u00e1s\u00e1ig (1967. m\u00e1rc. 1.\u20131979. nov. 1.). <strong>F. m.:<\/strong>. <strong>t\u00e1rssz.:<\/strong> Bibliografia mure\u015fean\u0103, 1971.(F\u00fcl\u00f6p M\u00e1ri\u00e1val; Tg. M., 1974.). <br \/><strong>Irod.:<\/strong> MMK<\/br><\/p>\n","protected":false},"excerpt":{"rendered":"<p>1922. m\u00e1rc. 25. \u2020 ? : tan\u00e1r, k\u00f6nyvt\u00e1ros. \u2013 F\u00e9rje: 1. Duncan, ?; 2. Sab\u0103u, Alexandru tan\u00e1r. \u2013 Hossz\u00fa \u00e9vekig rom\u00e1n irodalmat tan\u00edtott mv.-i iskol\u00e1kban. A MMK bibliogr\u00e1fusa nyugd\u00edjaz\u00e1s\u00e1ig (1967. m\u00e1rc. 1.\u20131979. nov. 1.). F. m.:. t\u00e1rssz.: Bibliografia mure\u015fean\u0103, 1971.(F\u00fcl\u00f6p M\u00e1ri\u00e1val; Tg. M., 1974.). Irod.: MMK<\/p>\n","protected":false},"featured_media":0,"comment_status":"open","ping_status":"closed","template":"","meta":[],"product_brand":[],"product_cat":[137],"product_tag":[],"class_list":{"0":"post-18675","1":"product","2":"type-product","3":"status-publish","5":"product_cat-maros-megyei-eletrajzi-lexikon","7":"first","8":"instock","9":"shipping-taxable","10":"product-type-simple"},"_links":{"self":[{"href":"https:\/\/uj.adatbank.ro\/lexikon\/wp-json\/wp\/v2\/product\/18675","targetHints":{"allow":["GET"]}}],"collection":[{"href":"https:\/\/uj.adatbank.ro\/lexikon\/wp-json\/wp\/v2\/product"}],"about":[{"href":"https:\/\/uj.adatbank.ro\/lexikon\/wp-json\/wp\/v2\/types\/product"}],"replies":[{"embeddable":true,"href":"https:\/\/uj.adatbank.ro\/lexikon\/wp-json\/wp\/v2\/comments?post=18675"}],"wp:attachment":[{"href":"https:\/\/uj.adatbank.ro\/lexikon\/wp-json\/wp\/v2\/media?parent=18675"}],"wp:term":[{"taxonomy":"product_brand","embeddable":true,"href":"https:\/\/uj.adatbank.ro\/lexikon\/wp-json\/wp\/v2\/product_brand?post=18675"},{"taxonomy":"product_cat","embeddable":true,"href":"https:\/\/uj.adatbank.ro\/lexikon\/wp-json\/wp\/v2\/product_cat?post=18675"},{"taxonomy":"product_tag","embeddable":true,"href":"https:\/\/uj.adatbank.ro\/lexikon\/wp-json\/wp\/v2\/product_tag?post=18675"}],"curies":[{"name":"wp","href":"https:\/\/api.w.org\/{rel}","templated":true}]}}