{"id":18676,"date":"2025-07-16T11:01:21","date_gmt":"2025-07-16T09:01:21","guid":{"rendered":"https:\/\/uj.adatbank.ro\/lexikon\/termek\/popu-emil\/"},"modified":"2025-07-16T11:01:21","modified_gmt":"2025-07-16T09:01:21","slug":"popu-emil","status":"publish","type":"product","link":"https:\/\/uj.adatbank.ro\/lexikon\/termek\/popu-emil\/","title":{"rendered":"POPU, Emil"},"content":{"rendered":"<p>Maroskece, 1883. febr. 24., \u2020\u00a0?: jog\u00e1sz. \u2013 A g.-kat. gimn.-ban Bal\u00e1zsfalv\u00e1n tanult, jogot Kv.-on v\u00e9gzett (1901\u201306). \u2013 Irod: Sigmirean<\/br><\/p>\n","protected":false},"excerpt":{"rendered":"<p>Maroskece, 1883. febr. 24., \u2020\u00a0?: jog\u00e1sz. \u2013 A g.-kat. gimn.-ban Bal\u00e1zsfalv\u00e1n tanult, jogot Kv.-on v\u00e9gzett (1901\u201306). \u2013 Irod: Sigmirean<\/p>\n","protected":false},"featured_media":0,"comment_status":"open","ping_status":"closed","template":"","meta":[],"product_brand":[],"product_cat":[137],"product_tag":[],"class_list":{"0":"post-18676","1":"product","2":"type-product","3":"status-publish","5":"product_cat-maros-megyei-eletrajzi-lexikon","7":"first","8":"instock","9":"shipping-taxable","10":"product-type-simple"},"_links":{"self":[{"href":"https:\/\/uj.adatbank.ro\/lexikon\/wp-json\/wp\/v2\/product\/18676","targetHints":{"allow":["GET"]}}],"collection":[{"href":"https:\/\/uj.adatbank.ro\/lexikon\/wp-json\/wp\/v2\/product"}],"about":[{"href":"https:\/\/uj.adatbank.ro\/lexikon\/wp-json\/wp\/v2\/types\/product"}],"replies":[{"embeddable":true,"href":"https:\/\/uj.adatbank.ro\/lexikon\/wp-json\/wp\/v2\/comments?post=18676"}],"wp:attachment":[{"href":"https:\/\/uj.adatbank.ro\/lexikon\/wp-json\/wp\/v2\/media?parent=18676"}],"wp:term":[{"taxonomy":"product_brand","embeddable":true,"href":"https:\/\/uj.adatbank.ro\/lexikon\/wp-json\/wp\/v2\/product_brand?post=18676"},{"taxonomy":"product_cat","embeddable":true,"href":"https:\/\/uj.adatbank.ro\/lexikon\/wp-json\/wp\/v2\/product_cat?post=18676"},{"taxonomy":"product_tag","embeddable":true,"href":"https:\/\/uj.adatbank.ro\/lexikon\/wp-json\/wp\/v2\/product_tag?post=18676"}],"curies":[{"name":"wp","href":"https:\/\/api.w.org\/{rel}","templated":true}]}}