{"id":18677,"date":"2025-07-16T11:01:23","date_gmt":"2025-07-16T09:01:23","guid":{"rendered":"https:\/\/uj.adatbank.ro\/lexikon\/termek\/popu-florea\/"},"modified":"2025-07-16T11:01:23","modified_gmt":"2025-07-16T09:01:23","slug":"popu-florea","status":"publish","type":"product","link":"https:\/\/uj.adatbank.ro\/lexikon\/termek\/popu-florea\/","title":{"rendered":"POPU, Florea"},"content":{"rendered":"<p>1817., \u2020 1882. m\u00e1rc.: g. kat. pap. \u2013 Papp\u00e1 szentelt\u00e9k (1839). G\u00f6rg\u00e9nys\u00f3akn\u00e1n, majd G\u00f6rg\u00e9nyadorj\u00e1nba szolg\u00e1lt (1856\u2013).). <br \/><strong>Irod.:<\/strong> Dobozi<\/br><\/p>\n","protected":false},"excerpt":{"rendered":"<p>1817., \u2020 1882. m\u00e1rc.: g. kat. pap. \u2013 Papp\u00e1 szentelt\u00e9k (1839). G\u00f6rg\u00e9nys\u00f3akn\u00e1n, majd G\u00f6rg\u00e9nyadorj\u00e1nba szolg\u00e1lt (1856\u2013).). Irod.: Dobozi<\/p>\n","protected":false},"featured_media":0,"comment_status":"open","ping_status":"closed","template":"","meta":[],"product_brand":[],"product_cat":[137],"product_tag":[],"class_list":{"0":"post-18677","1":"product","2":"type-product","3":"status-publish","5":"product_cat-maros-megyei-eletrajzi-lexikon","7":"first","8":"instock","9":"shipping-taxable","10":"product-type-simple"},"_links":{"self":[{"href":"https:\/\/uj.adatbank.ro\/lexikon\/wp-json\/wp\/v2\/product\/18677","targetHints":{"allow":["GET"]}}],"collection":[{"href":"https:\/\/uj.adatbank.ro\/lexikon\/wp-json\/wp\/v2\/product"}],"about":[{"href":"https:\/\/uj.adatbank.ro\/lexikon\/wp-json\/wp\/v2\/types\/product"}],"replies":[{"embeddable":true,"href":"https:\/\/uj.adatbank.ro\/lexikon\/wp-json\/wp\/v2\/comments?post=18677"}],"wp:attachment":[{"href":"https:\/\/uj.adatbank.ro\/lexikon\/wp-json\/wp\/v2\/media?parent=18677"}],"wp:term":[{"taxonomy":"product_brand","embeddable":true,"href":"https:\/\/uj.adatbank.ro\/lexikon\/wp-json\/wp\/v2\/product_brand?post=18677"},{"taxonomy":"product_cat","embeddable":true,"href":"https:\/\/uj.adatbank.ro\/lexikon\/wp-json\/wp\/v2\/product_cat?post=18677"},{"taxonomy":"product_tag","embeddable":true,"href":"https:\/\/uj.adatbank.ro\/lexikon\/wp-json\/wp\/v2\/product_tag?post=18677"}],"curies":[{"name":"wp","href":"https:\/\/api.w.org\/{rel}","templated":true}]}}