{"id":18679,"date":"2025-07-16T11:01:28","date_gmt":"2025-07-16T09:01:28","guid":{"rendered":"https:\/\/uj.adatbank.ro\/lexikon\/termek\/popu-ladislau-vasile\/"},"modified":"2025-07-16T11:01:28","modified_gmt":"2025-07-16T09:01:28","slug":"popu-ladislau-vasile","status":"publish","type":"product","link":"https:\/\/uj.adatbank.ro\/lexikon\/termek\/popu-ladislau-vasile\/","title":{"rendered":"POPU, Ladislau Vasile"},"content":{"rendered":"<p>N\u00e1dasberend, 1819. jan. 6., \u2020 Bp., 1875. febr. 17.: \u00fcgyv\u00e9d.- A Rom\u00e1n Prometeusz-nak nevezt\u00e9k. A mv.-i Kir\u00e1lyi T\u00e1bla kancellist\u00e1ja, Erd\u00e9ly alkorm\u00e1nyz\u00f3ja, az ASTRA eln\u00f6ke. Sokat tett a tudom\u00e1ny terjeszt\u00e9s\u00e9\u00e9rt a falusi emberek k\u00f6r\u00e9ben \u00e9s a rom\u00e1ns\u00e1g jogainak kiv\u00edv\u00e1s\u00e1\u00e9rt a Habsburg Birod.-ban. <br \/><strong>Irod.:<\/strong> Personalit\u0103\u0163i mure\u015fene<\/br><\/p>\n","protected":false},"excerpt":{"rendered":"<p>N\u00e1dasberend, 1819. jan. 6., \u2020 Bp., 1875. febr. 17.: \u00fcgyv\u00e9d.- A Rom\u00e1n Prometeusz-nak nevezt\u00e9k. A mv.-i Kir\u00e1lyi T\u00e1bla kancellist\u00e1ja, Erd\u00e9ly alkorm\u00e1nyz\u00f3ja, az ASTRA eln\u00f6ke. Sokat tett a tudom\u00e1ny terjeszt\u00e9s\u00e9\u00e9rt a falusi emberek k\u00f6r\u00e9ben \u00e9s a rom\u00e1ns\u00e1g jogainak kiv\u00edv\u00e1s\u00e1\u00e9rt a Habsburg Birod.-ban. Irod.: Personalit\u0103\u0163i mure\u015fene<\/p>\n","protected":false},"featured_media":0,"comment_status":"open","ping_status":"closed","template":"","meta":[],"product_brand":[],"product_cat":[137],"product_tag":[],"class_list":{"0":"post-18679","1":"product","2":"type-product","3":"status-publish","5":"product_cat-maros-megyei-eletrajzi-lexikon","7":"first","8":"instock","9":"shipping-taxable","10":"product-type-simple"},"_links":{"self":[{"href":"https:\/\/uj.adatbank.ro\/lexikon\/wp-json\/wp\/v2\/product\/18679","targetHints":{"allow":["GET"]}}],"collection":[{"href":"https:\/\/uj.adatbank.ro\/lexikon\/wp-json\/wp\/v2\/product"}],"about":[{"href":"https:\/\/uj.adatbank.ro\/lexikon\/wp-json\/wp\/v2\/types\/product"}],"replies":[{"embeddable":true,"href":"https:\/\/uj.adatbank.ro\/lexikon\/wp-json\/wp\/v2\/comments?post=18679"}],"wp:attachment":[{"href":"https:\/\/uj.adatbank.ro\/lexikon\/wp-json\/wp\/v2\/media?parent=18679"}],"wp:term":[{"taxonomy":"product_brand","embeddable":true,"href":"https:\/\/uj.adatbank.ro\/lexikon\/wp-json\/wp\/v2\/product_brand?post=18679"},{"taxonomy":"product_cat","embeddable":true,"href":"https:\/\/uj.adatbank.ro\/lexikon\/wp-json\/wp\/v2\/product_cat?post=18679"},{"taxonomy":"product_tag","embeddable":true,"href":"https:\/\/uj.adatbank.ro\/lexikon\/wp-json\/wp\/v2\/product_tag?post=18679"}],"curies":[{"name":"wp","href":"https:\/\/api.w.org\/{rel}","templated":true}]}}