{"id":1868,"date":"2025-06-28T11:55:51","date_gmt":"2025-06-28T09:55:51","guid":{"rendered":"https:\/\/uj.adatbank.ro\/lexikon\/termek\/baki-janos\/"},"modified":"2025-06-28T11:55:51","modified_gmt":"2025-06-28T09:55:51","slug":"baki-janos","status":"publish","type":"product","link":"https:\/\/uj.adatbank.ro\/lexikon\/termek\/baki-janos\/","title":{"rendered":"BAKI J\u00e1nos"},"content":{"rendered":"<p>Sz\u00e1szr\u00e9gen, 1931. j\u00fal. 17., \u2020 Sz\u00e1szr\u00e9gen, 1994. aug. 10.: keresked\u0151. \u2013 Letart\u00f3ztatt\u00e1k (1960. szept. 28.) azzal a v\u00e1ddal, hogy egy t\u00edz tag\u00fa csoporttal fel akart\u00e1k robbantani a sz\u00e1szr\u00e9geni p\u00e1rtsz\u00e9kh\u00e1zat. 12 \u00e9vre \u00edt\u00e9lt\u00e9k. Ostrovr\u00f3l szabadult (1964. aug. 1.). Hazat\u00e9r\u00e9se ut\u00e1n tov\u00e1bbra is a kereskedelemben dolgozott. \u2013 Irod: 1956 Erd\u00e9lyben<\/br><\/p>\n","protected":false},"excerpt":{"rendered":"<p>Sz\u00e1szr\u00e9gen, 1931. j\u00fal. 17., \u2020 Sz\u00e1szr\u00e9gen, 1994. aug. 10.: keresked\u0151. \u2013 Letart\u00f3ztatt\u00e1k (1960. szept. 28.) azzal a v\u00e1ddal, hogy egy t\u00edz tag\u00fa csoporttal fel akart\u00e1k robbantani a sz\u00e1szr\u00e9geni p\u00e1rtsz\u00e9kh\u00e1zat. 12 \u00e9vre \u00edt\u00e9lt\u00e9k. Ostrovr\u00f3l szabadult (1964. aug. 1.). Hazat\u00e9r\u00e9se ut\u00e1n tov\u00e1bbra is a kereskedelemben dolgozott. \u2013 Irod: 1956 Erd\u00e9lyben<\/p>\n","protected":false},"featured_media":0,"comment_status":"open","ping_status":"closed","template":"","meta":[],"product_brand":[],"product_cat":[137],"product_tag":[],"class_list":{"0":"post-1868","1":"product","2":"type-product","3":"status-publish","5":"product_cat-maros-megyei-eletrajzi-lexikon","7":"first","8":"instock","9":"shipping-taxable","10":"product-type-simple"},"_links":{"self":[{"href":"https:\/\/uj.adatbank.ro\/lexikon\/wp-json\/wp\/v2\/product\/1868","targetHints":{"allow":["GET"]}}],"collection":[{"href":"https:\/\/uj.adatbank.ro\/lexikon\/wp-json\/wp\/v2\/product"}],"about":[{"href":"https:\/\/uj.adatbank.ro\/lexikon\/wp-json\/wp\/v2\/types\/product"}],"replies":[{"embeddable":true,"href":"https:\/\/uj.adatbank.ro\/lexikon\/wp-json\/wp\/v2\/comments?post=1868"}],"wp:attachment":[{"href":"https:\/\/uj.adatbank.ro\/lexikon\/wp-json\/wp\/v2\/media?parent=1868"}],"wp:term":[{"taxonomy":"product_brand","embeddable":true,"href":"https:\/\/uj.adatbank.ro\/lexikon\/wp-json\/wp\/v2\/product_brand?post=1868"},{"taxonomy":"product_cat","embeddable":true,"href":"https:\/\/uj.adatbank.ro\/lexikon\/wp-json\/wp\/v2\/product_cat?post=1868"},{"taxonomy":"product_tag","embeddable":true,"href":"https:\/\/uj.adatbank.ro\/lexikon\/wp-json\/wp\/v2\/product_tag?post=1868"}],"curies":[{"name":"wp","href":"https:\/\/api.w.org\/{rel}","templated":true}]}}