{"id":18682,"date":"2025-07-16T11:01:35","date_gmt":"2025-07-16T09:01:35","guid":{"rendered":"https:\/\/uj.adatbank.ro\/lexikon\/termek\/popu-vasile-pop-vasile-papp-basilius-ladislaus-az-1900-as-sematizmusban-ez-utobbi-nev-szerepel\/"},"modified":"2025-07-16T11:01:35","modified_gmt":"2025-07-16T09:01:35","slug":"popu-vasile-pop-vasile-papp-basilius-ladislaus-az-1900-as-sematizmusban-ez-utobbi-nev-szerepel","status":"publish","type":"product","link":"https:\/\/uj.adatbank.ro\/lexikon\/termek\/popu-vasile-pop-vasile-papp-basilius-ladislaus-az-1900-as-sematizmusban-ez-utobbi-nev-szerepel\/","title":{"rendered":"POPU, Vasile; Pop Vasile; Papp Basilius Ladislaus (az 1900-as Sematizmusban ez ut\u00f3bbi n\u00e9v szerepel)"},"content":{"rendered":"<p>1789.? \u2020\u00a0H\u00e9tb\u00fckk, 1869. j\u00fal. 4.: g. kat. pap. \u2013 Sz\u00e1szp\u00e9ntekben (Beszterce Nasz\u00f3d) szolg\u00e1lt. Ioan Bob p\u00fcsp\u00f6k H\u00e9tb\u00fckkbe helyezte szolg\u00e1lni (1814. aug.12.\u2013). <br \/><strong>Irod.:<\/strong> Dobozi; Reghin, Protopopiat<\/br><\/p>\n","protected":false},"excerpt":{"rendered":"<p>1789.? \u2020\u00a0H\u00e9tb\u00fckk, 1869. j\u00fal. 4.: g. kat. pap. \u2013 Sz\u00e1szp\u00e9ntekben (Beszterce Nasz\u00f3d) szolg\u00e1lt. Ioan Bob p\u00fcsp\u00f6k H\u00e9tb\u00fckkbe helyezte szolg\u00e1lni (1814. aug.12.\u2013). Irod.: Dobozi; Reghin, Protopopiat<\/p>\n","protected":false},"featured_media":0,"comment_status":"open","ping_status":"closed","template":"","meta":[],"product_brand":[],"product_cat":[137],"product_tag":[],"class_list":{"0":"post-18682","1":"product","2":"type-product","3":"status-publish","5":"product_cat-maros-megyei-eletrajzi-lexikon","7":"first","8":"instock","9":"shipping-taxable","10":"product-type-simple"},"_links":{"self":[{"href":"https:\/\/uj.adatbank.ro\/lexikon\/wp-json\/wp\/v2\/product\/18682","targetHints":{"allow":["GET"]}}],"collection":[{"href":"https:\/\/uj.adatbank.ro\/lexikon\/wp-json\/wp\/v2\/product"}],"about":[{"href":"https:\/\/uj.adatbank.ro\/lexikon\/wp-json\/wp\/v2\/types\/product"}],"replies":[{"embeddable":true,"href":"https:\/\/uj.adatbank.ro\/lexikon\/wp-json\/wp\/v2\/comments?post=18682"}],"wp:attachment":[{"href":"https:\/\/uj.adatbank.ro\/lexikon\/wp-json\/wp\/v2\/media?parent=18682"}],"wp:term":[{"taxonomy":"product_brand","embeddable":true,"href":"https:\/\/uj.adatbank.ro\/lexikon\/wp-json\/wp\/v2\/product_brand?post=18682"},{"taxonomy":"product_cat","embeddable":true,"href":"https:\/\/uj.adatbank.ro\/lexikon\/wp-json\/wp\/v2\/product_cat?post=18682"},{"taxonomy":"product_tag","embeddable":true,"href":"https:\/\/uj.adatbank.ro\/lexikon\/wp-json\/wp\/v2\/product_tag?post=18682"}],"curies":[{"name":"wp","href":"https:\/\/api.w.org\/{rel}","templated":true}]}}