{"id":18683,"date":"2025-07-16T11:01:37","date_gmt":"2025-07-16T09:01:37","guid":{"rendered":"https:\/\/uj.adatbank.ro\/lexikon\/termek\/popvici-craciun\/"},"modified":"2025-07-16T11:01:37","modified_gmt":"2025-07-16T09:01:37","slug":"popvici-craciun","status":"publish","type":"product","link":"https:\/\/uj.adatbank.ro\/lexikon\/termek\/popvici-craciun\/","title":{"rendered":"POPVICI, Cr\u0103ciun"},"content":{"rendered":"<p>? \u2020\u00a0?: tan\u00edt\u00f3. \u2013 Az els\u0151 ismert ortodox tan\u00edt\u00f3 Sz\u00e9lk\u00fatban (1790). Az iskola a faluk\u00f6z\u00f6ss\u00e9g \u00e9p\u00edtette f\u00e1b\u00f3l, kezdetlegesen volt felszerelve. Az \u00e9p\u00edt\u00e9s id\u0151pontja hom\u00e1lyba veszett. <br \/><strong>Irod.:<\/strong> S\u0103lcud<\/br><\/p>\n","protected":false},"excerpt":{"rendered":"<p>? \u2020\u00a0?: tan\u00edt\u00f3. \u2013 Az els\u0151 ismert ortodox tan\u00edt\u00f3 Sz\u00e9lk\u00fatban (1790). Az iskola a faluk\u00f6z\u00f6ss\u00e9g \u00e9p\u00edtette f\u00e1b\u00f3l, kezdetlegesen volt felszerelve. Az \u00e9p\u00edt\u00e9s id\u0151pontja hom\u00e1lyba veszett. Irod.: S\u0103lcud<\/p>\n","protected":false},"featured_media":0,"comment_status":"open","ping_status":"closed","template":"","meta":[],"product_brand":[],"product_cat":[137],"product_tag":[],"class_list":{"0":"post-18683","1":"product","2":"type-product","3":"status-publish","5":"product_cat-maros-megyei-eletrajzi-lexikon","7":"first","8":"instock","9":"shipping-taxable","10":"product-type-simple"},"_links":{"self":[{"href":"https:\/\/uj.adatbank.ro\/lexikon\/wp-json\/wp\/v2\/product\/18683","targetHints":{"allow":["GET"]}}],"collection":[{"href":"https:\/\/uj.adatbank.ro\/lexikon\/wp-json\/wp\/v2\/product"}],"about":[{"href":"https:\/\/uj.adatbank.ro\/lexikon\/wp-json\/wp\/v2\/types\/product"}],"replies":[{"embeddable":true,"href":"https:\/\/uj.adatbank.ro\/lexikon\/wp-json\/wp\/v2\/comments?post=18683"}],"wp:attachment":[{"href":"https:\/\/uj.adatbank.ro\/lexikon\/wp-json\/wp\/v2\/media?parent=18683"}],"wp:term":[{"taxonomy":"product_brand","embeddable":true,"href":"https:\/\/uj.adatbank.ro\/lexikon\/wp-json\/wp\/v2\/product_brand?post=18683"},{"taxonomy":"product_cat","embeddable":true,"href":"https:\/\/uj.adatbank.ro\/lexikon\/wp-json\/wp\/v2\/product_cat?post=18683"},{"taxonomy":"product_tag","embeddable":true,"href":"https:\/\/uj.adatbank.ro\/lexikon\/wp-json\/wp\/v2\/product_tag?post=18683"}],"curies":[{"name":"wp","href":"https:\/\/api.w.org\/{rel}","templated":true}]}}