{"id":18684,"date":"2025-07-16T11:01:40","date_gmt":"2025-07-16T09:01:40","guid":{"rendered":"https:\/\/uj.adatbank.ro\/lexikon\/termek\/porav-nicolae\/"},"modified":"2025-07-16T11:01:40","modified_gmt":"2025-07-16T09:01:40","slug":"porav-nicolae","status":"publish","type":"product","link":"https:\/\/uj.adatbank.ro\/lexikon\/termek\/porav-nicolae\/","title":{"rendered":"PORAV Nicolae"},"content":{"rendered":"<p>Mez\u0151kir\u00e1lyfalva, 1866. febr. 2.., \u2020\u00a0Sz\u00e1szr\u00e9gen, 1933, m\u00e1rc. 19, Mez\u0151majoson temett\u00e9k.: g. kat. pap.- Elemi iskol\u00e1j\u00e1t sz\u00f3l\u0151faluj\u00e1ban, a gimn.-ot (1889) \u00e9s a teol\u00f3gi\u00e1t Bal\u00e1zsfalv\u00e1n v\u00e9gezte, papp\u00e1 szentelt\u00e9k (1897. aug. 29.). Mez\u0151majoson par\u00f3kiai gondnok (1897. aug. 29.\u2013). Az ASTRA mv.-i tagozat\u00e1nak tagja (1904). R\u00e9szt vett a gyulafeh\u00e9rv\u00e1ri nagygy\u0171l\u00e9sen (1918. dec. 1.) k\u00e9t dokumentummal. A mez\u0151majosi k\u00f6zs\u00e9gi tan\u00e1cs tagja. <br \/><strong>Irod.:<\/strong> \u0218ematism; Todea 2013<\/br><\/p>\n","protected":false},"excerpt":{"rendered":"<p>Mez\u0151kir\u00e1lyfalva, 1866. febr. 2.., \u2020\u00a0Sz\u00e1szr\u00e9gen, 1933, m\u00e1rc. 19, Mez\u0151majoson temett\u00e9k.: g. kat. pap.- Elemi iskol\u00e1j\u00e1t sz\u00f3l\u0151faluj\u00e1ban, a gimn.-ot (1889) \u00e9s a teol\u00f3gi\u00e1t Bal\u00e1zsfalv\u00e1n v\u00e9gezte, papp\u00e1 szentelt\u00e9k (1897. aug. 29.). Mez\u0151majoson par\u00f3kiai gondnok (1897. aug. 29.\u2013). Az ASTRA mv.-i tagozat\u00e1nak tagja (1904). R\u00e9szt vett a gyulafeh\u00e9rv\u00e1ri nagygy\u0171l\u00e9sen (1918. dec. 1.) k\u00e9t dokumentummal. A mez\u0151majosi k\u00f6zs\u00e9gi tan\u00e1cs [&hellip;]<\/p>\n","protected":false},"featured_media":0,"comment_status":"open","ping_status":"closed","template":"","meta":[],"product_brand":[],"product_cat":[137],"product_tag":[],"class_list":{"0":"post-18684","1":"product","2":"type-product","3":"status-publish","5":"product_cat-maros-megyei-eletrajzi-lexikon","7":"first","8":"instock","9":"shipping-taxable","10":"product-type-simple"},"_links":{"self":[{"href":"https:\/\/uj.adatbank.ro\/lexikon\/wp-json\/wp\/v2\/product\/18684","targetHints":{"allow":["GET"]}}],"collection":[{"href":"https:\/\/uj.adatbank.ro\/lexikon\/wp-json\/wp\/v2\/product"}],"about":[{"href":"https:\/\/uj.adatbank.ro\/lexikon\/wp-json\/wp\/v2\/types\/product"}],"replies":[{"embeddable":true,"href":"https:\/\/uj.adatbank.ro\/lexikon\/wp-json\/wp\/v2\/comments?post=18684"}],"wp:attachment":[{"href":"https:\/\/uj.adatbank.ro\/lexikon\/wp-json\/wp\/v2\/media?parent=18684"}],"wp:term":[{"taxonomy":"product_brand","embeddable":true,"href":"https:\/\/uj.adatbank.ro\/lexikon\/wp-json\/wp\/v2\/product_brand?post=18684"},{"taxonomy":"product_cat","embeddable":true,"href":"https:\/\/uj.adatbank.ro\/lexikon\/wp-json\/wp\/v2\/product_cat?post=18684"},{"taxonomy":"product_tag","embeddable":true,"href":"https:\/\/uj.adatbank.ro\/lexikon\/wp-json\/wp\/v2\/product_tag?post=18684"}],"curies":[{"name":"wp","href":"https:\/\/api.w.org\/{rel}","templated":true}]}}