{"id":18690,"date":"2025-07-16T11:01:52","date_gmt":"2025-07-16T09:01:52","guid":{"rendered":"https:\/\/uj.adatbank.ro\/lexikon\/termek\/porime-costica-%c2%a7\/"},"modified":"2025-07-16T11:01:52","modified_gmt":"2025-07-16T09:01:52","slug":"porime-costica-%c2%a7","status":"publish","type":"product","link":"https:\/\/uj.adatbank.ro\/lexikon\/termek\/porime-costica-%c2%a7\/","title":{"rendered":"PORIME, Costic\u0103, \u00a7"},"content":{"rendered":"<p>V\u00e1mosg\u00e1lfalva, 1934. febr. 13., \u2020\u00a0Buk., 1994.: t\u00e9gla\u00e9get\u0151 munk\u00e1s, p\u00e1rtaktivista, RKP KB \u2013tagja. \u2013 Tanulm\u00e1nyai: a Medgyesi \u00dcveggy\u00e1r szakiskol\u00e1ja (1951), k\u00e9t\u00e9ves p\u00e1rtiskola (1958\u201360), \u015etefan Gheorghiu p\u00e1rtegyetem (1968), K\u00f6zgazdas\u00e1gi Akad. (1973). A dics\u0151szentm\u00e1rtoni \u00dcveggy\u00e1rban \u00e9get\u0151munk\u00e1s (1951\u201353). P\u00e1rttag (1954). A rajoni KISZ Bizotts\u00e1g instruktora \u00e9s a Brass\u00f3 megyei KISZ fel\u00fcgyel\u0151je (1953\u201354). Katonas\u00e1g a konstancai tenger\u00e9sz katonai egys\u00e9gn\u00e9l (1954\u201357). A Brass\u00f3 megyei KISZ bizotts\u00e1g instruktora (1957\u201358), a Medgyesi KISZ megyei bizotts\u00e1g els\u0151titk\u00e1ra \u00e9s a rajoni p\u00e1rtbizotts\u00e1g tagja (1960\u201362), titk\u00e1ra (1962\u201363), a Medgyesi rajoni N\u00e9ptan\u00e1cs VB eln\u00f6ke (1963\u201365). A Szeben megyei P\u00e1rtbizotts\u00e1g szervez\u00e9si oszt\u00e1ly\u00e1nak helyettes vezet\u0151je (1968\u201369). A medgyes megyei P\u00e1rtbizotts\u00e1g els\u0151 titk\u00e1ra, a v\u00e1ros polg\u00e1rmestere \u00e9s a Szeben megyei P\u00e1rtbizotts\u00e1g tagja (1969\u201374). A RKP KB instruktora (1974. m\u00e1rc. 19.\u201379). A RKP KB tagja (1979. nov. 23.\u201384. nov. 22.). A Hargita megyei P\u00e1rtbizotts\u00e1g szervez\u00e9si titk\u00e1ra (1979\u201383. szept. 19.). Nagy Nemzetgy\u0171l\u00e9si k\u00e9pvisel\u0151 (1980\u201385). A Buk.-i v\u00e1rosi P\u00e1rtbizotts\u00e1g instruktora (1983. szept. 19.\u201385. okt.), a Villamosenergetikai Miniszt\u00e9rium P\u00e1rtbizotts\u00e1g\u00e1nak titk\u00e1ra \u00e9s szervez\u00e9si igazgat\u00f3ja (1985. okt.\u2013). <br \/><strong>Irod.:<\/strong> Membrii C.C. al P.C.R<\/br><\/p>\n","protected":false},"excerpt":{"rendered":"<p>V\u00e1mosg\u00e1lfalva, 1934. febr. 13., \u2020\u00a0Buk., 1994.: t\u00e9gla\u00e9get\u0151 munk\u00e1s, p\u00e1rtaktivista, RKP KB \u2013tagja. \u2013 Tanulm\u00e1nyai: a Medgyesi \u00dcveggy\u00e1r szakiskol\u00e1ja (1951), k\u00e9t\u00e9ves p\u00e1rtiskola (1958\u201360), \u015etefan Gheorghiu p\u00e1rtegyetem (1968), K\u00f6zgazdas\u00e1gi Akad. (1973). A dics\u0151szentm\u00e1rtoni \u00dcveggy\u00e1rban \u00e9get\u0151munk\u00e1s (1951\u201353). P\u00e1rttag (1954). A rajoni KISZ Bizotts\u00e1g instruktora \u00e9s a Brass\u00f3 megyei KISZ fel\u00fcgyel\u0151je (1953\u201354). Katonas\u00e1g a konstancai tenger\u00e9sz katonai egys\u00e9gn\u00e9l (1954\u201357). [&hellip;]<\/p>\n","protected":false},"featured_media":0,"comment_status":"open","ping_status":"closed","template":"","meta":[],"product_brand":[],"product_cat":[137],"product_tag":[],"class_list":{"0":"post-18690","1":"product","2":"type-product","3":"status-publish","5":"product_cat-maros-megyei-eletrajzi-lexikon","7":"first","8":"instock","9":"shipping-taxable","10":"product-type-simple"},"_links":{"self":[{"href":"https:\/\/uj.adatbank.ro\/lexikon\/wp-json\/wp\/v2\/product\/18690","targetHints":{"allow":["GET"]}}],"collection":[{"href":"https:\/\/uj.adatbank.ro\/lexikon\/wp-json\/wp\/v2\/product"}],"about":[{"href":"https:\/\/uj.adatbank.ro\/lexikon\/wp-json\/wp\/v2\/types\/product"}],"replies":[{"embeddable":true,"href":"https:\/\/uj.adatbank.ro\/lexikon\/wp-json\/wp\/v2\/comments?post=18690"}],"wp:attachment":[{"href":"https:\/\/uj.adatbank.ro\/lexikon\/wp-json\/wp\/v2\/media?parent=18690"}],"wp:term":[{"taxonomy":"product_brand","embeddable":true,"href":"https:\/\/uj.adatbank.ro\/lexikon\/wp-json\/wp\/v2\/product_brand?post=18690"},{"taxonomy":"product_cat","embeddable":true,"href":"https:\/\/uj.adatbank.ro\/lexikon\/wp-json\/wp\/v2\/product_cat?post=18690"},{"taxonomy":"product_tag","embeddable":true,"href":"https:\/\/uj.adatbank.ro\/lexikon\/wp-json\/wp\/v2\/product_tag?post=18690"}],"curies":[{"name":"wp","href":"https:\/\/api.w.org\/{rel}","templated":true}]}}