{"id":18692,"date":"2025-07-16T11:01:59","date_gmt":"2025-07-16T09:01:59","guid":{"rendered":"https:\/\/uj.adatbank.ro\/lexikon\/termek\/porjes-s-sandor-%c2%a7-porjesz-sandor\/"},"modified":"2025-07-16T11:01:59","modified_gmt":"2025-07-16T09:01:59","slug":"porjes-s-sandor-%c2%a7-porjesz-sandor","status":"publish","type":"product","link":"https:\/\/uj.adatbank.ro\/lexikon\/termek\/porjes-s-sandor-%c2%a7-porjesz-sandor\/","title":{"rendered":"PORJES S. S\u00e1ndor, \u00a7 Porjesz S\u00e1ndor"},"content":{"rendered":"<p>? \u2020\u00a0Auschwitz, 1944.: cionista, hitk\u00f6zs\u00e9gi el\u0151lj\u00e1r\u00f3, keresked\u0151, k\u00e9peslapkiad\u00f3, f\u00e9nyk\u00e9p\u00e9sz. \u2013 Csal\u00e1dja Spanyolo.-b\u00f3l sz\u00e1rmazott (szef\u00e1rd). \u2013 Mv.-en el\u0151sz\u00f6r doh\u00e1nyt\u0151zsd\u00e9t vezetett, majd sz\u0151rm\u00e9kkel kereskedett, \u00e9s a f\u0151t\u00e9ri \u00fczlet\u00e9ben sz\u00e1mos saj\u00e1t kiad\u00e1s\u00fa mv.-i k\u00e9peslapot is \u00e1rus\u00edtott. Mv. jeles k\u00e9peslapkiad\u00f3ja (1906\u201318). F\u0151leg az els\u0151 vh. el\u0151tti, korai sorozatainak t\u00e9m\u00e1ja v\u00e1ltozatos, sz\u00ednez\u00e9s\u00fck k\u00fcl\u00f6nleges volt. A k\u00e9s\u0151bbi kiad\u00e1s\u00fa lapjai \u2013 tal\u00e1n a h\u00e1bor\u00fa neh\u00e9zs\u00e9gei miatt \u2013 sablonosakk\u00e1 v\u00e1ltak, elvesztett\u00e9k r\u00e9gi \u00e9rdekess\u00e9g\u00fcket (1917\u201318).T\u00f6bb nemzetk\u00f6zi f\u00e9nyk\u00e9pki\u00e1ll\u00edt\u00e1son vett r\u00e9szt. K\u00e9pei szerepeltek egy bostoni ki\u00e1ll\u00edt\u00e1son, egy felv\u00e9tel\u00e9t a belga kir\u00e1lyi szalon fogadta el. Kv.-on d\u00edjat nyert a f\u00e9nyk\u00e9p\u00e9sz C\u00e9h szamosmegyei t\u00e1rlat\u00e1n, t\u00f6bb k\u00e9p\u00e9t elfogadt\u00e1k azok k\u00f6z\u00fcl, melyeket a f\u00e9nyk\u00e9p\u00e9szet sz\u00e1z\u00e9ves fejl\u0151d\u00e9s\u00e9t bemutat\u00f3 buk.-i orsz\u00e1gos ki\u00e1ll\u00edt\u00e1sra k\u00fcld\u00f6tt be (1939). Cionista hitk\u00f6zs\u00e9gi el\u0151lj\u00e1r\u00f3 volt (1920). Auschwitzba deport\u00e1lt\u00e1k (1944). <br \/><strong>Irod.:<\/strong> Csepreghy; Csepreghy 2010; Id\u0151t\u00e1r 3<\/br><\/p>\n","protected":false},"excerpt":{"rendered":"<p>? \u2020\u00a0Auschwitz, 1944.: cionista, hitk\u00f6zs\u00e9gi el\u0151lj\u00e1r\u00f3, keresked\u0151, k\u00e9peslapkiad\u00f3, f\u00e9nyk\u00e9p\u00e9sz. \u2013 Csal\u00e1dja Spanyolo.-b\u00f3l sz\u00e1rmazott (szef\u00e1rd). \u2013 Mv.-en el\u0151sz\u00f6r doh\u00e1nyt\u0151zsd\u00e9t vezetett, majd sz\u0151rm\u00e9kkel kereskedett, \u00e9s a f\u0151t\u00e9ri \u00fczlet\u00e9ben sz\u00e1mos saj\u00e1t kiad\u00e1s\u00fa mv.-i k\u00e9peslapot is \u00e1rus\u00edtott. Mv. jeles k\u00e9peslapkiad\u00f3ja (1906\u201318). F\u0151leg az els\u0151 vh. el\u0151tti, korai sorozatainak t\u00e9m\u00e1ja v\u00e1ltozatos, sz\u00ednez\u00e9s\u00fck k\u00fcl\u00f6nleges volt. A k\u00e9s\u0151bbi kiad\u00e1s\u00fa lapjai \u2013 tal\u00e1n [&hellip;]<\/p>\n","protected":false},"featured_media":0,"comment_status":"open","ping_status":"closed","template":"","meta":[],"product_brand":[],"product_cat":[137],"product_tag":[],"class_list":{"0":"post-18692","1":"product","2":"type-product","3":"status-publish","5":"product_cat-maros-megyei-eletrajzi-lexikon","7":"first","8":"instock","9":"shipping-taxable","10":"product-type-simple"},"_links":{"self":[{"href":"https:\/\/uj.adatbank.ro\/lexikon\/wp-json\/wp\/v2\/product\/18692","targetHints":{"allow":["GET"]}}],"collection":[{"href":"https:\/\/uj.adatbank.ro\/lexikon\/wp-json\/wp\/v2\/product"}],"about":[{"href":"https:\/\/uj.adatbank.ro\/lexikon\/wp-json\/wp\/v2\/types\/product"}],"replies":[{"embeddable":true,"href":"https:\/\/uj.adatbank.ro\/lexikon\/wp-json\/wp\/v2\/comments?post=18692"}],"wp:attachment":[{"href":"https:\/\/uj.adatbank.ro\/lexikon\/wp-json\/wp\/v2\/media?parent=18692"}],"wp:term":[{"taxonomy":"product_brand","embeddable":true,"href":"https:\/\/uj.adatbank.ro\/lexikon\/wp-json\/wp\/v2\/product_brand?post=18692"},{"taxonomy":"product_cat","embeddable":true,"href":"https:\/\/uj.adatbank.ro\/lexikon\/wp-json\/wp\/v2\/product_cat?post=18692"},{"taxonomy":"product_tag","embeddable":true,"href":"https:\/\/uj.adatbank.ro\/lexikon\/wp-json\/wp\/v2\/product_tag?post=18692"}],"curies":[{"name":"wp","href":"https:\/\/api.w.org\/{rel}","templated":true}]}}