{"id":18695,"date":"2025-07-16T11:02:10","date_gmt":"2025-07-16T09:02:10","guid":{"rendered":"https:\/\/uj.adatbank.ro\/lexikon\/termek\/porst-kalman\/"},"modified":"2025-07-16T11:02:10","modified_gmt":"2025-07-16T09:02:10","slug":"porst-kalman","status":"publish","type":"product","link":"https:\/\/uj.adatbank.ro\/lexikon\/termek\/porst-kalman\/","title":{"rendered":"PORST K\u00e1lm\u00e1n"},"content":{"rendered":"<p>G\u00f6rg\u00e9nyszentimre, 1876., \u2020 ?: f\u0151gimn\u00e1ziumi tan\u00e1r. \u2013 Rendes tan\u00e1r a kunf\u00e9legyh\u00e1zi (Pestm.) v\u00e1rosi kat. f\u0151gimn\u00e1ziumban, hol a t\u00f6rt\u00e9nelmet \u00e9s latin nyelvet tan\u00edtotta. \u2013 <strong>F. m.:<\/strong> Az ered\u00e9lyi fejedelems\u00e9g \u00f6n\u00e1ll\u00f3s\u00e1ga megsz\u00fcn\u00e9s\u00e9nek okai \u00e9s k\u00f6vetkezm\u00e9nyei. (Kunf\u00e9legyh\u00e1za, 1901). (K\u00fcl\u00f6nnyomat a kunf\u00e9legyh\u00e1zi v\u00e1rosi kath. f\u0151gymnasium \u00c9rtes\u00edt\u0151j\u00e9b\u0151l.). <br \/><strong>Irod.:<\/strong> Szinnyei<\/br><\/p>\n","protected":false},"excerpt":{"rendered":"<p>G\u00f6rg\u00e9nyszentimre, 1876., \u2020 ?: f\u0151gimn\u00e1ziumi tan\u00e1r. \u2013 Rendes tan\u00e1r a kunf\u00e9legyh\u00e1zi (Pestm.) v\u00e1rosi kat. f\u0151gimn\u00e1ziumban, hol a t\u00f6rt\u00e9nelmet \u00e9s latin nyelvet tan\u00edtotta. \u2013 F. m.: Az ered\u00e9lyi fejedelems\u00e9g \u00f6n\u00e1ll\u00f3s\u00e1ga megsz\u00fcn\u00e9s\u00e9nek okai \u00e9s k\u00f6vetkezm\u00e9nyei. (Kunf\u00e9legyh\u00e1za, 1901). (K\u00fcl\u00f6nnyomat a kunf\u00e9legyh\u00e1zi v\u00e1rosi kath. f\u0151gymnasium \u00c9rtes\u00edt\u0151j\u00e9b\u0151l.). Irod.: Szinnyei<\/p>\n","protected":false},"featured_media":0,"comment_status":"open","ping_status":"closed","template":"","meta":[],"product_brand":[],"product_cat":[137],"product_tag":[],"class_list":{"0":"post-18695","1":"product","2":"type-product","3":"status-publish","5":"product_cat-maros-megyei-eletrajzi-lexikon","7":"first","8":"instock","9":"shipping-taxable","10":"product-type-simple"},"_links":{"self":[{"href":"https:\/\/uj.adatbank.ro\/lexikon\/wp-json\/wp\/v2\/product\/18695","targetHints":{"allow":["GET"]}}],"collection":[{"href":"https:\/\/uj.adatbank.ro\/lexikon\/wp-json\/wp\/v2\/product"}],"about":[{"href":"https:\/\/uj.adatbank.ro\/lexikon\/wp-json\/wp\/v2\/types\/product"}],"replies":[{"embeddable":true,"href":"https:\/\/uj.adatbank.ro\/lexikon\/wp-json\/wp\/v2\/comments?post=18695"}],"wp:attachment":[{"href":"https:\/\/uj.adatbank.ro\/lexikon\/wp-json\/wp\/v2\/media?parent=18695"}],"wp:term":[{"taxonomy":"product_brand","embeddable":true,"href":"https:\/\/uj.adatbank.ro\/lexikon\/wp-json\/wp\/v2\/product_brand?post=18695"},{"taxonomy":"product_cat","embeddable":true,"href":"https:\/\/uj.adatbank.ro\/lexikon\/wp-json\/wp\/v2\/product_cat?post=18695"},{"taxonomy":"product_tag","embeddable":true,"href":"https:\/\/uj.adatbank.ro\/lexikon\/wp-json\/wp\/v2\/product_tag?post=18695"}],"curies":[{"name":"wp","href":"https:\/\/api.w.org\/{rel}","templated":true}]}}