{"id":18696,"date":"2025-07-16T11:02:11","date_gmt":"2025-07-16T09:02:11","guid":{"rendered":"https:\/\/uj.adatbank.ro\/lexikon\/termek\/portih-janos\/"},"modified":"2025-07-16T11:02:11","modified_gmt":"2025-07-16T09:02:11","slug":"portih-janos","status":"publish","type":"product","link":"https:\/\/uj.adatbank.ro\/lexikon\/termek\/portih-janos\/","title":{"rendered":"PORTIH J\u00e1nos"},"content":{"rendered":"<p>Gyergy\u00f3remete, 1905., \u2020\u00a0?: k\u00f6nyvel\u0151. \u2013 K\u00f6z\u00e9piskol\u00e1t v\u00e9gzett majd tisztvisel\u0151 lett, Ratosny\u00e1n k\u00f6nyvel\u0151 volt. A MP tagja, minden kultur\u00e1lis egyes\u00fclet t\u00e1mogat\u00f3ja volt. <br \/><strong>Irod.:<\/strong> Sz\u00e9kelyf\u00f6ld \u00ed.k.<\/br><\/p>\n","protected":false},"excerpt":{"rendered":"<p>Gyergy\u00f3remete, 1905., \u2020\u00a0?: k\u00f6nyvel\u0151. \u2013 K\u00f6z\u00e9piskol\u00e1t v\u00e9gzett majd tisztvisel\u0151 lett, Ratosny\u00e1n k\u00f6nyvel\u0151 volt. A MP tagja, minden kultur\u00e1lis egyes\u00fclet t\u00e1mogat\u00f3ja volt. Irod.: Sz\u00e9kelyf\u00f6ld \u00ed.k.<\/p>\n","protected":false},"featured_media":0,"comment_status":"open","ping_status":"closed","template":"","meta":[],"product_brand":[],"product_cat":[137],"product_tag":[],"class_list":{"0":"post-18696","1":"product","2":"type-product","3":"status-publish","5":"product_cat-maros-megyei-eletrajzi-lexikon","7":"first","8":"instock","9":"shipping-taxable","10":"product-type-simple"},"_links":{"self":[{"href":"https:\/\/uj.adatbank.ro\/lexikon\/wp-json\/wp\/v2\/product\/18696","targetHints":{"allow":["GET"]}}],"collection":[{"href":"https:\/\/uj.adatbank.ro\/lexikon\/wp-json\/wp\/v2\/product"}],"about":[{"href":"https:\/\/uj.adatbank.ro\/lexikon\/wp-json\/wp\/v2\/types\/product"}],"replies":[{"embeddable":true,"href":"https:\/\/uj.adatbank.ro\/lexikon\/wp-json\/wp\/v2\/comments?post=18696"}],"wp:attachment":[{"href":"https:\/\/uj.adatbank.ro\/lexikon\/wp-json\/wp\/v2\/media?parent=18696"}],"wp:term":[{"taxonomy":"product_brand","embeddable":true,"href":"https:\/\/uj.adatbank.ro\/lexikon\/wp-json\/wp\/v2\/product_brand?post=18696"},{"taxonomy":"product_cat","embeddable":true,"href":"https:\/\/uj.adatbank.ro\/lexikon\/wp-json\/wp\/v2\/product_cat?post=18696"},{"taxonomy":"product_tag","embeddable":true,"href":"https:\/\/uj.adatbank.ro\/lexikon\/wp-json\/wp\/v2\/product_tag?post=18696"}],"curies":[{"name":"wp","href":"https:\/\/api.w.org\/{rel}","templated":true}]}}