{"id":18699,"date":"2025-07-16T11:02:18","date_gmt":"2025-07-16T09:02:18","guid":{"rendered":"https:\/\/uj.adatbank.ro\/lexikon\/termek\/portik-karoly-jozsef-r-p\/"},"modified":"2025-07-16T11:02:18","modified_gmt":"2025-07-16T09:02:18","slug":"portik-karoly-jozsef-r-p","status":"publish","type":"product","link":"https:\/\/uj.adatbank.ro\/lexikon\/termek\/portik-karoly-jozsef-r-p\/","title":{"rendered":"PORTIK K\u00e1roly J\u00f3zsef, R. P."},"content":{"rendered":"<p>Gyergy\u00f3remete, v. Ditr\u00f3?, 1749. \u2020\u00a0Mikh\u00e1za, 1822. febr. 9.: ferences szerzetes. \u2013 Be\u00f6lt\u00f6z\u00f6tt (1766. j\u00fan. 20.), felszentelt\u00e9k (1772. m\u00e1rc. 19). Definitor (1819\u201322). <br \/><strong>Irod.:<\/strong> Gy\u00f6rgy: A ferencrendiek; Pantheon<\/br><\/p>\n","protected":false},"excerpt":{"rendered":"<p>Gyergy\u00f3remete, v. Ditr\u00f3?, 1749. \u2020\u00a0Mikh\u00e1za, 1822. febr. 9.: ferences szerzetes. \u2013 Be\u00f6lt\u00f6z\u00f6tt (1766. j\u00fan. 20.), felszentelt\u00e9k (1772. m\u00e1rc. 19). Definitor (1819\u201322). Irod.: Gy\u00f6rgy: A ferencrendiek; Pantheon<\/p>\n","protected":false},"featured_media":0,"comment_status":"open","ping_status":"closed","template":"","meta":[],"product_brand":[],"product_cat":[137],"product_tag":[],"class_list":{"0":"post-18699","1":"product","2":"type-product","3":"status-publish","5":"product_cat-maros-megyei-eletrajzi-lexikon","7":"first","8":"instock","9":"shipping-taxable","10":"product-type-simple"},"_links":{"self":[{"href":"https:\/\/uj.adatbank.ro\/lexikon\/wp-json\/wp\/v2\/product\/18699","targetHints":{"allow":["GET"]}}],"collection":[{"href":"https:\/\/uj.adatbank.ro\/lexikon\/wp-json\/wp\/v2\/product"}],"about":[{"href":"https:\/\/uj.adatbank.ro\/lexikon\/wp-json\/wp\/v2\/types\/product"}],"replies":[{"embeddable":true,"href":"https:\/\/uj.adatbank.ro\/lexikon\/wp-json\/wp\/v2\/comments?post=18699"}],"wp:attachment":[{"href":"https:\/\/uj.adatbank.ro\/lexikon\/wp-json\/wp\/v2\/media?parent=18699"}],"wp:term":[{"taxonomy":"product_brand","embeddable":true,"href":"https:\/\/uj.adatbank.ro\/lexikon\/wp-json\/wp\/v2\/product_brand?post=18699"},{"taxonomy":"product_cat","embeddable":true,"href":"https:\/\/uj.adatbank.ro\/lexikon\/wp-json\/wp\/v2\/product_cat?post=18699"},{"taxonomy":"product_tag","embeddable":true,"href":"https:\/\/uj.adatbank.ro\/lexikon\/wp-json\/wp\/v2\/product_tag?post=18699"}],"curies":[{"name":"wp","href":"https:\/\/api.w.org\/{rel}","templated":true}]}}