{"id":18701,"date":"2025-07-16T11:02:21","date_gmt":"2025-07-16T09:02:21","guid":{"rendered":"https:\/\/uj.adatbank.ro\/lexikon\/termek\/porubschi-francisc-porubsky-ferenc\/"},"modified":"2025-07-16T11:02:21","modified_gmt":"2025-07-16T09:02:21","slug":"porubschi-francisc-porubsky-ferenc","status":"publish","type":"product","link":"https:\/\/uj.adatbank.ro\/lexikon\/termek\/porubschi-francisc-porubsky-ferenc\/","title":{"rendered":"PORUBSCHI Francisc, Porubsky Ferenc"},"content":{"rendered":"<p>Craiova, 1893., \u2020\u00a0?: \u00fcgyv\u00e9d, f\u0151isp\u00e1n. \u2013 Apja keresked\u0151 volt. Craiovan \u00e9retts\u00e9gizett, az egyetem jogi fakult\u00e1s\u00e1t P\u00e1rizsban v\u00e9gezte (1916). B\u00edr\u00f3 lett Craiovan (1919\u201324), majd Mv.-en t\u00f6rv\u00e9nysz\u00e9ki b\u00edr\u00f3 (\u20131924). Ezut\u00e1n megv\u00e1llt \u00e1ll\u00e1s\u00e1t\u00f3l \u00e9s \u00fcgyv\u00e9di gyakorlatot folytatott. R\u00e9szt vett az els\u0151 vh, -ban a Virtutea Militar\u0103 de R\u0103zboi, k\u00e9tszer az orosz Szent Gy\u00f6rgy kereszttel t\u00fcntett\u00e9k ki. A Liber\u00e1lis P\u00e1rt k\u00e9pvisel\u0151 jel\u00f6ltje (1930). Maros megye f\u0151isp\u00e1nja (1934\u201335), ki\u00edrta a versenyt Maros megye K\u00f6zigazgat\u00e1si Palot\u00e1j\u00e1nak megtervez\u00e9s\u00e9re (1935. jan. 11.). 14 p\u00e1lyamunka \u00e9rkezett be, amelyekb\u0151l els\u0151 helyre a buk.-i m\u0171\u00e9p\u00edt\u00e9sz Eugen Grossu\u00e9, II. helyre a mv.-i V\u00e1radi \u00c1rp\u00e1d\u00e9 ker\u00fclt. Az els\u0151t fogadt\u00e1k el, \u00e9s fel is \u00e9p\u00edtett\u00e9k (1936. aug. 4.\u20131940). K\u00e9s\u0151bb Rad\u00f3 S\u00e1ndor \u00e9p\u00edt\u00e9szm\u00e9rn\u00f6k vezet\u00e9s\u00e9vel a rom\u00e1n \u00e9p\u00edt\u00e9si jellegzetess\u00e9geket \u00e1talak\u00edtott\u00e1k (1943), Victor Suciu polg\u00e1rmesters\u00e9ge idej\u00e9n visszaadt\u00e1k az \u00e9p\u00fcletnek a rom\u00e1n \u00e9p\u00edt\u00e9szeti st\u00edlusjegyeit (1992). Az ASTRA Maros megyei fi\u00f3kj\u00e1nak eln\u00f6k (1936), az \u00fcgyv\u00e9di kamara v\u00e1lasztm\u00e1nyi tagja (1939).A Curentul Juridic foly\u00f3irat szerkeszt\u0151bizotts\u00e1g\u00e1nak igazgat\u00f3ja (1924\u201344). <br \/><strong>Irod.:<\/strong> Almanah Tg.M.; Id\u0151t\u00e1r 3; Ki kicsoda\u00a0?; Man: Tg.M., 3.; Mv. m\u0171v. v\u00e1r; Politics and political parties in Roumania (London, 1936); Popt\u0103ma\u015f\u2013M\u00f3zes<\/br><\/p>\n","protected":false},"excerpt":{"rendered":"<p>Craiova, 1893., \u2020\u00a0?: \u00fcgyv\u00e9d, f\u0151isp\u00e1n. \u2013 Apja keresked\u0151 volt. Craiovan \u00e9retts\u00e9gizett, az egyetem jogi fakult\u00e1s\u00e1t P\u00e1rizsban v\u00e9gezte (1916). B\u00edr\u00f3 lett Craiovan (1919\u201324), majd Mv.-en t\u00f6rv\u00e9nysz\u00e9ki b\u00edr\u00f3 (\u20131924). Ezut\u00e1n megv\u00e1llt \u00e1ll\u00e1s\u00e1t\u00f3l \u00e9s \u00fcgyv\u00e9di gyakorlatot folytatott. R\u00e9szt vett az els\u0151 vh, -ban a Virtutea Militar\u0103 de R\u0103zboi, k\u00e9tszer az orosz Szent Gy\u00f6rgy kereszttel t\u00fcntett\u00e9k ki. A Liber\u00e1lis [&hellip;]<\/p>\n","protected":false},"featured_media":0,"comment_status":"open","ping_status":"closed","template":"","meta":[],"product_brand":[],"product_cat":[137],"product_tag":[],"class_list":{"0":"post-18701","1":"product","2":"type-product","3":"status-publish","5":"product_cat-maros-megyei-eletrajzi-lexikon","7":"first","8":"instock","9":"shipping-taxable","10":"product-type-simple"},"_links":{"self":[{"href":"https:\/\/uj.adatbank.ro\/lexikon\/wp-json\/wp\/v2\/product\/18701","targetHints":{"allow":["GET"]}}],"collection":[{"href":"https:\/\/uj.adatbank.ro\/lexikon\/wp-json\/wp\/v2\/product"}],"about":[{"href":"https:\/\/uj.adatbank.ro\/lexikon\/wp-json\/wp\/v2\/types\/product"}],"replies":[{"embeddable":true,"href":"https:\/\/uj.adatbank.ro\/lexikon\/wp-json\/wp\/v2\/comments?post=18701"}],"wp:attachment":[{"href":"https:\/\/uj.adatbank.ro\/lexikon\/wp-json\/wp\/v2\/media?parent=18701"}],"wp:term":[{"taxonomy":"product_brand","embeddable":true,"href":"https:\/\/uj.adatbank.ro\/lexikon\/wp-json\/wp\/v2\/product_brand?post=18701"},{"taxonomy":"product_cat","embeddable":true,"href":"https:\/\/uj.adatbank.ro\/lexikon\/wp-json\/wp\/v2\/product_cat?post=18701"},{"taxonomy":"product_tag","embeddable":true,"href":"https:\/\/uj.adatbank.ro\/lexikon\/wp-json\/wp\/v2\/product_tag?post=18701"}],"curies":[{"name":"wp","href":"https:\/\/api.w.org\/{rel}","templated":true}]}}