{"id":18703,"date":"2025-07-16T11:02:26","date_gmt":"2025-07-16T09:02:26","guid":{"rendered":"https:\/\/uj.adatbank.ro\/lexikon\/termek\/porutiu-samuil\/"},"modified":"2025-07-16T11:02:26","modified_gmt":"2025-07-16T09:02:26","slug":"porutiu-samuil","status":"publish","type":"product","link":"https:\/\/uj.adatbank.ro\/lexikon\/termek\/porutiu-samuil\/","title":{"rendered":"PORU\u0162IU, Samuil"},"content":{"rendered":"<p>? \u2020\u00a0?: kancellista volt Mv.-en (1848). <br \/><strong>Irod.:<\/strong> B\u0103l\u0103nescu, Gabriel\u00a0: Avram Iancu (Buc., 1941); Dragomir, Silviu\u00a0: Studii \u015fi documente privitoare la rev. Rom\u00e2nilor din Transilvania \u00een anii 1848\u201349(Sibiu, 1944); P\u0103c\u0103\u0163ian; Probleme ale \u00eenv\u0103\u0163\u0103m\u00e2ntului rom\u00e2nesc (Buc., 1928), Suciu, Coriolan : Cum a fost preg\u0103tit 3\u201315 maiu 1848 (Blaj, 1925)<\/br><\/p>\n","protected":false},"excerpt":{"rendered":"<p>? \u2020\u00a0?: kancellista volt Mv.-en (1848). Irod.: B\u0103l\u0103nescu, Gabriel\u00a0: Avram Iancu (Buc., 1941); Dragomir, Silviu\u00a0: Studii \u015fi documente privitoare la rev. Rom\u00e2nilor din Transilvania \u00een anii 1848\u201349(Sibiu, 1944); P\u0103c\u0103\u0163ian; Probleme ale \u00eenv\u0103\u0163\u0103m\u00e2ntului rom\u00e2nesc (Buc., 1928), Suciu, Coriolan : Cum a fost preg\u0103tit 3\u201315 maiu 1848 (Blaj, 1925)<\/p>\n","protected":false},"featured_media":0,"comment_status":"open","ping_status":"closed","template":"","meta":[],"product_brand":[],"product_cat":[137],"product_tag":[],"class_list":{"0":"post-18703","1":"product","2":"type-product","3":"status-publish","5":"product_cat-maros-megyei-eletrajzi-lexikon","7":"first","8":"instock","9":"shipping-taxable","10":"product-type-simple"},"_links":{"self":[{"href":"https:\/\/uj.adatbank.ro\/lexikon\/wp-json\/wp\/v2\/product\/18703","targetHints":{"allow":["GET"]}}],"collection":[{"href":"https:\/\/uj.adatbank.ro\/lexikon\/wp-json\/wp\/v2\/product"}],"about":[{"href":"https:\/\/uj.adatbank.ro\/lexikon\/wp-json\/wp\/v2\/types\/product"}],"replies":[{"embeddable":true,"href":"https:\/\/uj.adatbank.ro\/lexikon\/wp-json\/wp\/v2\/comments?post=18703"}],"wp:attachment":[{"href":"https:\/\/uj.adatbank.ro\/lexikon\/wp-json\/wp\/v2\/media?parent=18703"}],"wp:term":[{"taxonomy":"product_brand","embeddable":true,"href":"https:\/\/uj.adatbank.ro\/lexikon\/wp-json\/wp\/v2\/product_brand?post=18703"},{"taxonomy":"product_cat","embeddable":true,"href":"https:\/\/uj.adatbank.ro\/lexikon\/wp-json\/wp\/v2\/product_cat?post=18703"},{"taxonomy":"product_tag","embeddable":true,"href":"https:\/\/uj.adatbank.ro\/lexikon\/wp-json\/wp\/v2\/product_tag?post=18703"}],"curies":[{"name":"wp","href":"https:\/\/api.w.org\/{rel}","templated":true}]}}