{"id":18704,"date":"2025-07-16T11:02:28","date_gmt":"2025-07-16T09:02:28","guid":{"rendered":"https:\/\/uj.adatbank.ro\/lexikon\/termek\/porzsolt-borbala\/"},"modified":"2025-07-16T11:02:28","modified_gmt":"2025-07-16T09:02:28","slug":"porzsolt-borbala","status":"publish","type":"product","link":"https:\/\/uj.adatbank.ro\/lexikon\/termek\/porzsolt-borbala\/","title":{"rendered":"PORZSOLT Borb\u00e1la"},"content":{"rendered":"<p>Br\u00e1tos, 1933. nov.1., \u2020 Mv., 2021. j\u00fan.: grafikus, fest\u0151m\u0171v\u00e9sz. \u2013 Porzsolt Imre \u00e9s Razumova Anna le\u00e1nya. Zolcs\u00e1k S\u00e1ndor, fest\u0151m\u0171v\u00e9sz feles\u00e9ge (1958). Gyermekeik: P\u00e9ter (1962), bels\u0151\u00e9p\u00edt\u00e9sz; Katalin (1963), textilm\u00e9rn\u00f6k. \u2013 Tan\u00edt\u00f3i k\u00e9pes\u00edt\u00e9st szerzett K\u00e9zdiv\u00e1s\u00e1rhelyen (1952). A kv.-i Ion Andreescu K\u00e9pz\u0151m\u0171v\u00e9szeti F\u0151iskola fest\u0151szak\u00e1n v\u00e9gzett (1958). Mv.-en telepedtek le. Festett, illusztr\u00e1lt tank\u00f6nyveket, gyermekk\u00f6nyveket, valamint k\u00f6nyvgrafik\u00e1val, iparm\u0171v\u00e9szettel, textil- \u00e9s \u00fcvegm\u0171v\u00e9szettel is foglalkozott. Jelent\u0151s m\u0171veket alkotott: kompoz\u00edci\u00f3kat, portr\u00e9kat: K\u0151m\u0171ves Kelemenn\u00e9, Euridik\u00e9, Zsiv\u00e1nytemet\u0151, Farag\u00f3 Krisztus, V\u00e9r Judit, Sz\u00e1sz falu, Kapuk. A v\u00e1ros m\u0171v\u00e9szet \u00e9let\u00e9t felvir\u00e1goztatta. Mv.-en v\u00e1rosi n\u00e9ptan\u00e1csi k\u00e9pvisel\u0151jel\u00f6lt (1969). F\u00e9rj\u00e9vel egy\u00fctt a Megyei K\u00f6nyvt\u00e1r \u00faj gyermekr\u00e9szleg\u00e9nek k\u00e9sz\u00edtett, fal- \u00e9s d\u00edsz\u00edt\u0151 festm\u00e9nyeket. Az asszonyi sorsok foglalkoztatt\u00e1k, sz\u00e9kely \u00e9s cs\u00e1ng\u00f3 balladai, biblikus t\u00e1rgyu \u00e9letk\u00e9pei, t\u00e1jkompozici\u00f3i t\u00fckr\u00f6zik. A v\u00e1ros m\u0171v\u00e9szet \u00e9let\u00e9t felvir\u00e1goztatta. Mv.-en v\u00e1rosi n\u00e9ptan\u00e1csi k\u00e9pvisel\u0151jel\u00f6lt (1969). \u201eErd\u00e9ly egyik fest\u0151 nagyasszonya\u201d \u00e9rt\u00e9kelte Gazda J\u00f3zsef. A K\u00e9pz\u0151m\u0171v\u00e9szeti Sz\u00f6vets\u00e9g \u00e9s a Barab\u00e1s Mikl\u00f3s C\u00e9hnek tagja. Nyugd\u00edjbavonult (1984). Ki\u00e1ll.: Mv.-en a reform\u00e1ci\u00f3 500. \u00e9vfordul\u00f3j\u00e1n; Marosv\u00e1s\u00e1rhelyt\u0151l Marosv\u00e1s\u00e1rhelyig c., a Szepessy L\u00e1szl\u00f3 gy\u0171jtem\u00e9ny\u00e9b\u0151l. Pr\u00e1gai nemzetk\u00f6zi k\u00f6nyvszalon ki\u00e1ll. (1966), Mv.-en tartom\u00e1nyi \u00e9s megyei (1958\u20131998); Nagy Imre Gal\u00e9ria (1975. m\u00e1rc. 8.).Buk., 1970; Pr\u00e1ga (1962), K\u00e9zdiv\u00e1s\u00e9rhely (1972), Bp. (1990, 1996.), Debrecen, Mak\u00f3, Pannonhalma, Pr\u00e1ga.; Illusztr.:, Sipos Ferenc.itthon \u2013 Farkaslak\u00e1n. Szerk. \u00e9s az el\u0151sz\u00f3t \u00edrta Nagy P\u00e1l.; Ilustr. Porzsolt Borb\u00e1la. (Gyergy\u00f3szentmikl\u00f3s, 2004) <br \/><strong>Irod.:<\/strong> 100 \u00e9v; 2010 EMKK; Gazda J\u00f3zsef: Fest\u0151h\u00e1zasp\u00e1r Marosv\u00e1s\u00e1rhelyt (Korunk, 1972. 10.sz.); Id\u0151t\u00e1r 4.; Moln\u00e1r; Nagy Mikl\u00f3s Kund: M\u0171terem (Mv., 1998); Nagy M. K. M\u0171terem; RMIL, 5\/ 2.; Szab\u00f3-K\u00e1llai<\/br><\/p>\n","protected":false},"excerpt":{"rendered":"<p>Br\u00e1tos, 1933. nov.1., \u2020 Mv., 2021. j\u00fan.: grafikus, fest\u0151m\u0171v\u00e9sz. \u2013 Porzsolt Imre \u00e9s Razumova Anna le\u00e1nya. Zolcs\u00e1k S\u00e1ndor, fest\u0151m\u0171v\u00e9sz feles\u00e9ge (1958). Gyermekeik: P\u00e9ter (1962), bels\u0151\u00e9p\u00edt\u00e9sz; Katalin (1963), textilm\u00e9rn\u00f6k. \u2013 Tan\u00edt\u00f3i k\u00e9pes\u00edt\u00e9st szerzett K\u00e9zdiv\u00e1s\u00e1rhelyen (1952). A kv.-i Ion Andreescu K\u00e9pz\u0151m\u0171v\u00e9szeti F\u0151iskola fest\u0151szak\u00e1n v\u00e9gzett (1958). Mv.-en telepedtek le. Festett, illusztr\u00e1lt tank\u00f6nyveket, gyermekk\u00f6nyveket, valamint k\u00f6nyvgrafik\u00e1val, iparm\u0171v\u00e9szettel, textil- \u00e9s [&hellip;]<\/p>\n","protected":false},"featured_media":0,"comment_status":"open","ping_status":"closed","template":"","meta":[],"product_brand":[],"product_cat":[137],"product_tag":[],"class_list":{"0":"post-18704","1":"product","2":"type-product","3":"status-publish","5":"product_cat-maros-megyei-eletrajzi-lexikon","7":"first","8":"instock","9":"shipping-taxable","10":"product-type-simple"},"_links":{"self":[{"href":"https:\/\/uj.adatbank.ro\/lexikon\/wp-json\/wp\/v2\/product\/18704","targetHints":{"allow":["GET"]}}],"collection":[{"href":"https:\/\/uj.adatbank.ro\/lexikon\/wp-json\/wp\/v2\/product"}],"about":[{"href":"https:\/\/uj.adatbank.ro\/lexikon\/wp-json\/wp\/v2\/types\/product"}],"replies":[{"embeddable":true,"href":"https:\/\/uj.adatbank.ro\/lexikon\/wp-json\/wp\/v2\/comments?post=18704"}],"wp:attachment":[{"href":"https:\/\/uj.adatbank.ro\/lexikon\/wp-json\/wp\/v2\/media?parent=18704"}],"wp:term":[{"taxonomy":"product_brand","embeddable":true,"href":"https:\/\/uj.adatbank.ro\/lexikon\/wp-json\/wp\/v2\/product_brand?post=18704"},{"taxonomy":"product_cat","embeddable":true,"href":"https:\/\/uj.adatbank.ro\/lexikon\/wp-json\/wp\/v2\/product_cat?post=18704"},{"taxonomy":"product_tag","embeddable":true,"href":"https:\/\/uj.adatbank.ro\/lexikon\/wp-json\/wp\/v2\/product_tag?post=18704"}],"curies":[{"name":"wp","href":"https:\/\/api.w.org\/{rel}","templated":true}]}}