{"id":18705,"date":"2025-07-16T11:02:30","date_gmt":"2025-07-16T09:02:30","guid":{"rendered":"https:\/\/uj.adatbank.ro\/lexikon\/termek\/porzsolt-kalman\/"},"modified":"2025-07-16T11:02:30","modified_gmt":"2025-07-16T09:02:30","slug":"porzsolt-kalman","status":"publish","type":"product","link":"https:\/\/uj.adatbank.ro\/lexikon\/termek\/porzsolt-kalman\/","title":{"rendered":"PORZSOLT K\u00e1lm\u00e1n"},"content":{"rendered":"<p>Marosludas, 1860 nov. 10., \u2020 Bp., 1940. \u00e1pr. 8.: \u00edr\u00f3, \u00fajs\u00e1g\u00edr\u00f3, sz\u00ednigazgat\u00f3. \u2013 <strong>F. m.:<\/strong> <strong>szerk.:<\/strong> Blaha Lujza eml\u00e9kalbum (Bp., s.a.). <br \/><strong>Irod.:<\/strong> M\u00c9L<\/br><\/p>\n","protected":false},"excerpt":{"rendered":"<p>Marosludas, 1860 nov. 10., \u2020 Bp., 1940. \u00e1pr. 8.: \u00edr\u00f3, \u00fajs\u00e1g\u00edr\u00f3, sz\u00ednigazgat\u00f3. \u2013 F. m.: szerk.: Blaha Lujza eml\u00e9kalbum (Bp., s.a.). Irod.: M\u00c9L<\/p>\n","protected":false},"featured_media":0,"comment_status":"open","ping_status":"closed","template":"","meta":[],"product_brand":[],"product_cat":[137],"product_tag":[],"class_list":{"0":"post-18705","1":"product","2":"type-product","3":"status-publish","5":"product_cat-maros-megyei-eletrajzi-lexikon","7":"first","8":"instock","9":"shipping-taxable","10":"product-type-simple"},"_links":{"self":[{"href":"https:\/\/uj.adatbank.ro\/lexikon\/wp-json\/wp\/v2\/product\/18705","targetHints":{"allow":["GET"]}}],"collection":[{"href":"https:\/\/uj.adatbank.ro\/lexikon\/wp-json\/wp\/v2\/product"}],"about":[{"href":"https:\/\/uj.adatbank.ro\/lexikon\/wp-json\/wp\/v2\/types\/product"}],"replies":[{"embeddable":true,"href":"https:\/\/uj.adatbank.ro\/lexikon\/wp-json\/wp\/v2\/comments?post=18705"}],"wp:attachment":[{"href":"https:\/\/uj.adatbank.ro\/lexikon\/wp-json\/wp\/v2\/media?parent=18705"}],"wp:term":[{"taxonomy":"product_brand","embeddable":true,"href":"https:\/\/uj.adatbank.ro\/lexikon\/wp-json\/wp\/v2\/product_brand?post=18705"},{"taxonomy":"product_cat","embeddable":true,"href":"https:\/\/uj.adatbank.ro\/lexikon\/wp-json\/wp\/v2\/product_cat?post=18705"},{"taxonomy":"product_tag","embeddable":true,"href":"https:\/\/uj.adatbank.ro\/lexikon\/wp-json\/wp\/v2\/product_tag?post=18705"}],"curies":[{"name":"wp","href":"https:\/\/api.w.org\/{rel}","templated":true}]}}