{"id":18706,"date":"2025-07-16T11:02:31","date_gmt":"2025-07-16T09:02:31","guid":{"rendered":"https:\/\/uj.adatbank.ro\/lexikon\/termek\/posa-mihaly\/"},"modified":"2025-07-16T11:02:31","modified_gmt":"2025-07-16T09:02:31","slug":"posa-mihaly","status":"publish","type":"product","link":"https:\/\/uj.adatbank.ro\/lexikon\/termek\/posa-mihaly\/","title":{"rendered":"P\u00d3SA Mih\u00e1ly"},"content":{"rendered":"<p>? \u2020\u00a0?: sz\u00edn\u00e9sz. \u2013 Sz\u00ednt\u00e1rsulata gyakran szerepelt Mv.-en is (pl. 1851, az Apolloban zs\u00fafolt h\u00e1zak el\u0151tt j\u00e1tszott). <br \/><strong>Irod.:<\/strong> Moln\u00e1r G\u00e1bor: A r\u00e9gi Mv.: Sz\u00edn\u00e9szet\u00fcnk aranykor\u00e1b\u00f3l (Marosv\u00e1s\u00e1rhely, 1912. jan.15.); Moln\u00e1r Gy\u00f6rgy\u00a0: Vil\u00e1gost\u00f3l Vil\u00e1gosig (Arad, 1881)<\/br><\/p>\n","protected":false},"excerpt":{"rendered":"<p>? \u2020\u00a0?: sz\u00edn\u00e9sz. \u2013 Sz\u00ednt\u00e1rsulata gyakran szerepelt Mv.-en is (pl. 1851, az Apolloban zs\u00fafolt h\u00e1zak el\u0151tt j\u00e1tszott). Irod.: Moln\u00e1r G\u00e1bor: A r\u00e9gi Mv.: Sz\u00edn\u00e9szet\u00fcnk aranykor\u00e1b\u00f3l (Marosv\u00e1s\u00e1rhely, 1912. jan.15.); Moln\u00e1r Gy\u00f6rgy\u00a0: Vil\u00e1gost\u00f3l Vil\u00e1gosig (Arad, 1881)<\/p>\n","protected":false},"featured_media":0,"comment_status":"open","ping_status":"closed","template":"","meta":[],"product_brand":[],"product_cat":[137],"product_tag":[],"class_list":{"0":"post-18706","1":"product","2":"type-product","3":"status-publish","5":"product_cat-maros-megyei-eletrajzi-lexikon","7":"first","8":"instock","9":"shipping-taxable","10":"product-type-simple"},"_links":{"self":[{"href":"https:\/\/uj.adatbank.ro\/lexikon\/wp-json\/wp\/v2\/product\/18706","targetHints":{"allow":["GET"]}}],"collection":[{"href":"https:\/\/uj.adatbank.ro\/lexikon\/wp-json\/wp\/v2\/product"}],"about":[{"href":"https:\/\/uj.adatbank.ro\/lexikon\/wp-json\/wp\/v2\/types\/product"}],"replies":[{"embeddable":true,"href":"https:\/\/uj.adatbank.ro\/lexikon\/wp-json\/wp\/v2\/comments?post=18706"}],"wp:attachment":[{"href":"https:\/\/uj.adatbank.ro\/lexikon\/wp-json\/wp\/v2\/media?parent=18706"}],"wp:term":[{"taxonomy":"product_brand","embeddable":true,"href":"https:\/\/uj.adatbank.ro\/lexikon\/wp-json\/wp\/v2\/product_brand?post=18706"},{"taxonomy":"product_cat","embeddable":true,"href":"https:\/\/uj.adatbank.ro\/lexikon\/wp-json\/wp\/v2\/product_cat?post=18706"},{"taxonomy":"product_tag","embeddable":true,"href":"https:\/\/uj.adatbank.ro\/lexikon\/wp-json\/wp\/v2\/product_tag?post=18706"}],"curies":[{"name":"wp","href":"https:\/\/api.w.org\/{rel}","templated":true}]}}