{"id":18707,"date":"2025-07-16T11:02:33","date_gmt":"2025-07-16T09:02:33","guid":{"rendered":"https:\/\/uj.adatbank.ro\/lexikon\/termek\/posahazi-janos-posahazi\/"},"modified":"2025-07-16T11:02:33","modified_gmt":"2025-07-16T09:02:33","slug":"posahazi-janos-posahazi","status":"publish","type":"product","link":"https:\/\/uj.adatbank.ro\/lexikon\/termek\/posahazi-janos-posahazi\/","title":{"rendered":"P\u00d3SAH\u00c1ZI J\u00e1nos; Posahazi"},"content":{"rendered":"<p>S\u00e1rospatak, 1628, \u2020 Gyulafeh\u00e9rv\u00e1r, 1686. m\u00e1j. 4.: pedag\u00f3gus, fi\u00adloz\u00f3fiai \u00edr\u00f3. \u2013 A s\u00e1\u00adrospataki koll\u00e9giumban, t\u00f3g\u00e1tusk\u00e9nt Comenius, Tolnai J\u00e1nos, Sz\u0151ll\u0151si H. J\u00e1nos \u00e9s Tofaeus Mih\u00e1ly tan\u00edtv\u00e1nya (1650. \u00e1pr. 24.\u2013), senior volt (1653 ele\u00adj\u00e9n). Lor\u00e1ntffy Zsuzsanna, I. R\u00e1k\u00f3czi Gy\u00f6rgy fejedelem \u00f6zvegye k\u00f6lts\u00e9\u00adg\u00e9n k\u00fclf\u00f6ld\u00f6n tanult, az utrechti egy.-en (1653\u2013), f\u0151k\u00e9nt filoz\u00f3fiai \u00e9s teol. tanulm\u00e1nyo\u00adkat folytatott, filoz\u00f3fi\u00e1b\u00f3l magisteri fokozatot szerzett (1655. j\u00fan. 19.). Egy id\u0151re \u00e1tment Angli\u00e1ba is, ahonnan visszat\u00e9rt Amszterdamba (1656. j\u00fal. 8.), majd n\u00e9h\u00e1ny h\u00f3napig a franequeri egy.-en tanult (1656\u2013). Visszat\u00e9rt Mo.-ra b\u00f6lcselettudori \u00e9s a szabad m\u0171v\u00e9szetek mesteri c\u00edm\u00e9vel. A s\u00e1rospataki koll\u00e9gium tan\u00e1ra (1657. j\u00fal. 9.\u2013). Ami\u00adkor B\u00e1thori Zs\u00f3fia S\u00e1rospata\u00adkot elfoglalta, t\u00e1vozni k\u00e9nyszer\u00fclt (1671. szept. 3.\u2013). A di\u00e1kok\u00adkal \u00e9s tan\u00e1rt\u00e1rs\u00e1val, Buzinkai Mih\u00e1llyal Deb\u00adrecenbe ment, ahonnan I. Apafi Mih\u00e1ly erd\u00e9lyi fejedelem megh\u00edv\u00e1s\u00e1ra Gyulafeh\u00e9rv\u00e1rra k\u00f6l\u00adt\u00f6ztek (1672\u2013), hal\u00e1l\u00e1ig a gyulafeh\u00e9rv\u00e1ri kol\u00adl\u00e9gium tan\u00e1ra volt \u00e9s az egyh\u00e1zi \u00fcgyek korm\u00e1nyz\u00e1s\u00e1ban is r\u00e9szt vettek.\u00a0Sz\u00f3ban \u00e9s \u00edr\u00e1sban egyar\u00e1nt heves hitvit\u00e1kat folytatott S\u00e1mb\u00e1r M\u00e1ty\u00e1ssal \u00e9s Kis Imr\u00e9vel, de t\u00e1madta a coccejanusokat \u00e9s a kart\u00e9zi\u00e1nusokat is. \u2013 <strong>F. m.:<\/strong> Disputatio Metaphysica (Utrecht, 1653); Disputatio Politica, De Republica (Utrecht, 1654); Disputatio Ethica (Utrecht, 1654); Disputatio Physica (Utrecht, 1655); Oratio Inauguralis, De recta eruditionis comparandae ratione (Utrecht, 1658); Disputatio Philosophica De Regulis Philosophandi (Utrecht, 1658); Disputatio Po\u00adlitica (Utrecht, 1661); Ars Catholica. Vulgo Metaphysica (Utrecht, 1662); Pneumatologia (Utrecht, 1662); S\u00e1mb\u00e1rnak az h\u00e1rom k\u00e9rd\u00e9\u00adseire val\u00f3 felelet (H. n., 1666); S\u00e1mb\u00e1rnak, Kisnek, s egyebeknek adott felelet (H. n., 1666); A h\u00e1rom k\u00e9rd\u00e9sre-val\u00f3 summ\u00e1s v\u00e1laszt-t\u00e9telnek, Egy arra l\u0151tt alkalmatlan Felet\u00adtel val\u00f3 Nagyobb Meger\u00f6ss\u00f6dese, Es Azon Fe\u00adleletnek megr\u00e1zogat\u00e1sa (H. n., 1666); Ben S\u00fclt Veres Kolop. Avagy: Kis P\u00e1ternek Vesz\u00adtett Peri (H. n., 1666); P. J.-nak Kis Imre nev\u0171 Jesuita p\u00e1terrel val\u00f3 vet\u00e9lked\u00e9se&#8230; (H. n., 1667); Philosophia Natur\u00e1lis (S\u00e1rospatak, 1667); G\u00f6rcs\u00f6s Bot. N\u00e9vtelen\u00fcl (S\u00e1rospatak, 1668); Igazs\u00e1g Ist\u00e1pja (S\u00e1rospatak, 1669); Theses Philosophicae de Independente et De-pendente&#8230; (S\u00e1rospatak, 1671); Sibelius G\u00e1s\u00adp\u00e1rnak Szent-Irasbol szedegetett, \u00e9s k\u00fcl\u00f6mb k\u00fcl\u00f6mb-f\u00e9le alkalmatoss\u00e1gokra rendeltetett k\u00f6ny\u00f6rg\u0151 \u00e9s h\u00e1laad\u00f3 Imadsagi&#8230; (Kv., 1673); Oratio De Fatalium rerum Humanarum&#8230;Bocskai Istv\u00e1n felett, 1673. m\u00e1j. 29. (Kv., 1674); Syllabus Assercionum Thesium, &#038; Hypothesium&#8230; (Kv., 1685). \u2013 Kiad.: Az els\u0151 kuruc mozgalmak ko\u00adr\u00e1nak k\u00f6lt\u00e9szete 1672\u20131686 (R\u00e9gi M. K\u00f6lt\u0151k T\u00e1ra, XVII. sz., 11.). Kiad. Varga Imre (Bp., 1986). <br \/><strong>Irod.:<\/strong> G\u00f6m\u00f6ri Gy\u00f6rgy: J\u00e1rt-e P. J. Angli\u00e1ban? (Korunk, 8. sz., 2015.); Halotti besz\u00e9dek; Kiss P\u00e1l: Mv. kalauz; Koncz; Makkai Ern\u0151: P. J. \u00e9lete \u00e9s filoz\u00f3\u00adfi\u00e1ja (Kv., 1942); Salamon J\u00f3zsef: De statu Ecclesiae Ev. Ref. in Transilvania (Claudiopoli-Lipsiae, 1840); T\u00f3th Istv\u00e1n: A gyulafeh\u00e9rv\u00e1ri humanista k\u00f6lt\u00e9szet antol\u00f3gi\u00e1ja (Bp., 2001); Teleki Mih\u00e1ly udvartart\u00e1si napl\u00f3ja, 1673\u20131681 (Kv., 2007); Tonk S. 2020; T\u00f3th Istv\u00e1n: A gyulafeh\u00e9rv\u00e1ri humanista k\u00f6lt\u00e9szet antol\u00f3gi\u00e1ja (Bp., 2001); \u00daM\u00c9L<\/br><\/p>\n","protected":false},"excerpt":{"rendered":"<p>S\u00e1rospatak, 1628, \u2020 Gyulafeh\u00e9rv\u00e1r, 1686. m\u00e1j. 4.: pedag\u00f3gus, fi\u00adloz\u00f3fiai \u00edr\u00f3. \u2013 A s\u00e1\u00adrospataki koll\u00e9giumban, t\u00f3g\u00e1tusk\u00e9nt Comenius, Tolnai J\u00e1nos, Sz\u0151ll\u0151si H. J\u00e1nos \u00e9s Tofaeus Mih\u00e1ly tan\u00edtv\u00e1nya (1650. \u00e1pr. 24.\u2013), senior volt (1653 ele\u00adj\u00e9n). Lor\u00e1ntffy Zsuzsanna, I. R\u00e1k\u00f3czi Gy\u00f6rgy fejedelem \u00f6zvegye k\u00f6lts\u00e9\u00adg\u00e9n k\u00fclf\u00f6ld\u00f6n tanult, az utrechti egy.-en (1653\u2013), f\u0151k\u00e9nt filoz\u00f3fiai \u00e9s teol. tanulm\u00e1nyo\u00adkat folytatott, filoz\u00f3fi\u00e1b\u00f3l magisteri fokozatot [&hellip;]<\/p>\n","protected":false},"featured_media":0,"comment_status":"open","ping_status":"closed","template":"","meta":[],"product_brand":[],"product_cat":[137],"product_tag":[],"class_list":{"0":"post-18707","1":"product","2":"type-product","3":"status-publish","5":"product_cat-maros-megyei-eletrajzi-lexikon","7":"first","8":"instock","9":"shipping-taxable","10":"product-type-simple"},"_links":{"self":[{"href":"https:\/\/uj.adatbank.ro\/lexikon\/wp-json\/wp\/v2\/product\/18707","targetHints":{"allow":["GET"]}}],"collection":[{"href":"https:\/\/uj.adatbank.ro\/lexikon\/wp-json\/wp\/v2\/product"}],"about":[{"href":"https:\/\/uj.adatbank.ro\/lexikon\/wp-json\/wp\/v2\/types\/product"}],"replies":[{"embeddable":true,"href":"https:\/\/uj.adatbank.ro\/lexikon\/wp-json\/wp\/v2\/comments?post=18707"}],"wp:attachment":[{"href":"https:\/\/uj.adatbank.ro\/lexikon\/wp-json\/wp\/v2\/media?parent=18707"}],"wp:term":[{"taxonomy":"product_brand","embeddable":true,"href":"https:\/\/uj.adatbank.ro\/lexikon\/wp-json\/wp\/v2\/product_brand?post=18707"},{"taxonomy":"product_cat","embeddable":true,"href":"https:\/\/uj.adatbank.ro\/lexikon\/wp-json\/wp\/v2\/product_cat?post=18707"},{"taxonomy":"product_tag","embeddable":true,"href":"https:\/\/uj.adatbank.ro\/lexikon\/wp-json\/wp\/v2\/product_tag?post=18707"}],"curies":[{"name":"wp","href":"https:\/\/api.w.org\/{rel}","templated":true}]}}