{"id":1871,"date":"2025-06-28T11:56:03","date_gmt":"2025-06-28T09:56:03","guid":{"rendered":"https:\/\/uj.adatbank.ro\/lexikon\/termek\/bakk-imre\/"},"modified":"2025-06-28T11:56:03","modified_gmt":"2025-06-28T09:56:03","slug":"bakk-imre","status":"publish","type":"product","link":"https:\/\/uj.adatbank.ro\/lexikon\/termek\/bakk-imre\/","title":{"rendered":"BAKK Imre"},"content":{"rendered":"<p>1915, \u2020 Sz\u00e1szr\u00e9gen, 1997. j\u00fal. 22.: ref. lelk\u00e9sz. \u2013 Lelkip\u00e1sztor volt 41 \u00e9vig a Mez\u0151s\u00e9gen t\u00f6bb egyh\u00e1zk\u00f6zs\u00e9gben, J\u00f3d-Ratosny\u00e1n (29 \u00e9vet), nyugd\u00edjask\u00e9nt a sz\u00e1szr\u00e9geni gy\u00fclekezetekben szolg\u00e1lt. <br \/><strong>Irod.:<\/strong> [Nekrol\u00f3g] (N\u00fa., 1997. j\u00fal. 24.)<\/br><\/p>\n","protected":false},"excerpt":{"rendered":"<p>1915, \u2020 Sz\u00e1szr\u00e9gen, 1997. j\u00fal. 22.: ref. lelk\u00e9sz. \u2013 Lelkip\u00e1sztor volt 41 \u00e9vig a Mez\u0151s\u00e9gen t\u00f6bb egyh\u00e1zk\u00f6zs\u00e9gben, J\u00f3d-Ratosny\u00e1n (29 \u00e9vet), nyugd\u00edjask\u00e9nt a sz\u00e1szr\u00e9geni gy\u00fclekezetekben szolg\u00e1lt. Irod.: [Nekrol\u00f3g] (N\u00fa., 1997. j\u00fal. 24.)<\/p>\n","protected":false},"featured_media":0,"comment_status":"open","ping_status":"closed","template":"","meta":[],"product_brand":[],"product_cat":[137],"product_tag":[],"class_list":{"0":"post-1871","1":"product","2":"type-product","3":"status-publish","5":"product_cat-maros-megyei-eletrajzi-lexikon","7":"first","8":"instock","9":"shipping-taxable","10":"product-type-simple"},"_links":{"self":[{"href":"https:\/\/uj.adatbank.ro\/lexikon\/wp-json\/wp\/v2\/product\/1871","targetHints":{"allow":["GET"]}}],"collection":[{"href":"https:\/\/uj.adatbank.ro\/lexikon\/wp-json\/wp\/v2\/product"}],"about":[{"href":"https:\/\/uj.adatbank.ro\/lexikon\/wp-json\/wp\/v2\/types\/product"}],"replies":[{"embeddable":true,"href":"https:\/\/uj.adatbank.ro\/lexikon\/wp-json\/wp\/v2\/comments?post=1871"}],"wp:attachment":[{"href":"https:\/\/uj.adatbank.ro\/lexikon\/wp-json\/wp\/v2\/media?parent=1871"}],"wp:term":[{"taxonomy":"product_brand","embeddable":true,"href":"https:\/\/uj.adatbank.ro\/lexikon\/wp-json\/wp\/v2\/product_brand?post=1871"},{"taxonomy":"product_cat","embeddable":true,"href":"https:\/\/uj.adatbank.ro\/lexikon\/wp-json\/wp\/v2\/product_cat?post=1871"},{"taxonomy":"product_tag","embeddable":true,"href":"https:\/\/uj.adatbank.ro\/lexikon\/wp-json\/wp\/v2\/product_tag?post=1871"}],"curies":[{"name":"wp","href":"https:\/\/api.w.org\/{rel}","templated":true}]}}