{"id":18713,"date":"2025-07-16T11:02:47","date_gmt":"2025-07-16T09:02:47","guid":{"rendered":"https:\/\/uj.adatbank.ro\/lexikon\/termek\/posoni-krasznai\/"},"modified":"2025-07-16T11:02:47","modified_gmt":"2025-07-16T09:02:47","slug":"posoni-krasznai","status":"publish","type":"product","link":"https:\/\/uj.adatbank.ro\/lexikon\/termek\/posoni-krasznai\/","title":{"rendered":"POSONI, krasznai"},"content":{"rendered":"<p>A csal\u00e1d Szil\u00e1gyv\u00e1rmegy\u00e9b\u0151l sz\u00e1rmazott. P. J\u00e1nos nyert nemess\u00e9get a 17. sz. v\u00e9g\u00e9n. P. G\u00e1bor dr., kir. t\u00e1blab\u00edr\u00f3 Mv.-en, kisg\u00f6rg\u00e9nyi birtokos. <br \/><strong>Irod.:<\/strong> P\u00e1lmay<\/br><\/p>\n","protected":false},"excerpt":{"rendered":"<p>A csal\u00e1d Szil\u00e1gyv\u00e1rmegy\u00e9b\u0151l sz\u00e1rmazott. P. J\u00e1nos nyert nemess\u00e9get a 17. sz. v\u00e9g\u00e9n. P. G\u00e1bor dr., kir. t\u00e1blab\u00edr\u00f3 Mv.-en, kisg\u00f6rg\u00e9nyi birtokos. Irod.: P\u00e1lmay<\/p>\n","protected":false},"featured_media":0,"comment_status":"open","ping_status":"closed","template":"","meta":[],"product_brand":[],"product_cat":[137],"product_tag":[],"class_list":{"0":"post-18713","1":"product","2":"type-product","3":"status-publish","5":"product_cat-maros-megyei-eletrajzi-lexikon","7":"first","8":"instock","9":"shipping-taxable","10":"product-type-simple"},"_links":{"self":[{"href":"https:\/\/uj.adatbank.ro\/lexikon\/wp-json\/wp\/v2\/product\/18713","targetHints":{"allow":["GET"]}}],"collection":[{"href":"https:\/\/uj.adatbank.ro\/lexikon\/wp-json\/wp\/v2\/product"}],"about":[{"href":"https:\/\/uj.adatbank.ro\/lexikon\/wp-json\/wp\/v2\/types\/product"}],"replies":[{"embeddable":true,"href":"https:\/\/uj.adatbank.ro\/lexikon\/wp-json\/wp\/v2\/comments?post=18713"}],"wp:attachment":[{"href":"https:\/\/uj.adatbank.ro\/lexikon\/wp-json\/wp\/v2\/media?parent=18713"}],"wp:term":[{"taxonomy":"product_brand","embeddable":true,"href":"https:\/\/uj.adatbank.ro\/lexikon\/wp-json\/wp\/v2\/product_brand?post=18713"},{"taxonomy":"product_cat","embeddable":true,"href":"https:\/\/uj.adatbank.ro\/lexikon\/wp-json\/wp\/v2\/product_cat?post=18713"},{"taxonomy":"product_tag","embeddable":true,"href":"https:\/\/uj.adatbank.ro\/lexikon\/wp-json\/wp\/v2\/product_tag?post=18713"}],"curies":[{"name":"wp","href":"https:\/\/api.w.org\/{rel}","templated":true}]}}