{"id":18717,"date":"2025-07-16T11:02:53","date_gmt":"2025-07-16T09:02:53","guid":{"rendered":"https:\/\/uj.adatbank.ro\/lexikon\/termek\/pospsil-rudolf\/"},"modified":"2025-07-16T11:02:53","modified_gmt":"2025-07-16T09:02:53","slug":"pospsil-rudolf","status":"publish","type":"product","link":"https:\/\/uj.adatbank.ro\/lexikon\/termek\/pospsil-rudolf\/","title":{"rendered":"POSPSIL Rudolf"},"content":{"rendered":"<p>Gyulafeh\u00e9rv\u00e1r, 1900., \u2020\u00a0?: \u00fcgyv\u00e9d. \u2013 K\u00f6z\u00e9piskol\u00e1t sz\u00fcl\u0151v\u00e1ros\u00e1ban, jogot a kv.-i egyetemen v\u00e9gzett, ahol jogtudom\u00e1nyi doktor\u00e1tust nyert. Gyulafeh\u00e9rv\u00e1ron joggyakornok \u00e9s b\u00edr\u00f3s\u00e1gi jegyz\u0151 (1921\u201324), majd gyakorl\u00f3 \u00fcgyv\u00e9d Segesv\u00e1ron volt. (1928\u2013). A MP medgyesi tagozat\u00e1nak volt aleln\u00f6ke, akt\u00edv tagja. A segesv\u00e1ri r. k. egyh\u00e1zk\u00f6zs\u00e9g \u00fcgy\u00e9sze \u00e9s tan\u00e1cstagja volt. Politikai \u00e9s iskola\u00fcgyi cikkekei jelentek meg f\u0151k\u00e9nt a Brass\u00f3i Lapokban.. <br \/><strong>Irod.:<\/strong> EM<\/br><\/p>\n","protected":false},"excerpt":{"rendered":"<p>Gyulafeh\u00e9rv\u00e1r, 1900., \u2020\u00a0?: \u00fcgyv\u00e9d. \u2013 K\u00f6z\u00e9piskol\u00e1t sz\u00fcl\u0151v\u00e1ros\u00e1ban, jogot a kv.-i egyetemen v\u00e9gzett, ahol jogtudom\u00e1nyi doktor\u00e1tust nyert. Gyulafeh\u00e9rv\u00e1ron joggyakornok \u00e9s b\u00edr\u00f3s\u00e1gi jegyz\u0151 (1921\u201324), majd gyakorl\u00f3 \u00fcgyv\u00e9d Segesv\u00e1ron volt. (1928\u2013). A MP medgyesi tagozat\u00e1nak volt aleln\u00f6ke, akt\u00edv tagja. A segesv\u00e1ri r. k. egyh\u00e1zk\u00f6zs\u00e9g \u00fcgy\u00e9sze \u00e9s tan\u00e1cstagja volt. Politikai \u00e9s iskola\u00fcgyi cikkekei jelentek meg f\u0151k\u00e9nt a Brass\u00f3i Lapokban.. [&hellip;]<\/p>\n","protected":false},"featured_media":0,"comment_status":"open","ping_status":"closed","template":"","meta":[],"product_brand":[],"product_cat":[137],"product_tag":[],"class_list":{"0":"post-18717","1":"product","2":"type-product","3":"status-publish","5":"product_cat-maros-megyei-eletrajzi-lexikon","7":"first","8":"instock","9":"shipping-taxable","10":"product-type-simple"},"_links":{"self":[{"href":"https:\/\/uj.adatbank.ro\/lexikon\/wp-json\/wp\/v2\/product\/18717","targetHints":{"allow":["GET"]}}],"collection":[{"href":"https:\/\/uj.adatbank.ro\/lexikon\/wp-json\/wp\/v2\/product"}],"about":[{"href":"https:\/\/uj.adatbank.ro\/lexikon\/wp-json\/wp\/v2\/types\/product"}],"replies":[{"embeddable":true,"href":"https:\/\/uj.adatbank.ro\/lexikon\/wp-json\/wp\/v2\/comments?post=18717"}],"wp:attachment":[{"href":"https:\/\/uj.adatbank.ro\/lexikon\/wp-json\/wp\/v2\/media?parent=18717"}],"wp:term":[{"taxonomy":"product_brand","embeddable":true,"href":"https:\/\/uj.adatbank.ro\/lexikon\/wp-json\/wp\/v2\/product_brand?post=18717"},{"taxonomy":"product_cat","embeddable":true,"href":"https:\/\/uj.adatbank.ro\/lexikon\/wp-json\/wp\/v2\/product_cat?post=18717"},{"taxonomy":"product_tag","embeddable":true,"href":"https:\/\/uj.adatbank.ro\/lexikon\/wp-json\/wp\/v2\/product_tag?post=18717"}],"curies":[{"name":"wp","href":"https:\/\/api.w.org\/{rel}","templated":true}]}}