{"id":18718,"date":"2025-07-16T11:02:56","date_gmt":"2025-07-16T09:02:56","guid":{"rendered":"https:\/\/uj.adatbank.ro\/lexikon\/termek\/poti-geza\/"},"modified":"2025-07-16T11:02:56","modified_gmt":"2025-07-16T09:02:56","slug":"poti-geza","status":"publish","type":"product","link":"https:\/\/uj.adatbank.ro\/lexikon\/termek\/poti-geza\/","title":{"rendered":"P\u00d3TI G\u00e9za"},"content":{"rendered":"<p>? \u2020\u00a0? : m\u00e9rn\u00f6k, igazgat\u00f3. \u2013 Vegy\u00e9szm\u00e9rn\u00f6k \u00e9s k\u00f6zgazd\u00e1sz, aranyokleveles \u00e9s gy\u00e9m\u00e1ntdiplom\u00e1s volt. A bp.-i F\u00f6ldm\u0171vel\u0151d\u00e9s\u00fcgyi Miniszt\u00e9rium utas\u00edtotta az Erd\u00e9lyr\u00e9szi Hangya K\u00f6zpontot egy konzervgy\u00e1r \u00e9p\u00edt\u00e9s\u00e9re Mv.-en, amit \u00fczembe helyeztek (1943), napi kapacit\u00e1sa egy vagon konzerv volt. Igazgat\u00f3k: Birtalan Guszt\u00e1v (1943\u201353); P. G.(1953\u201378) \u00e9s Kir\u00e1ly K\u00e1roly (1973\u2013). P\u00f3ti vezet\u00e9se alatt (1953\u201378), az orsz\u00e1g legnagyobb konzervgy\u00e1r\u00e1v\u00e1 fejl\u0151d\u00f6tt, a rendszerv\u00e1lt\u00e1s ut\u00e1n a gy\u00e1r megbukott\u00e9s felsz\u00e1molt\u00e1k (2004). <br \/><strong>Irod.:<\/strong> Bodolai Gy\u00f6ngyi: Mert volt egyszer egy konzervgy\u00e1r is (N\u00fa., 2016. \u00e1pr. 6.)<\/br><\/p>\n","protected":false},"excerpt":{"rendered":"<p>? \u2020\u00a0? : m\u00e9rn\u00f6k, igazgat\u00f3. \u2013 Vegy\u00e9szm\u00e9rn\u00f6k \u00e9s k\u00f6zgazd\u00e1sz, aranyokleveles \u00e9s gy\u00e9m\u00e1ntdiplom\u00e1s volt. A bp.-i F\u00f6ldm\u0171vel\u0151d\u00e9s\u00fcgyi Miniszt\u00e9rium utas\u00edtotta az Erd\u00e9lyr\u00e9szi Hangya K\u00f6zpontot egy konzervgy\u00e1r \u00e9p\u00edt\u00e9s\u00e9re Mv.-en, amit \u00fczembe helyeztek (1943), napi kapacit\u00e1sa egy vagon konzerv volt. Igazgat\u00f3k: Birtalan Guszt\u00e1v (1943\u201353); P. G.(1953\u201378) \u00e9s Kir\u00e1ly K\u00e1roly (1973\u2013). P\u00f3ti vezet\u00e9se alatt (1953\u201378), az orsz\u00e1g legnagyobb konzervgy\u00e1r\u00e1v\u00e1 fejl\u0151d\u00f6tt, [&hellip;]<\/p>\n","protected":false},"featured_media":0,"comment_status":"open","ping_status":"closed","template":"","meta":[],"product_brand":[],"product_cat":[137],"product_tag":[],"class_list":{"0":"post-18718","1":"product","2":"type-product","3":"status-publish","5":"product_cat-maros-megyei-eletrajzi-lexikon","7":"first","8":"instock","9":"shipping-taxable","10":"product-type-simple"},"_links":{"self":[{"href":"https:\/\/uj.adatbank.ro\/lexikon\/wp-json\/wp\/v2\/product\/18718","targetHints":{"allow":["GET"]}}],"collection":[{"href":"https:\/\/uj.adatbank.ro\/lexikon\/wp-json\/wp\/v2\/product"}],"about":[{"href":"https:\/\/uj.adatbank.ro\/lexikon\/wp-json\/wp\/v2\/types\/product"}],"replies":[{"embeddable":true,"href":"https:\/\/uj.adatbank.ro\/lexikon\/wp-json\/wp\/v2\/comments?post=18718"}],"wp:attachment":[{"href":"https:\/\/uj.adatbank.ro\/lexikon\/wp-json\/wp\/v2\/media?parent=18718"}],"wp:term":[{"taxonomy":"product_brand","embeddable":true,"href":"https:\/\/uj.adatbank.ro\/lexikon\/wp-json\/wp\/v2\/product_brand?post=18718"},{"taxonomy":"product_cat","embeddable":true,"href":"https:\/\/uj.adatbank.ro\/lexikon\/wp-json\/wp\/v2\/product_cat?post=18718"},{"taxonomy":"product_tag","embeddable":true,"href":"https:\/\/uj.adatbank.ro\/lexikon\/wp-json\/wp\/v2\/product_tag?post=18718"}],"curies":[{"name":"wp","href":"https:\/\/api.w.org\/{rel}","templated":true}]}}