{"id":18719,"date":"2025-07-16T11:02:58","date_gmt":"2025-07-16T09:02:58","guid":{"rendered":"https:\/\/uj.adatbank.ro\/lexikon\/termek\/potoczky-peter\/"},"modified":"2025-07-16T11:02:58","modified_gmt":"2025-07-16T09:02:58","slug":"potoczky-peter","status":"publish","type":"product","link":"https:\/\/uj.adatbank.ro\/lexikon\/termek\/potoczky-peter\/","title":{"rendered":"POTOCZKY P\u00e9ter"},"content":{"rendered":"<p>1869. \u00e1pr. 5. \u2020\u00a01945: tisztvisel\u0151, \u00f6rm\u00e9ny divat\u00e1ru keresked\u0151. \u2013 Lengyel nemesi csal\u00e1d lesz\u00e1rmazottja, a 19. sz m\u00e1sodik fel\u00e9be j\u00f6tt Erd\u00e9lybe, Nagysinken, Szebenben majd Mv.-en (1890-es \u00e9vek v\u00e9gefel\u00e9). telepedtek le. Feles\u00e9ge: Dudutz Irma (1876. febr. 26.\u20131950). Gyermekeik: P. Ir\u00e9n (1896. m\u00e1rc. 3.- 1987), f\u00e9rje K\u00e1lm\u00e1n Oszk\u00e1r (1880. jan. 16.\u2013); P. Magdolna (1902. j\u00fal. 22.\u20131975. m\u00e1rc. 17.), f\u00e9rje Asztalos P\u00e9ter (1891. j\u00fal. 26.\u20131970. jan. 25.). \u2013 F\u0151iskolai v\u00e9gzetts\u00e9g\u0171, a v\u00e1rosn\u00e1l volt tisztvisel\u0151, majd az I. vh. v\u00e9g\u00e9n kitett\u00e9k onnan. Divat\u00e1r\u00fa\u00fczletet nyitott a f\u0151t\u00e9ren, mivel nem volt el\u00e9g \u00f3vatos hitelre \u00e1rult \u00e9s v\u00e1lt\u00f3t is \u00edrt al\u00e1, a bolt r\u00e1fizet\u00e9ses lett, a gazdas\u00e1gi v\u00e1ls\u00e1g idej\u00e9n felsz\u00e1molta. Kossuth utcai h\u00e1za b\u00e9rbead\u00e1s\u00e1b\u00f3l \u00e9lt azut\u00e1n. <br \/><strong>Irod.:<\/strong> Erd\u00e9lyi \u00d6rm\u00e9ny Gy\u00f6kerek (21., 228. sz.; 2017. m\u00e1rc.-\u00e1pr.); Mv.-i \u00f6rm\u00e9nyek; \u00d6rm\u00e9nyek; Sipos<\/br><\/p>\n","protected":false},"excerpt":{"rendered":"<p>1869. \u00e1pr. 5. \u2020\u00a01945: tisztvisel\u0151, \u00f6rm\u00e9ny divat\u00e1ru keresked\u0151. \u2013 Lengyel nemesi csal\u00e1d lesz\u00e1rmazottja, a 19. sz m\u00e1sodik fel\u00e9be j\u00f6tt Erd\u00e9lybe, Nagysinken, Szebenben majd Mv.-en (1890-es \u00e9vek v\u00e9gefel\u00e9). telepedtek le. Feles\u00e9ge: Dudutz Irma (1876. febr. 26.\u20131950). Gyermekeik: P. Ir\u00e9n (1896. m\u00e1rc. 3.- 1987), f\u00e9rje K\u00e1lm\u00e1n Oszk\u00e1r (1880. jan. 16.\u2013); P. Magdolna (1902. j\u00fal. 22.\u20131975. m\u00e1rc. 17.), [&hellip;]<\/p>\n","protected":false},"featured_media":0,"comment_status":"open","ping_status":"closed","template":"","meta":[],"product_brand":[],"product_cat":[137],"product_tag":[],"class_list":{"0":"post-18719","1":"product","2":"type-product","3":"status-publish","5":"product_cat-maros-megyei-eletrajzi-lexikon","7":"first","8":"instock","9":"shipping-taxable","10":"product-type-simple"},"_links":{"self":[{"href":"https:\/\/uj.adatbank.ro\/lexikon\/wp-json\/wp\/v2\/product\/18719","targetHints":{"allow":["GET"]}}],"collection":[{"href":"https:\/\/uj.adatbank.ro\/lexikon\/wp-json\/wp\/v2\/product"}],"about":[{"href":"https:\/\/uj.adatbank.ro\/lexikon\/wp-json\/wp\/v2\/types\/product"}],"replies":[{"embeddable":true,"href":"https:\/\/uj.adatbank.ro\/lexikon\/wp-json\/wp\/v2\/comments?post=18719"}],"wp:attachment":[{"href":"https:\/\/uj.adatbank.ro\/lexikon\/wp-json\/wp\/v2\/media?parent=18719"}],"wp:term":[{"taxonomy":"product_brand","embeddable":true,"href":"https:\/\/uj.adatbank.ro\/lexikon\/wp-json\/wp\/v2\/product_brand?post=18719"},{"taxonomy":"product_cat","embeddable":true,"href":"https:\/\/uj.adatbank.ro\/lexikon\/wp-json\/wp\/v2\/product_cat?post=18719"},{"taxonomy":"product_tag","embeddable":true,"href":"https:\/\/uj.adatbank.ro\/lexikon\/wp-json\/wp\/v2\/product_tag?post=18719"}],"curies":[{"name":"wp","href":"https:\/\/api.w.org\/{rel}","templated":true}]}}