{"id":18720,"date":"2025-07-16T11:03:02","date_gmt":"2025-07-16T09:03:02","guid":{"rendered":"https:\/\/uj.adatbank.ro\/lexikon\/termek\/potsa-jozsef\/"},"modified":"2025-07-16T11:03:02","modified_gmt":"2025-07-16T09:03:02","slug":"potsa-jozsef","status":"publish","type":"product","link":"https:\/\/uj.adatbank.ro\/lexikon\/termek\/potsa-jozsef\/","title":{"rendered":"P\u00d3TSA J\u00f3zsef"},"content":{"rendered":"<p>Mv., 1836. m\u00e1j. 24., \u2020 Sepsiszentgy\u00f6rgy, 1903. j\u00fal. 9.: f\u0151isp\u00e1n. \u2013 M\u00e1r fiatalon, apja P. P\u00e1l, a kir. t\u00e1bla alkalmazottja, hal\u00e1la ut\u00e1n (1845), a csal\u00e1d h\u00e1romsz\u00e9ki \u00e9s K\u00fck\u00fcll\u0151 megyei birtokain gazd\u00e1lkodott. H\u00e1romsz\u00e9k tb. jegyz\u0151nek nevezt\u00e9k ki (1861\u2013), majd sz\u00e9kb\u00edr\u00f3 lett. A proviz\u00f3rium idej\u00e9n birtokain gazd\u00e1lkodott, a kiegyez\u00e9s ut\u00e1n v\u00e1llalt \u00fajra hivatalt K\u00fck\u00fcll\u0151 v\u00e1rmegy\u00e9ben mint f\u0151b\u00edr\u00f3, majd alisp\u00e1n (1873 k.). H\u00e1romsz\u00e9k v\u00e1rmegye f\u0151isp\u00e1nja hal\u00e1l\u00e1ig (1877\u20131903), ebben a min\u0151s\u00e9g\u00e9ben eredm\u00e9nyesen tev\u00e9kenykedett az \u00e1llamigazgat\u00e1sban, iparban, k\u00f6zm\u0171vel\u0151d\u00e9sben egyar\u00e1nt, t\u00e1mogatta a p\u00e9nzint\u00e9zetek l\u00e9tes\u00edt\u00e9s\u00e9t. Szerepe volt a H\u00e1romsz\u00e9k megyei takar\u00e9kp\u00e9nzt\u00e1r, a sz\u00e9kely h\u00e1ziipari egyes\u00fclet \u00e9s az els\u0151 sz\u00e9kely sz\u00f6v\u0151gy\u00e1r l\u00e9trehoz\u00e1s\u00e1ban. T\u00e1mogatta az oktat\u00e1si \u00e9s szoci\u00e1lis int\u00e9zm\u00e9nyeket, a Sz\u00e9kely Nemzeti M\u00fazeumot, a h\u00e1romsz\u00e9ki f\u00fcrd\u0151helyek \u00e9p\u00edt\u00e9s\u00e9t. Tev\u00e9kenyen vett r\u00e9szt a Sz\u00e9kely Kongrsszus szervez\u00e9s\u00e9ben (1902). <strong>Cikkei:<\/strong> Erd\u00e9ly c.lapban. \u00c9rdemei\u00e9rt val\u00f3s\u00e1gos bels\u0151 titkos tan\u00e1csosi \u00e9s cs. kir. kamar\u00e1si c\u00edmet kapott. \u2013 <strong>F. m.:<\/strong> H\u00e1romsz\u00e9k v\u00e1rmegye \u2013 Eml\u00e9kk\u00f6nyv (1899). <br \/><strong>Irod.:<\/strong> K\u00e1d\u00e1r Zsombor: H\u00e1romsz\u00e9k nagymonogr\u00e1fi\u00e1ja = K\u00e1d\u00e1r Zsombor: Sz\u00e9kelyf\u00f6ldi erd\u00e9szeti arck\u00e9pcsarnok (Bp., 1999); Mo. f\u0151isp\u00e1njai; P\u00e1l Judit: Erd\u00e9lyi f\u0151isp\u00e1nok a Tisza-\u00e9ra v\u00e9g\u00e9n (1890\u201391) (Korunk, 3.sz., 2009. m\u00e1rc.); Rugonfalvi Kiss<\/br><\/p>\n","protected":false},"excerpt":{"rendered":"<p>Mv., 1836. m\u00e1j. 24., \u2020 Sepsiszentgy\u00f6rgy, 1903. j\u00fal. 9.: f\u0151isp\u00e1n. \u2013 M\u00e1r fiatalon, apja P. P\u00e1l, a kir. t\u00e1bla alkalmazottja, hal\u00e1la ut\u00e1n (1845), a csal\u00e1d h\u00e1romsz\u00e9ki \u00e9s K\u00fck\u00fcll\u0151 megyei birtokain gazd\u00e1lkodott. H\u00e1romsz\u00e9k tb. jegyz\u0151nek nevezt\u00e9k ki (1861\u2013), majd sz\u00e9kb\u00edr\u00f3 lett. A proviz\u00f3rium idej\u00e9n birtokain gazd\u00e1lkodott, a kiegyez\u00e9s ut\u00e1n v\u00e1llalt \u00fajra hivatalt K\u00fck\u00fcll\u0151 v\u00e1rmegy\u00e9ben mint f\u0151b\u00edr\u00f3, [&hellip;]<\/p>\n","protected":false},"featured_media":0,"comment_status":"open","ping_status":"closed","template":"","meta":[],"product_brand":[],"product_cat":[137],"product_tag":[],"class_list":{"0":"post-18720","1":"product","2":"type-product","3":"status-publish","5":"product_cat-maros-megyei-eletrajzi-lexikon","7":"first","8":"instock","9":"shipping-taxable","10":"product-type-simple"},"_links":{"self":[{"href":"https:\/\/uj.adatbank.ro\/lexikon\/wp-json\/wp\/v2\/product\/18720","targetHints":{"allow":["GET"]}}],"collection":[{"href":"https:\/\/uj.adatbank.ro\/lexikon\/wp-json\/wp\/v2\/product"}],"about":[{"href":"https:\/\/uj.adatbank.ro\/lexikon\/wp-json\/wp\/v2\/types\/product"}],"replies":[{"embeddable":true,"href":"https:\/\/uj.adatbank.ro\/lexikon\/wp-json\/wp\/v2\/comments?post=18720"}],"wp:attachment":[{"href":"https:\/\/uj.adatbank.ro\/lexikon\/wp-json\/wp\/v2\/media?parent=18720"}],"wp:term":[{"taxonomy":"product_brand","embeddable":true,"href":"https:\/\/uj.adatbank.ro\/lexikon\/wp-json\/wp\/v2\/product_brand?post=18720"},{"taxonomy":"product_cat","embeddable":true,"href":"https:\/\/uj.adatbank.ro\/lexikon\/wp-json\/wp\/v2\/product_cat?post=18720"},{"taxonomy":"product_tag","embeddable":true,"href":"https:\/\/uj.adatbank.ro\/lexikon\/wp-json\/wp\/v2\/product_tag?post=18720"}],"curies":[{"name":"wp","href":"https:\/\/api.w.org\/{rel}","templated":true}]}}