{"id":18724,"date":"2025-07-16T11:03:14","date_gmt":"2025-07-16T09:03:14","guid":{"rendered":"https:\/\/uj.adatbank.ro\/lexikon\/termek\/potyo-margit-%c2%a7-dumitrescu-margareta-gaicza-margit-potyo-belane\/"},"modified":"2025-07-16T11:03:14","modified_gmt":"2025-07-16T09:03:14","slug":"potyo-margit-%c2%a7-dumitrescu-margareta-gaicza-margit-potyo-belane","status":"publish","type":"product","link":"https:\/\/uj.adatbank.ro\/lexikon\/termek\/potyo-margit-%c2%a7-dumitrescu-margareta-gaicza-margit-potyo-belane\/","title":{"rendered":"P\u00d6TY\u0150 Margit, \u00a7 Dumitrescu Margareta; Gaicza Margit; P\u00f6ty\u0151 B\u00e9l\u00e1n\u00e9"},"content":{"rendered":"<p>Borgani\u2013Putna, 1909. szept. 25., \u2020\u00a0? : \u00f3v\u00f3n\u0151. \u2013 Iskol\u00e1it Buk.-ben v\u00e9gezte \u00e9s oklevelet szerzett (1927). Mint \u00f3v\u00f3n\u0151 Lemh\u00e9nyben, Gyergy\u00f3ditr\u00f3n \u00e9s Gyergy\u00f3remet\u00e9n m\u0171k\u00f6d\u00f6tt majd Marosszentgy\u00f6rgy\u00f6n tan\u00edtott az \u00fajonnan l\u00e9trehozott rom\u00e1n \u00f3v\u00f3d\u00e1ban (1937 \u2013 1940). Marosszentkir\u00e1lyon volt (1940\u201345), majd visszat\u00e9rt posztj\u00e1ra (1950-ig). <br \/><strong>Irod.:<\/strong> S\u00e2ngeorgiu de Mure\u015f: 1940\u20131944; S\u00e2ngeorgiu de Mure\u015f \u2013 \u015ecoala; Sz\u00e9kelyf\u00f6ld \u00ed.k.<\/br><\/p>\n","protected":false},"excerpt":{"rendered":"<p>Borgani\u2013Putna, 1909. szept. 25., \u2020\u00a0? : \u00f3v\u00f3n\u0151. \u2013 Iskol\u00e1it Buk.-ben v\u00e9gezte \u00e9s oklevelet szerzett (1927). Mint \u00f3v\u00f3n\u0151 Lemh\u00e9nyben, Gyergy\u00f3ditr\u00f3n \u00e9s Gyergy\u00f3remet\u00e9n m\u0171k\u00f6d\u00f6tt majd Marosszentgy\u00f6rgy\u00f6n tan\u00edtott az \u00fajonnan l\u00e9trehozott rom\u00e1n \u00f3v\u00f3d\u00e1ban (1937 \u2013 1940). Marosszentkir\u00e1lyon volt (1940\u201345), majd visszat\u00e9rt posztj\u00e1ra (1950-ig). Irod.: S\u00e2ngeorgiu de Mure\u015f: 1940\u20131944; S\u00e2ngeorgiu de Mure\u015f \u2013 \u015ecoala; Sz\u00e9kelyf\u00f6ld \u00ed.k.<\/p>\n","protected":false},"featured_media":0,"comment_status":"open","ping_status":"closed","template":"","meta":[],"product_brand":[],"product_cat":[137],"product_tag":[],"class_list":{"0":"post-18724","1":"product","2":"type-product","3":"status-publish","5":"product_cat-maros-megyei-eletrajzi-lexikon","7":"first","8":"instock","9":"shipping-taxable","10":"product-type-simple"},"_links":{"self":[{"href":"https:\/\/uj.adatbank.ro\/lexikon\/wp-json\/wp\/v2\/product\/18724","targetHints":{"allow":["GET"]}}],"collection":[{"href":"https:\/\/uj.adatbank.ro\/lexikon\/wp-json\/wp\/v2\/product"}],"about":[{"href":"https:\/\/uj.adatbank.ro\/lexikon\/wp-json\/wp\/v2\/types\/product"}],"replies":[{"embeddable":true,"href":"https:\/\/uj.adatbank.ro\/lexikon\/wp-json\/wp\/v2\/comments?post=18724"}],"wp:attachment":[{"href":"https:\/\/uj.adatbank.ro\/lexikon\/wp-json\/wp\/v2\/media?parent=18724"}],"wp:term":[{"taxonomy":"product_brand","embeddable":true,"href":"https:\/\/uj.adatbank.ro\/lexikon\/wp-json\/wp\/v2\/product_brand?post=18724"},{"taxonomy":"product_cat","embeddable":true,"href":"https:\/\/uj.adatbank.ro\/lexikon\/wp-json\/wp\/v2\/product_cat?post=18724"},{"taxonomy":"product_tag","embeddable":true,"href":"https:\/\/uj.adatbank.ro\/lexikon\/wp-json\/wp\/v2\/product_tag?post=18724"}],"curies":[{"name":"wp","href":"https:\/\/api.w.org\/{rel}","templated":true}]}}