{"id":18728,"date":"2025-07-16T11:03:25","date_gmt":"2025-07-16T09:03:25","guid":{"rendered":"https:\/\/uj.adatbank.ro\/lexikon\/termek\/pozsonyi-ignac\/"},"modified":"2025-07-16T11:03:25","modified_gmt":"2025-07-16T09:03:25","slug":"pozsonyi-ignac","status":"publish","type":"product","link":"https:\/\/uj.adatbank.ro\/lexikon\/termek\/pozsonyi-ignac\/","title":{"rendered":"POZSONYI Ign\u00e1c"},"content":{"rendered":"<p>Sz\u00e1szr\u00e9gen, 1897., \u2020\u00a0?: k\u00f6rjegyz\u0151. \u2013 Tanulm\u00e1nyait Mv.-en v\u00e9gezte oklevelet nyert (1919). Az els\u0151 vh.-ban a 62. gy. e.-ben az orosz \u00e9s az olasz fronton harcolt, mint z\u00e1szl\u00f3s szerelt le. P\u00f3k\u00e1n f\u0151jegyz\u0151 (1940\u2013). <br \/><strong>Irod.:<\/strong> Sz\u00e9kelyf\u00f6ld \u00ed.k.<\/br><\/p>\n","protected":false},"excerpt":{"rendered":"<p>Sz\u00e1szr\u00e9gen, 1897., \u2020\u00a0?: k\u00f6rjegyz\u0151. \u2013 Tanulm\u00e1nyait Mv.-en v\u00e9gezte oklevelet nyert (1919). Az els\u0151 vh.-ban a 62. gy. e.-ben az orosz \u00e9s az olasz fronton harcolt, mint z\u00e1szl\u00f3s szerelt le. P\u00f3k\u00e1n f\u0151jegyz\u0151 (1940\u2013). Irod.: Sz\u00e9kelyf\u00f6ld \u00ed.k.<\/p>\n","protected":false},"featured_media":0,"comment_status":"open","ping_status":"closed","template":"","meta":[],"product_brand":[],"product_cat":[137],"product_tag":[],"class_list":{"0":"post-18728","1":"product","2":"type-product","3":"status-publish","5":"product_cat-maros-megyei-eletrajzi-lexikon","7":"first","8":"instock","9":"shipping-taxable","10":"product-type-simple"},"_links":{"self":[{"href":"https:\/\/uj.adatbank.ro\/lexikon\/wp-json\/wp\/v2\/product\/18728","targetHints":{"allow":["GET"]}}],"collection":[{"href":"https:\/\/uj.adatbank.ro\/lexikon\/wp-json\/wp\/v2\/product"}],"about":[{"href":"https:\/\/uj.adatbank.ro\/lexikon\/wp-json\/wp\/v2\/types\/product"}],"replies":[{"embeddable":true,"href":"https:\/\/uj.adatbank.ro\/lexikon\/wp-json\/wp\/v2\/comments?post=18728"}],"wp:attachment":[{"href":"https:\/\/uj.adatbank.ro\/lexikon\/wp-json\/wp\/v2\/media?parent=18728"}],"wp:term":[{"taxonomy":"product_brand","embeddable":true,"href":"https:\/\/uj.adatbank.ro\/lexikon\/wp-json\/wp\/v2\/product_brand?post=18728"},{"taxonomy":"product_cat","embeddable":true,"href":"https:\/\/uj.adatbank.ro\/lexikon\/wp-json\/wp\/v2\/product_cat?post=18728"},{"taxonomy":"product_tag","embeddable":true,"href":"https:\/\/uj.adatbank.ro\/lexikon\/wp-json\/wp\/v2\/product_tag?post=18728"}],"curies":[{"name":"wp","href":"https:\/\/api.w.org\/{rel}","templated":true}]}}