{"id":18730,"date":"2025-07-16T11:03:29","date_gmt":"2025-07-16T09:03:29","guid":{"rendered":"https:\/\/uj.adatbank.ro\/lexikon\/termek\/pragai-istvan\/"},"modified":"2025-07-16T11:03:29","modified_gmt":"2025-07-16T09:03:29","slug":"pragai-istvan","status":"publish","type":"product","link":"https:\/\/uj.adatbank.ro\/lexikon\/termek\/pragai-istvan\/","title":{"rendered":"PR\u00c1GAI Istv\u00e1n"},"content":{"rendered":"<p>? \u2020\u00a0?: titk\u00e1r; g\u00e9p\u00e9sz = Gagyi J\u00f3zsef. \u2018\u2019P\u00e1rtos\u00edtott\u2019\u2019 \u00e9rtelmis\u00e9g (L\u00e1t\u00f3, 1.sz. 2006)<\/br><\/p>\n","protected":false},"excerpt":{"rendered":"<p>? \u2020\u00a0?: titk\u00e1r; g\u00e9p\u00e9sz = Gagyi J\u00f3zsef. \u2018\u2019P\u00e1rtos\u00edtott\u2019\u2019 \u00e9rtelmis\u00e9g (L\u00e1t\u00f3, 1.sz. 2006)<\/p>\n","protected":false},"featured_media":0,"comment_status":"open","ping_status":"closed","template":"","meta":[],"product_brand":[],"product_cat":[137],"product_tag":[],"class_list":{"0":"post-18730","1":"product","2":"type-product","3":"status-publish","5":"product_cat-maros-megyei-eletrajzi-lexikon","7":"first","8":"instock","9":"shipping-taxable","10":"product-type-simple"},"_links":{"self":[{"href":"https:\/\/uj.adatbank.ro\/lexikon\/wp-json\/wp\/v2\/product\/18730","targetHints":{"allow":["GET"]}}],"collection":[{"href":"https:\/\/uj.adatbank.ro\/lexikon\/wp-json\/wp\/v2\/product"}],"about":[{"href":"https:\/\/uj.adatbank.ro\/lexikon\/wp-json\/wp\/v2\/types\/product"}],"replies":[{"embeddable":true,"href":"https:\/\/uj.adatbank.ro\/lexikon\/wp-json\/wp\/v2\/comments?post=18730"}],"wp:attachment":[{"href":"https:\/\/uj.adatbank.ro\/lexikon\/wp-json\/wp\/v2\/media?parent=18730"}],"wp:term":[{"taxonomy":"product_brand","embeddable":true,"href":"https:\/\/uj.adatbank.ro\/lexikon\/wp-json\/wp\/v2\/product_brand?post=18730"},{"taxonomy":"product_cat","embeddable":true,"href":"https:\/\/uj.adatbank.ro\/lexikon\/wp-json\/wp\/v2\/product_cat?post=18730"},{"taxonomy":"product_tag","embeddable":true,"href":"https:\/\/uj.adatbank.ro\/lexikon\/wp-json\/wp\/v2\/product_tag?post=18730"}],"curies":[{"name":"wp","href":"https:\/\/api.w.org\/{rel}","templated":true}]}}