{"id":18734,"date":"2025-07-16T11:03:38","date_gmt":"2025-07-16T09:03:38","guid":{"rendered":"https:\/\/uj.adatbank.ro\/lexikon\/termek\/precup-a\/"},"modified":"2025-07-16T11:03:38","modified_gmt":"2025-07-16T09:03:38","slug":"precup-a","status":"publish","type":"product","link":"https:\/\/uj.adatbank.ro\/lexikon\/termek\/precup-a\/","title":{"rendered":"PRECUP, A."},"content":{"rendered":"<p>? \u2020\u00a0?. <br \/><strong>Irod.:<\/strong> Dragomir, Silviu: Studii \u015fi documente privitoare la rev. Rom\u00e2nilor din Transilvania \u00een anii 1848\u201349 (Sibiu, 1944)<\/br><\/p>\n","protected":false},"excerpt":{"rendered":"<p>? \u2020\u00a0?. Irod.: Dragomir, Silviu: Studii \u015fi documente privitoare la rev. Rom\u00e2nilor din Transilvania \u00een anii 1848\u201349 (Sibiu, 1944)<\/p>\n","protected":false},"featured_media":0,"comment_status":"open","ping_status":"closed","template":"","meta":[],"product_brand":[],"product_cat":[137],"product_tag":[],"class_list":{"0":"post-18734","1":"product","2":"type-product","3":"status-publish","5":"product_cat-maros-megyei-eletrajzi-lexikon","7":"first","8":"instock","9":"shipping-taxable","10":"product-type-simple"},"_links":{"self":[{"href":"https:\/\/uj.adatbank.ro\/lexikon\/wp-json\/wp\/v2\/product\/18734","targetHints":{"allow":["GET"]}}],"collection":[{"href":"https:\/\/uj.adatbank.ro\/lexikon\/wp-json\/wp\/v2\/product"}],"about":[{"href":"https:\/\/uj.adatbank.ro\/lexikon\/wp-json\/wp\/v2\/types\/product"}],"replies":[{"embeddable":true,"href":"https:\/\/uj.adatbank.ro\/lexikon\/wp-json\/wp\/v2\/comments?post=18734"}],"wp:attachment":[{"href":"https:\/\/uj.adatbank.ro\/lexikon\/wp-json\/wp\/v2\/media?parent=18734"}],"wp:term":[{"taxonomy":"product_brand","embeddable":true,"href":"https:\/\/uj.adatbank.ro\/lexikon\/wp-json\/wp\/v2\/product_brand?post=18734"},{"taxonomy":"product_cat","embeddable":true,"href":"https:\/\/uj.adatbank.ro\/lexikon\/wp-json\/wp\/v2\/product_cat?post=18734"},{"taxonomy":"product_tag","embeddable":true,"href":"https:\/\/uj.adatbank.ro\/lexikon\/wp-json\/wp\/v2\/product_tag?post=18734"}],"curies":[{"name":"wp","href":"https:\/\/api.w.org\/{rel}","templated":true}]}}