{"id":18735,"date":"2025-07-16T11:03:39","date_gmt":"2025-07-16T09:03:39","guid":{"rendered":"https:\/\/uj.adatbank.ro\/lexikon\/termek\/precup-alexandru\/"},"modified":"2025-07-16T11:03:39","modified_gmt":"2025-07-16T09:03:39","slug":"precup-alexandru","status":"publish","type":"product","link":"https:\/\/uj.adatbank.ro\/lexikon\/termek\/precup-alexandru\/","title":{"rendered":"PRECUP, Alexandru"},"content":{"rendered":"<p>? \u2020 ?: g. kat. pap. \u2013 Marosludason szolg\u00e1lt. A ludasi memorandist\u00e1kkal ment B\u00e9csbe k\u00f6vetelni a cs\u00e1sz\u00e1rt\u00f3l a rom\u00e1nok jogait (1894. \u00e1pr. ). <br \/><strong>Irod.:<\/strong> A\u0163inti\u015f<\/br><\/p>\n","protected":false},"excerpt":{"rendered":"<p>? \u2020 ?: g. kat. pap. \u2013 Marosludason szolg\u00e1lt. A ludasi memorandist\u00e1kkal ment B\u00e9csbe k\u00f6vetelni a cs\u00e1sz\u00e1rt\u00f3l a rom\u00e1nok jogait (1894. \u00e1pr. ). Irod.: A\u0163inti\u015f<\/p>\n","protected":false},"featured_media":0,"comment_status":"open","ping_status":"closed","template":"","meta":[],"product_brand":[],"product_cat":[137],"product_tag":[],"class_list":{"0":"post-18735","1":"product","2":"type-product","3":"status-publish","5":"product_cat-maros-megyei-eletrajzi-lexikon","7":"first","8":"instock","9":"shipping-taxable","10":"product-type-simple"},"_links":{"self":[{"href":"https:\/\/uj.adatbank.ro\/lexikon\/wp-json\/wp\/v2\/product\/18735","targetHints":{"allow":["GET"]}}],"collection":[{"href":"https:\/\/uj.adatbank.ro\/lexikon\/wp-json\/wp\/v2\/product"}],"about":[{"href":"https:\/\/uj.adatbank.ro\/lexikon\/wp-json\/wp\/v2\/types\/product"}],"replies":[{"embeddable":true,"href":"https:\/\/uj.adatbank.ro\/lexikon\/wp-json\/wp\/v2\/comments?post=18735"}],"wp:attachment":[{"href":"https:\/\/uj.adatbank.ro\/lexikon\/wp-json\/wp\/v2\/media?parent=18735"}],"wp:term":[{"taxonomy":"product_brand","embeddable":true,"href":"https:\/\/uj.adatbank.ro\/lexikon\/wp-json\/wp\/v2\/product_brand?post=18735"},{"taxonomy":"product_cat","embeddable":true,"href":"https:\/\/uj.adatbank.ro\/lexikon\/wp-json\/wp\/v2\/product_cat?post=18735"},{"taxonomy":"product_tag","embeddable":true,"href":"https:\/\/uj.adatbank.ro\/lexikon\/wp-json\/wp\/v2\/product_tag?post=18735"}],"curies":[{"name":"wp","href":"https:\/\/api.w.org\/{rel}","templated":true}]}}