{"id":18736,"date":"2025-07-16T11:03:41","date_gmt":"2025-07-16T09:03:41","guid":{"rendered":"https:\/\/uj.adatbank.ro\/lexikon\/termek\/precup-alexandru-precup-alesandru\/"},"modified":"2025-07-16T11:03:41","modified_gmt":"2025-07-16T09:03:41","slug":"precup-alexandru-precup-alesandru","status":"publish","type":"product","link":"https:\/\/uj.adatbank.ro\/lexikon\/termek\/precup-alexandru-precup-alesandru\/","title":{"rendered":"PRECUP, Alexandru, Precup, Alesandru"},"content":{"rendered":"<p>1876.? \u2020\u00a0Mv., 1922. dec. 3.: t\u00e1virdavezet\u0151, postaigazgat\u00f3. \u2013 Testv\u00e9rei: dr. P. Emil, feles\u00e9ge Mera Eliza; P.Paula Grama Gavriln\u00e9; P. Alexandrina Maior Augustinn\u00e9; P. Ioana Gergely Victorn\u00e9; P. Petru, feles\u00e9ge Constan\u0163a; P. Maria Co\u015focariu Alexandru-n\u00e9; P. Ana \u00e9s P. Iuliana. Feles\u00e9ge: Covrig RozaBp.-en volt postatiszt, amikor a Korm\u00e1nyz\u00f3 Tan\u00e1cs kinevezte a mv.-i posta \u00e9l\u00e9re (1920), lev\u00e1ltva Csorba S\u00e1ndort, aki helyettesk\u00e9nt szolg\u00e1lt tov\u00e1bb. <br \/><strong>Irod.:<\/strong> Gy\u00e1szjelent\u0151; Id\u0151t\u00e1r 3<\/br><\/p>\n","protected":false},"excerpt":{"rendered":"<p>1876.? \u2020\u00a0Mv., 1922. dec. 3.: t\u00e1virdavezet\u0151, postaigazgat\u00f3. \u2013 Testv\u00e9rei: dr. P. Emil, feles\u00e9ge Mera Eliza; P.Paula Grama Gavriln\u00e9; P. Alexandrina Maior Augustinn\u00e9; P. Ioana Gergely Victorn\u00e9; P. Petru, feles\u00e9ge Constan\u0163a; P. Maria Co\u015focariu Alexandru-n\u00e9; P. Ana \u00e9s P. Iuliana. Feles\u00e9ge: Covrig RozaBp.-en volt postatiszt, amikor a Korm\u00e1nyz\u00f3 Tan\u00e1cs kinevezte a mv.-i posta \u00e9l\u00e9re (1920), lev\u00e1ltva [&hellip;]<\/p>\n","protected":false},"featured_media":0,"comment_status":"open","ping_status":"closed","template":"","meta":[],"product_brand":[],"product_cat":[137],"product_tag":[],"class_list":{"0":"post-18736","1":"product","2":"type-product","3":"status-publish","5":"product_cat-maros-megyei-eletrajzi-lexikon","7":"first","8":"instock","9":"shipping-taxable","10":"product-type-simple"},"_links":{"self":[{"href":"https:\/\/uj.adatbank.ro\/lexikon\/wp-json\/wp\/v2\/product\/18736","targetHints":{"allow":["GET"]}}],"collection":[{"href":"https:\/\/uj.adatbank.ro\/lexikon\/wp-json\/wp\/v2\/product"}],"about":[{"href":"https:\/\/uj.adatbank.ro\/lexikon\/wp-json\/wp\/v2\/types\/product"}],"replies":[{"embeddable":true,"href":"https:\/\/uj.adatbank.ro\/lexikon\/wp-json\/wp\/v2\/comments?post=18736"}],"wp:attachment":[{"href":"https:\/\/uj.adatbank.ro\/lexikon\/wp-json\/wp\/v2\/media?parent=18736"}],"wp:term":[{"taxonomy":"product_brand","embeddable":true,"href":"https:\/\/uj.adatbank.ro\/lexikon\/wp-json\/wp\/v2\/product_brand?post=18736"},{"taxonomy":"product_cat","embeddable":true,"href":"https:\/\/uj.adatbank.ro\/lexikon\/wp-json\/wp\/v2\/product_cat?post=18736"},{"taxonomy":"product_tag","embeddable":true,"href":"https:\/\/uj.adatbank.ro\/lexikon\/wp-json\/wp\/v2\/product_tag?post=18736"}],"curies":[{"name":"wp","href":"https:\/\/api.w.org\/{rel}","templated":true}]}}