{"id":1874,"date":"2025-06-28T11:56:11","date_gmt":"2025-06-28T09:56:11","guid":{"rendered":"https:\/\/uj.adatbank.ro\/lexikon\/termek\/bako-akos\/"},"modified":"2025-06-28T11:56:11","modified_gmt":"2025-06-28T09:56:11","slug":"bako-akos","status":"publish","type":"product","link":"https:\/\/uj.adatbank.ro\/lexikon\/termek\/bako-akos\/","title":{"rendered":"BAK\u00d3 \u00c1kos"},"content":{"rendered":"<p>Ny\u00e1r\u00e1dk\u00f6szv\u00e9nyes, 1922 ? \u2020 Mv., 1995. aug. 31.: \u00fajs\u00e1g\u00edr\u00f3. \u2013 Szovjet hadifogs\u00e1gba esett, haza\u00e9rt (1947). Az El\u0151re c. mv.-i lap volt munkat\u00e1rsa. <br \/><strong>Irod.:<\/strong> Berekm\u00e9ri; Nekrol\u00f3g] (N\u00fa., 1995. szept. 2.)<\/br><\/p>\n","protected":false},"excerpt":{"rendered":"<p>Ny\u00e1r\u00e1dk\u00f6szv\u00e9nyes, 1922 ? \u2020 Mv., 1995. aug. 31.: \u00fajs\u00e1g\u00edr\u00f3. \u2013 Szovjet hadifogs\u00e1gba esett, haza\u00e9rt (1947). Az El\u0151re c. mv.-i lap volt munkat\u00e1rsa. Irod.: Berekm\u00e9ri; Nekrol\u00f3g] (N\u00fa., 1995. szept. 2.)<\/p>\n","protected":false},"featured_media":0,"comment_status":"open","ping_status":"closed","template":"","meta":[],"product_brand":[],"product_cat":[137],"product_tag":[],"class_list":{"0":"post-1874","1":"product","2":"type-product","3":"status-publish","5":"product_cat-maros-megyei-eletrajzi-lexikon","7":"first","8":"instock","9":"shipping-taxable","10":"product-type-simple"},"_links":{"self":[{"href":"https:\/\/uj.adatbank.ro\/lexikon\/wp-json\/wp\/v2\/product\/1874","targetHints":{"allow":["GET"]}}],"collection":[{"href":"https:\/\/uj.adatbank.ro\/lexikon\/wp-json\/wp\/v2\/product"}],"about":[{"href":"https:\/\/uj.adatbank.ro\/lexikon\/wp-json\/wp\/v2\/types\/product"}],"replies":[{"embeddable":true,"href":"https:\/\/uj.adatbank.ro\/lexikon\/wp-json\/wp\/v2\/comments?post=1874"}],"wp:attachment":[{"href":"https:\/\/uj.adatbank.ro\/lexikon\/wp-json\/wp\/v2\/media?parent=1874"}],"wp:term":[{"taxonomy":"product_brand","embeddable":true,"href":"https:\/\/uj.adatbank.ro\/lexikon\/wp-json\/wp\/v2\/product_brand?post=1874"},{"taxonomy":"product_cat","embeddable":true,"href":"https:\/\/uj.adatbank.ro\/lexikon\/wp-json\/wp\/v2\/product_cat?post=1874"},{"taxonomy":"product_tag","embeddable":true,"href":"https:\/\/uj.adatbank.ro\/lexikon\/wp-json\/wp\/v2\/product_tag?post=1874"}],"curies":[{"name":"wp","href":"https:\/\/api.w.org\/{rel}","templated":true}]}}