{"id":18745,"date":"2025-07-16T11:04:02","date_gmt":"2025-07-16T09:04:02","guid":{"rendered":"https:\/\/uj.adatbank.ro\/lexikon\/termek\/precup-teodor\/"},"modified":"2025-07-16T11:04:02","modified_gmt":"2025-07-16T09:04:02","slug":"precup-teodor","status":"publish","type":"product","link":"https:\/\/uj.adatbank.ro\/lexikon\/termek\/precup-teodor\/","title":{"rendered":"PRECUP, Teodor"},"content":{"rendered":"<p>? \u2020\u00a0?: g. kat. pap. \u2013 &#8211; Radn\u00f3tf\u00e1j\u00e1n (1836\u201342). Magatart\u00e1sa miatt konfliktusba keveredett a h\u00edvekkel. <br \/><strong>Irod.:<\/strong> Dobozi; Reghin, Protopopiat<\/br><\/p>\n","protected":false},"excerpt":{"rendered":"<p>? \u2020\u00a0?: g. kat. pap. \u2013 &#8211; Radn\u00f3tf\u00e1j\u00e1n (1836\u201342). Magatart\u00e1sa miatt konfliktusba keveredett a h\u00edvekkel. Irod.: Dobozi; Reghin, Protopopiat<\/p>\n","protected":false},"featured_media":0,"comment_status":"open","ping_status":"closed","template":"","meta":[],"product_brand":[],"product_cat":[137],"product_tag":[],"class_list":{"0":"post-18745","1":"product","2":"type-product","3":"status-publish","5":"product_cat-maros-megyei-eletrajzi-lexikon","7":"first","8":"instock","9":"shipping-taxable","10":"product-type-simple"},"_links":{"self":[{"href":"https:\/\/uj.adatbank.ro\/lexikon\/wp-json\/wp\/v2\/product\/18745","targetHints":{"allow":["GET"]}}],"collection":[{"href":"https:\/\/uj.adatbank.ro\/lexikon\/wp-json\/wp\/v2\/product"}],"about":[{"href":"https:\/\/uj.adatbank.ro\/lexikon\/wp-json\/wp\/v2\/types\/product"}],"replies":[{"embeddable":true,"href":"https:\/\/uj.adatbank.ro\/lexikon\/wp-json\/wp\/v2\/comments?post=18745"}],"wp:attachment":[{"href":"https:\/\/uj.adatbank.ro\/lexikon\/wp-json\/wp\/v2\/media?parent=18745"}],"wp:term":[{"taxonomy":"product_brand","embeddable":true,"href":"https:\/\/uj.adatbank.ro\/lexikon\/wp-json\/wp\/v2\/product_brand?post=18745"},{"taxonomy":"product_cat","embeddable":true,"href":"https:\/\/uj.adatbank.ro\/lexikon\/wp-json\/wp\/v2\/product_cat?post=18745"},{"taxonomy":"product_tag","embeddable":true,"href":"https:\/\/uj.adatbank.ro\/lexikon\/wp-json\/wp\/v2\/product_tag?post=18745"}],"curies":[{"name":"wp","href":"https:\/\/api.w.org\/{rel}","templated":true}]}}